

{"id":1124,"date":"2025-04-22T14:03:44","date_gmt":"2025-04-22T18:03:44","guid":{"rendered":"https:\/\/pro-print.ca\/shop\/uncategorized\/presse-revoria-e1136-e1125-e1110-e1100\/"},"modified":"2025-04-22T14:03:44","modified_gmt":"2025-04-22T18:03:44","slug":"presse-revoria-e1136-e1125-e1110-e1100","status":"publish","type":"product","link":"https:\/\/pro-print.ca\/fr\/boutique\/presses-numeriques-mono-et-couleur\/presse-revoria-e1136-e1125-e1110-e1100\/","title":{"rendered":"Presse Revoria E1136 \/ E1125 \/ E1110 \/ E1100"},"content":{"rendered":"<h3>Description du produit<\/h3>\n<ul class=\"list-bullet\">\n<li>Vitesse d&rsquo;impression exceptionnelle de 136 <sup> ppm*<\/sup>.<\/li>\n<li>Les chargeurs et empileurs de grande capacit\u00e9 permettent l&rsquo;impression de masse en continu.<\/li>\n<li>Offre la toute derni\u00e8re gamme de finisseurs. Insertion de couvertures, rognage sur trois c\u00f4t\u00e9s et livret agraf\u00e9 \u00e0 cheval avec dos carr\u00e9 pris en charge. <\/li>\n<li>Le r\u00e9glage simple de la qualit\u00e9 de l&rsquo;image (SIQA) facilite l&rsquo;ajustement de l&rsquo;alignement.<\/li>\n<li>\u00c9quip\u00e9 de diverses fonctions de copie et de num\u00e9risation utiles pour le travail de bureau.<\/li>\n<\/ul>\n<ul class=\"notice-list\">\n<li class=\"nl_1char\">* A4 LEF, Revoria Press E1136.<\/li>\n<\/ul>\n<h4><strong>Technologies permettant l&rsquo;impression \u00e0 grande vitesse<\/strong><\/h4>\n<p>Une impression continue \u00e0 grande vitesse de 136 <sup> ppm*1<\/sup> a \u00e9t\u00e9 r\u00e9alis\u00e9e pour les impressions recto et recto-verso.<br \/>\nUne fusion fiable sur du papier transport\u00e9 \u00e0 grande vitesse est d\u00e9sormais possible gr\u00e2ce au toner EA-Eco <sup> LGK*2<\/sup> qui permet de fusionner \u00e0 une temp\u00e9rature inf\u00e9rieure \u00e0 celle des mod\u00e8les existants et \u00e0 une unit\u00e9 de fusion de type rouleau qui fournit une chaleur constante.<\/p>\n<ul class=\"notice-list\">\n<li class=\"nl_num\">*1 : Pour la Revoria Press E1136 avec A4 LEF sur l&rsquo;impression continue du m\u00eame document original.<\/li>\n<li class=\"nl_num\">*2 : EA : Agr\u00e9gation de l&rsquo;\u00e9mulsion. LGK : Kuro \u00e0 faible brillance (noir). <\/li>\n<\/ul>\n","protected":false},"excerpt":{"rendered":"<p>Description du produit Vitesse d&rsquo;impression exceptionnelle de 136 ppm*. Les chargeurs et empileurs de grande capacit\u00e9 permettent l&rsquo;impression de masse en continu. Offre la toute derni\u00e8re gamme de finisseurs. Insertion de couvertures, rognage sur trois c\u00f4t\u00e9s et livret agraf\u00e9 \u00e0 cheval avec dos carr\u00e9 pris en charge. Le r\u00e9glage simple de la qualit\u00e9 de l&rsquo;image [&hellip;]<\/p>\n","protected":false},"featured_media":1126,"comment_status":"open","ping_status":"closed","template":"","meta":{"_acf_changed":false,"_et_pb_use_builder":"","_et_pb_old_content":"","_et_gb_content_width":""},"product_brand":[],"product_cat":[73],"product_tag":[],"class_list":{"0":"post-1124","1":"product","2":"type-product","3":"status-publish","4":"has-post-thumbnail","6":"product_cat-presses-numeriques-mono-et-couleur","8":"first","9":"instock","10":"shipping-taxable","11":"purchasable","12":"product-type-simple"},"acf":[],"yoast_head":"<!-- This site is optimized with the Yoast SEO plugin v26.1 - https:\/\/yoast.com\/wordpress\/plugins\/seo\/ -->\n<title>Presse Revoria E1136 \/ E1125 \/ E1110 \/ E1100 - Pro Print<\/title>\n<meta name=\"robots\" content=\"index, follow, max-snippet:-1, max-image-preview:large, max-video-preview:-1\" \/>\n<link rel=\"canonical\" href=\"https:\/\/pro-print.ca\/shop\/uncategorized\/presse-revoria-e1136-e1125-e1110-e1100\/\" \/>\n<meta property=\"og:locale\" content=\"fr_FR\" \/>\n<meta property=\"og:type\" content=\"article\" \/>\n<meta property=\"og:title\" content=\"Presse Revoria E1136 \/ E1125 \/ E1110 \/ E1100 - Pro Print\" \/>\n<meta property=\"og:description\" content=\"Description du produit Vitesse d&rsquo;impression exceptionnelle de 136 ppm*. Les chargeurs et empileurs de grande capacit\u00e9 permettent l&rsquo;impression de masse en continu. Offre la toute derni\u00e8re gamme de finisseurs. Insertion de couvertures, rognage sur trois c\u00f4t\u00e9s et livret agraf\u00e9 \u00e0 cheval avec dos carr\u00e9 pris en charge. Le r\u00e9glage simple de la qualit\u00e9 de l&rsquo;image [&hellip;]\" \/>\n<meta property=\"og:url\" content=\"https:\/\/pro-print.ca\/shop\/uncategorized\/presse-revoria-e1136-e1125-e1110-e1100\/\" \/>\n<meta property=\"og:site_name\" content=\"Pro Print\" \/>\n<meta property=\"article:publisher\" content=\"https:\/\/www.facebook.com\/profile.php?id=61574781855025\" \/>\n<meta name=\"twitter:card\" content=\"summary_large_image\" \/>\n<meta name=\"twitter:label1\" content=\"Est. reading time\" \/>\n\t<meta name=\"twitter:data1\" content=\"1 minute\" \/>\n<script type=\"application\/ld+json\" class=\"yoast-schema-graph\">{\"@context\":\"https:\/\/schema.org\",\"@graph\":[{\"@type\":\"WebPage\",\"@id\":\"https:\/\/pro-print.ca\/shop\/uncategorized\/presse-revoria-e1136-e1125-e1110-e1100\/\",\"url\":\"https:\/\/pro-print.ca\/shop\/uncategorized\/presse-revoria-e1136-e1125-e1110-e1100\/\",\"name\":\"Presse Revoria E1136 \/ E1125 \/ E1110 \/ E1100 - Pro Print\",\"isPartOf\":{\"@id\":\"https:\/\/pro-print.ca\/#website\"},\"primaryImageOfPage\":{\"@id\":\"https:\/\/pro-print.ca\/shop\/uncategorized\/presse-revoria-e1136-e1125-e1110-e1100\/#primaryimage\"},\"image\":{\"@id\":\"https:\/\/pro-print.ca\/shop\/uncategorized\/presse-revoria-e1136-e1125-e1110-e1100\/#primaryimage\"},\"thumbnailUrl\":\"https:\/\/pro-print.ca\/wp-content\/uploads\/2025\/04\/Fuji-Film-Revoria-Press-e1100-1.png\",\"datePublished\":\"2025-04-22T18:03:44+00:00\",\"breadcrumb\":{\"@id\":\"https:\/\/pro-print.ca\/shop\/uncategorized\/presse-revoria-e1136-e1125-e1110-e1100\/#breadcrumb\"},\"inLanguage\":\"fr-FR\",\"potentialAction\":[{\"@type\":\"ReadAction\",\"target\":[\"https:\/\/pro-print.ca\/shop\/uncategorized\/presse-revoria-e1136-e1125-e1110-e1100\/\"]}]},{\"@type\":\"ImageObject\",\"inLanguage\":\"fr-FR\",\"@id\":\"https:\/\/pro-print.ca\/shop\/uncategorized\/presse-revoria-e1136-e1125-e1110-e1100\/#primaryimage\",\"url\":\"https:\/\/pro-print.ca\/wp-content\/uploads\/2025\/04\/Fuji-Film-Revoria-Press-e1100-1.png\",\"contentUrl\":\"https:\/\/pro-print.ca\/wp-content\/uploads\/2025\/04\/Fuji-Film-Revoria-Press-e1100-1.png\",\"width\":2197,\"height\":403},{\"@type\":\"BreadcrumbList\",\"@id\":\"https:\/\/pro-print.ca\/shop\/uncategorized\/presse-revoria-e1136-e1125-e1110-e1100\/#breadcrumb\",\"itemListElement\":[{\"@type\":\"ListItem\",\"position\":1,\"name\":\"Home\",\"item\":\"https:\/\/pro-print.ca\/\"},{\"@type\":\"ListItem\",\"position\":2,\"name\":\"Boutique\",\"item\":\"https:\/\/pro-print.ca\/fr\/boutique\/\"},{\"@type\":\"ListItem\",\"position\":3,\"name\":\"Presse Revoria E1136 \/ E1125 \/ E1110 \/ E1100\"}]},{\"@type\":\"WebSite\",\"@id\":\"https:\/\/pro-print.ca\/#website\",\"url\":\"https:\/\/pro-print.ca\/\",\"name\":\"Pro Print\",\"description\":\"Your print, our priority\",\"publisher\":{\"@id\":\"https:\/\/pro-print.ca\/#organization\"},\"potentialAction\":[{\"@type\":\"SearchAction\",\"target\":{\"@type\":\"EntryPoint\",\"urlTemplate\":\"https:\/\/pro-print.ca\/?s={search_term_string}\"},\"query-input\":{\"@type\":\"PropertyValueSpecification\",\"valueRequired\":true,\"valueName\":\"search_term_string\"}}],\"inLanguage\":\"fr-FR\"},{\"@type\":\"Organization\",\"@id\":\"https:\/\/pro-print.ca\/#organization\",\"name\":\"Pro Print\",\"url\":\"https:\/\/pro-print.ca\/\",\"logo\":{\"@type\":\"ImageObject\",\"inLanguage\":\"fr-FR\",\"@id\":\"https:\/\/pro-print.ca\/#\/schema\/logo\/image\/\",\"url\":\"https:\/\/pro-print.ca\/wp-content\/uploads\/2025\/04\/pro_print_logotype_on_blue.png\",\"contentUrl\":\"https:\/\/pro-print.ca\/wp-content\/uploads\/2025\/04\/pro_print_logotype_on_blue.png\",\"width\":4164,\"height\":1500,\"caption\":\"Pro Print\"},\"image\":{\"@id\":\"https:\/\/pro-print.ca\/#\/schema\/logo\/image\/\"},\"sameAs\":[\"https:\/\/www.facebook.com\/profile.php?id=61574781855025\",\"https:\/\/www.linkedin.com\/company\/pro-print-managed-solutions\"]}]}<\/script>\n<!-- \/ Yoast SEO plugin. -->","yoast_head_json":{"title":"Presse Revoria E1136 \/ E1125 \/ E1110 \/ E1100 - Pro Print","robots":{"index":"index","follow":"follow","max-snippet":"max-snippet:-1","max-image-preview":"max-image-preview:large","max-video-preview":"max-video-preview:-1"},"canonical":"https:\/\/pro-print.ca\/shop\/uncategorized\/presse-revoria-e1136-e1125-e1110-e1100\/","og_locale":"fr_FR","og_type":"article","og_title":"Presse Revoria E1136 \/ E1125 \/ E1110 \/ E1100 - Pro Print","og_description":"Description du produit Vitesse d&rsquo;impression exceptionnelle de 136 ppm*. Les chargeurs et empileurs de grande capacit\u00e9 permettent l&rsquo;impression de masse en continu. Offre la toute derni\u00e8re gamme de finisseurs. Insertion de couvertures, rognage sur trois c\u00f4t\u00e9s et livret agraf\u00e9 \u00e0 cheval avec dos carr\u00e9 pris en charge. Le r\u00e9glage simple de la qualit\u00e9 de l&rsquo;image [&hellip;]","og_url":"https:\/\/pro-print.ca\/shop\/uncategorized\/presse-revoria-e1136-e1125-e1110-e1100\/","og_site_name":"Pro Print","article_publisher":"https:\/\/www.facebook.com\/profile.php?id=61574781855025","twitter_card":"summary_large_image","twitter_misc":{"Est. reading time":"1 minute"},"schema":{"@context":"https:\/\/schema.org","@graph":[{"@type":"WebPage","@id":"https:\/\/pro-print.ca\/shop\/uncategorized\/presse-revoria-e1136-e1125-e1110-e1100\/","url":"https:\/\/pro-print.ca\/shop\/uncategorized\/presse-revoria-e1136-e1125-e1110-e1100\/","name":"Presse Revoria E1136 \/ E1125 \/ E1110 \/ E1100 - Pro Print","isPartOf":{"@id":"https:\/\/pro-print.ca\/#website"},"primaryImageOfPage":{"@id":"https:\/\/pro-print.ca\/shop\/uncategorized\/presse-revoria-e1136-e1125-e1110-e1100\/#primaryimage"},"image":{"@id":"https:\/\/pro-print.ca\/shop\/uncategorized\/presse-revoria-e1136-e1125-e1110-e1100\/#primaryimage"},"thumbnailUrl":"https:\/\/pro-print.ca\/wp-content\/uploads\/2025\/04\/Fuji-Film-Revoria-Press-e1100-1.png","datePublished":"2025-04-22T18:03:44+00:00","breadcrumb":{"@id":"https:\/\/pro-print.ca\/shop\/uncategorized\/presse-revoria-e1136-e1125-e1110-e1100\/#breadcrumb"},"inLanguage":"fr-FR","potentialAction":[{"@type":"ReadAction","target":["https:\/\/pro-print.ca\/shop\/uncategorized\/presse-revoria-e1136-e1125-e1110-e1100\/"]}]},{"@type":"ImageObject","inLanguage":"fr-FR","@id":"https:\/\/pro-print.ca\/shop\/uncategorized\/presse-revoria-e1136-e1125-e1110-e1100\/#primaryimage","url":"https:\/\/pro-print.ca\/wp-content\/uploads\/2025\/04\/Fuji-Film-Revoria-Press-e1100-1.png","contentUrl":"https:\/\/pro-print.ca\/wp-content\/uploads\/2025\/04\/Fuji-Film-Revoria-Press-e1100-1.png","width":2197,"height":403},{"@type":"BreadcrumbList","@id":"https:\/\/pro-print.ca\/shop\/uncategorized\/presse-revoria-e1136-e1125-e1110-e1100\/#breadcrumb","itemListElement":[{"@type":"ListItem","position":1,"name":"Home","item":"https:\/\/pro-print.ca\/"},{"@type":"ListItem","position":2,"name":"Boutique","item":"https:\/\/pro-print.ca\/fr\/boutique\/"},{"@type":"ListItem","position":3,"name":"Presse Revoria E1136 \/ E1125 \/ E1110 \/ E1100"}]},{"@type":"WebSite","@id":"https:\/\/pro-print.ca\/#website","url":"https:\/\/pro-print.ca\/","name":"Pro Print","description":"Your print, our priority","publisher":{"@id":"https:\/\/pro-print.ca\/#organization"},"potentialAction":[{"@type":"SearchAction","target":{"@type":"EntryPoint","urlTemplate":"https:\/\/pro-print.ca\/?s={search_term_string}"},"query-input":{"@type":"PropertyValueSpecification","valueRequired":true,"valueName":"search_term_string"}}],"inLanguage":"fr-FR"},{"@type":"Organization","@id":"https:\/\/pro-print.ca\/#organization","name":"Pro Print","url":"https:\/\/pro-print.ca\/","logo":{"@type":"ImageObject","inLanguage":"fr-FR","@id":"https:\/\/pro-print.ca\/#\/schema\/logo\/image\/","url":"https:\/\/pro-print.ca\/wp-content\/uploads\/2025\/04\/pro_print_logotype_on_blue.png","contentUrl":"https:\/\/pro-print.ca\/wp-content\/uploads\/2025\/04\/pro_print_logotype_on_blue.png","width":4164,"height":1500,"caption":"Pro Print"},"image":{"@id":"https:\/\/pro-print.ca\/#\/schema\/logo\/image\/"},"sameAs":["https:\/\/www.facebook.com\/profile.php?id=61574781855025","https:\/\/www.linkedin.com\/company\/pro-print-managed-solutions"]}]}},"_links":{"self":[{"href":"https:\/\/pro-print.ca\/fr\/wp-json\/wp\/v2\/product\/1124","targetHints":{"allow":["GET"]}}],"collection":[{"href":"https:\/\/pro-print.ca\/fr\/wp-json\/wp\/v2\/product"}],"about":[{"href":"https:\/\/pro-print.ca\/fr\/wp-json\/wp\/v2\/types\/product"}],"replies":[{"embeddable":true,"href":"https:\/\/pro-print.ca\/fr\/wp-json\/wp\/v2\/comments?post=1124"}],"wp:featuredmedia":[{"embeddable":true,"href":"https:\/\/pro-print.ca\/fr\/wp-json\/wp\/v2\/media\/1126"}],"wp:attachment":[{"href":"https:\/\/pro-print.ca\/fr\/wp-json\/wp\/v2\/media?parent=1124"}],"wp:term":[{"taxonomy":"product_brand","embeddable":true,"href":"https:\/\/pro-print.ca\/fr\/wp-json\/wp\/v2\/product_brand?post=1124"},{"taxonomy":"product_cat","embeddable":true,"href":"https:\/\/pro-print.ca\/fr\/wp-json\/wp\/v2\/product_cat?post=1124"},{"taxonomy":"product_tag","embeddable":true,"href":"https:\/\/pro-print.ca\/fr\/wp-json\/wp\/v2\/product_tag?post=1124"}],"curies":[{"name":"wp","href":"https:\/\/api.w.org\/{rel}","templated":true}]}}