

{"id":1120,"date":"2025-04-22T14:03:44","date_gmt":"2025-04-22T18:03:44","guid":{"rendered":"https:\/\/pro-print.ca\/shop\/uncategorized\/accuriopress-c7100-c7090\/"},"modified":"2025-04-22T14:03:44","modified_gmt":"2025-04-22T18:03:44","slug":"accuriopress-c7100-c7090","status":"publish","type":"product","link":"https:\/\/pro-print.ca\/fr\/boutique\/mono-and-color-digital-presses\/accuriopress-c7100-c7090\/","title":{"rendered":"AccurioPress C7100\/C7090"},"content":{"rendered":"<p>Repensez l&rsquo;agilit\u00e9 avec notre toute nouvelle presse \u00e0 toner CMYK pour feuilles coup\u00e9es, l&rsquo;AccurioPress C7100 et C7090. Faites une forte impression. D\u00e9veloppez votre activit\u00e9 avec une presse qui travaille plus intelligemment, et non plus difficilement. Optimisez vos performances d&rsquo;impression, offrez des possibilit\u00e9s d&rsquo;impression avanc\u00e9es et cr\u00e9atives (y compris des images d&rsquo;excellente qualit\u00e9 \u00e0 fond perdu) ! Cr\u00e9ez de la valeur pour vos clients et augmentez les d\u00e9lais d&rsquo;ex\u00e9cution gr\u00e2ce \u00e0 la technologie innovante des C7100 et C7090. Propulsez votre entreprise vers un succ\u00e8s accru.     <\/p>\n<p><strong>Impression \u00e0 grande vitesse<\/strong>: Impression \u00e0 grande vitesse \u00e0 partir de 90\/100 ppm avec une vitesse d&rsquo;impression maximale sur tous les grammages de support, ce qui permet d&rsquo;obtenir les d\u00e9lais d&rsquo;ex\u00e9cution rapides dont ont besoin les ateliers d&rsquo;impression tr\u00e8s actifs.<\/p>\n<p><strong>Sortie productive de longues feuilles<\/strong>: L&rsquo;unit\u00e9 d&rsquo;alimentation sous vide PF-812 \u00e0 grande capacit\u00e9 et \u00e0 feuilles longues peut traiter des supports de 8,27&Prime; x 8,27&Prime; jusqu&rsquo;\u00e0 13&Prime; x 35,4&Prime;, ce qui permet d&rsquo;obtenir une productivit\u00e9 \u00e9lev\u00e9e lors de l&rsquo;impression recto-verso de feuilles de 35,4 pouces.<\/p>\n<p><strong>Polyvalence des supports<\/strong>: Imprimez des supports de 52 g\/m\u00b2 \u00e0 400 g\/m\u00b2 avec la num\u00e9risation en option.<\/p>\n<p><strong>Qualit\u00e9 automatis\u00e9e<\/strong>: L&rsquo;IQ-501, avec sa technologie d&rsquo;inspection automatique, assure une qualit\u00e9 constante des couleurs et de l&rsquo;enregistrement et garantit que toutes les impressions sont conformes aux attentes, ce qui permet de gagner du temps et de r\u00e9duire les d\u00e9chets.<\/p>\n<p><strong>Finition professionnelle<\/strong>: une grande vari\u00e9t\u00e9 de finitions professionnelles est disponible pour produire un produit enti\u00e8rement rogn\u00e9 :<\/p>\n<ul>\n<li>Livres cousus \u00e0 cheval<\/li>\n<li>Livres parfaitement reli\u00e9s<\/li>\n<li>Poin\u00e7onnage GBC<\/li>\n<li>Reliure \u00e0 fil<\/li>\n<li>Sortie pli\u00e9e<\/li>\n<li>Cartes de visite<\/li>\n<li>Cartes postales<\/li>\n<\/ul>\n<p>Et bien plus encore.<\/p>\n","protected":false},"excerpt":{"rendered":"<p>Repensez l&rsquo;agilit\u00e9 avec notre toute nouvelle presse \u00e0 toner CMYK pour feuilles coup\u00e9es, l&rsquo;AccurioPress C7100 et C7090. Faites une forte impression. D\u00e9veloppez votre activit\u00e9 avec une presse qui travaille plus intelligemment, et non plus difficilement. Optimisez vos performances d&rsquo;impression, offrez des possibilit\u00e9s d&rsquo;impression avanc\u00e9es et cr\u00e9atives (y compris des images d&rsquo;excellente qualit\u00e9 \u00e0 fond perdu) [&hellip;]<\/p>\n","protected":false},"featured_media":1122,"comment_status":"open","ping_status":"closed","template":"","meta":{"_acf_changed":false,"_et_pb_use_builder":"","_et_pb_old_content":"","_et_gb_content_width":""},"product_brand":[],"product_cat":[35],"product_tag":[],"class_list":{"0":"post-1120","1":"product","2":"type-product","3":"status-publish","4":"has-post-thumbnail","6":"product_cat-mono-and-color-digital-presses","8":"first","9":"instock","10":"shipping-taxable","11":"purchasable","12":"product-type-simple"},"acf":[],"yoast_head":"<!-- This site is optimized with the Yoast SEO plugin v26.1 - https:\/\/yoast.com\/wordpress\/plugins\/seo\/ -->\n<title>AccurioPress C7100\/C7090 - Pro Print<\/title>\n<meta name=\"robots\" content=\"index, follow, max-snippet:-1, max-image-preview:large, max-video-preview:-1\" \/>\n<link rel=\"canonical\" href=\"https:\/\/pro-print.ca\/shop\/uncategorized\/accuriopress-c7100-c7090\/\" \/>\n<meta property=\"og:locale\" content=\"fr_FR\" \/>\n<meta property=\"og:type\" content=\"article\" \/>\n<meta property=\"og:title\" content=\"AccurioPress C7100\/C7090 - Pro Print\" \/>\n<meta property=\"og:description\" content=\"Repensez l&rsquo;agilit\u00e9 avec notre toute nouvelle presse \u00e0 toner CMYK pour feuilles coup\u00e9es, l&rsquo;AccurioPress C7100 et C7090. Faites une forte impression. D\u00e9veloppez votre activit\u00e9 avec une presse qui travaille plus intelligemment, et non plus difficilement. Optimisez vos performances d&rsquo;impression, offrez des possibilit\u00e9s d&rsquo;impression avanc\u00e9es et cr\u00e9atives (y compris des images d&rsquo;excellente qualit\u00e9 \u00e0 fond perdu) [&hellip;]\" \/>\n<meta property=\"og:url\" content=\"https:\/\/pro-print.ca\/shop\/uncategorized\/accuriopress-c7100-c7090\/\" \/>\n<meta property=\"og:site_name\" content=\"Pro Print\" \/>\n<meta property=\"article:publisher\" content=\"https:\/\/www.facebook.com\/profile.php?id=61574781855025\" \/>\n<meta name=\"twitter:card\" content=\"summary_large_image\" \/>\n<meta name=\"twitter:label1\" content=\"Est. reading time\" \/>\n\t<meta name=\"twitter:data1\" content=\"1 minute\" \/>\n<script type=\"application\/ld+json\" class=\"yoast-schema-graph\">{\"@context\":\"https:\/\/schema.org\",\"@graph\":[{\"@type\":\"WebPage\",\"@id\":\"https:\/\/pro-print.ca\/shop\/uncategorized\/accuriopress-c7100-c7090\/\",\"url\":\"https:\/\/pro-print.ca\/shop\/uncategorized\/accuriopress-c7100-c7090\/\",\"name\":\"AccurioPress C7100\/C7090 - Pro Print\",\"isPartOf\":{\"@id\":\"https:\/\/pro-print.ca\/#website\"},\"primaryImageOfPage\":{\"@id\":\"https:\/\/pro-print.ca\/shop\/uncategorized\/accuriopress-c7100-c7090\/#primaryimage\"},\"image\":{\"@id\":\"https:\/\/pro-print.ca\/shop\/uncategorized\/accuriopress-c7100-c7090\/#primaryimage\"},\"thumbnailUrl\":\"https:\/\/pro-print.ca\/wp-content\/uploads\/2025\/04\/Konica-Minolta-AccurioPress-C7100.png\",\"datePublished\":\"2025-04-22T18:03:44+00:00\",\"breadcrumb\":{\"@id\":\"https:\/\/pro-print.ca\/shop\/uncategorized\/accuriopress-c7100-c7090\/#breadcrumb\"},\"inLanguage\":\"fr-FR\",\"potentialAction\":[{\"@type\":\"ReadAction\",\"target\":[\"https:\/\/pro-print.ca\/shop\/uncategorized\/accuriopress-c7100-c7090\/\"]}]},{\"@type\":\"ImageObject\",\"inLanguage\":\"fr-FR\",\"@id\":\"https:\/\/pro-print.ca\/shop\/uncategorized\/accuriopress-c7100-c7090\/#primaryimage\",\"url\":\"https:\/\/pro-print.ca\/wp-content\/uploads\/2025\/04\/Konica-Minolta-AccurioPress-C7100.png\",\"contentUrl\":\"https:\/\/pro-print.ca\/wp-content\/uploads\/2025\/04\/Konica-Minolta-AccurioPress-C7100.png\",\"width\":488,\"height\":96},{\"@type\":\"BreadcrumbList\",\"@id\":\"https:\/\/pro-print.ca\/shop\/uncategorized\/accuriopress-c7100-c7090\/#breadcrumb\",\"itemListElement\":[{\"@type\":\"ListItem\",\"position\":1,\"name\":\"Home\",\"item\":\"https:\/\/pro-print.ca\/\"},{\"@type\":\"ListItem\",\"position\":2,\"name\":\"Boutique\",\"item\":\"https:\/\/pro-print.ca\/fr\/boutique\/\"},{\"@type\":\"ListItem\",\"position\":3,\"name\":\"AccurioPress C7100\/C7090\"}]},{\"@type\":\"WebSite\",\"@id\":\"https:\/\/pro-print.ca\/#website\",\"url\":\"https:\/\/pro-print.ca\/\",\"name\":\"Pro Print\",\"description\":\"Your print, our priority\",\"publisher\":{\"@id\":\"https:\/\/pro-print.ca\/#organization\"},\"potentialAction\":[{\"@type\":\"SearchAction\",\"target\":{\"@type\":\"EntryPoint\",\"urlTemplate\":\"https:\/\/pro-print.ca\/?s={search_term_string}\"},\"query-input\":{\"@type\":\"PropertyValueSpecification\",\"valueRequired\":true,\"valueName\":\"search_term_string\"}}],\"inLanguage\":\"fr-FR\"},{\"@type\":\"Organization\",\"@id\":\"https:\/\/pro-print.ca\/#organization\",\"name\":\"Pro Print\",\"url\":\"https:\/\/pro-print.ca\/\",\"logo\":{\"@type\":\"ImageObject\",\"inLanguage\":\"fr-FR\",\"@id\":\"https:\/\/pro-print.ca\/#\/schema\/logo\/image\/\",\"url\":\"https:\/\/pro-print.ca\/wp-content\/uploads\/2025\/04\/pro_print_logotype_on_blue.png\",\"contentUrl\":\"https:\/\/pro-print.ca\/wp-content\/uploads\/2025\/04\/pro_print_logotype_on_blue.png\",\"width\":4164,\"height\":1500,\"caption\":\"Pro Print\"},\"image\":{\"@id\":\"https:\/\/pro-print.ca\/#\/schema\/logo\/image\/\"},\"sameAs\":[\"https:\/\/www.facebook.com\/profile.php?id=61574781855025\",\"https:\/\/www.linkedin.com\/company\/pro-print-managed-solutions\"]}]}<\/script>\n<!-- \/ Yoast SEO plugin. -->","yoast_head_json":{"title":"AccurioPress C7100\/C7090 - Pro Print","robots":{"index":"index","follow":"follow","max-snippet":"max-snippet:-1","max-image-preview":"max-image-preview:large","max-video-preview":"max-video-preview:-1"},"canonical":"https:\/\/pro-print.ca\/shop\/uncategorized\/accuriopress-c7100-c7090\/","og_locale":"fr_FR","og_type":"article","og_title":"AccurioPress C7100\/C7090 - Pro Print","og_description":"Repensez l&rsquo;agilit\u00e9 avec notre toute nouvelle presse \u00e0 toner CMYK pour feuilles coup\u00e9es, l&rsquo;AccurioPress C7100 et C7090. Faites une forte impression. D\u00e9veloppez votre activit\u00e9 avec une presse qui travaille plus intelligemment, et non plus difficilement. Optimisez vos performances d&rsquo;impression, offrez des possibilit\u00e9s d&rsquo;impression avanc\u00e9es et cr\u00e9atives (y compris des images d&rsquo;excellente qualit\u00e9 \u00e0 fond perdu) [&hellip;]","og_url":"https:\/\/pro-print.ca\/shop\/uncategorized\/accuriopress-c7100-c7090\/","og_site_name":"Pro Print","article_publisher":"https:\/\/www.facebook.com\/profile.php?id=61574781855025","twitter_card":"summary_large_image","twitter_misc":{"Est. reading time":"1 minute"},"schema":{"@context":"https:\/\/schema.org","@graph":[{"@type":"WebPage","@id":"https:\/\/pro-print.ca\/shop\/uncategorized\/accuriopress-c7100-c7090\/","url":"https:\/\/pro-print.ca\/shop\/uncategorized\/accuriopress-c7100-c7090\/","name":"AccurioPress C7100\/C7090 - Pro Print","isPartOf":{"@id":"https:\/\/pro-print.ca\/#website"},"primaryImageOfPage":{"@id":"https:\/\/pro-print.ca\/shop\/uncategorized\/accuriopress-c7100-c7090\/#primaryimage"},"image":{"@id":"https:\/\/pro-print.ca\/shop\/uncategorized\/accuriopress-c7100-c7090\/#primaryimage"},"thumbnailUrl":"https:\/\/pro-print.ca\/wp-content\/uploads\/2025\/04\/Konica-Minolta-AccurioPress-C7100.png","datePublished":"2025-04-22T18:03:44+00:00","breadcrumb":{"@id":"https:\/\/pro-print.ca\/shop\/uncategorized\/accuriopress-c7100-c7090\/#breadcrumb"},"inLanguage":"fr-FR","potentialAction":[{"@type":"ReadAction","target":["https:\/\/pro-print.ca\/shop\/uncategorized\/accuriopress-c7100-c7090\/"]}]},{"@type":"ImageObject","inLanguage":"fr-FR","@id":"https:\/\/pro-print.ca\/shop\/uncategorized\/accuriopress-c7100-c7090\/#primaryimage","url":"https:\/\/pro-print.ca\/wp-content\/uploads\/2025\/04\/Konica-Minolta-AccurioPress-C7100.png","contentUrl":"https:\/\/pro-print.ca\/wp-content\/uploads\/2025\/04\/Konica-Minolta-AccurioPress-C7100.png","width":488,"height":96},{"@type":"BreadcrumbList","@id":"https:\/\/pro-print.ca\/shop\/uncategorized\/accuriopress-c7100-c7090\/#breadcrumb","itemListElement":[{"@type":"ListItem","position":1,"name":"Home","item":"https:\/\/pro-print.ca\/"},{"@type":"ListItem","position":2,"name":"Boutique","item":"https:\/\/pro-print.ca\/fr\/boutique\/"},{"@type":"ListItem","position":3,"name":"AccurioPress C7100\/C7090"}]},{"@type":"WebSite","@id":"https:\/\/pro-print.ca\/#website","url":"https:\/\/pro-print.ca\/","name":"Pro Print","description":"Your print, our priority","publisher":{"@id":"https:\/\/pro-print.ca\/#organization"},"potentialAction":[{"@type":"SearchAction","target":{"@type":"EntryPoint","urlTemplate":"https:\/\/pro-print.ca\/?s={search_term_string}"},"query-input":{"@type":"PropertyValueSpecification","valueRequired":true,"valueName":"search_term_string"}}],"inLanguage":"fr-FR"},{"@type":"Organization","@id":"https:\/\/pro-print.ca\/#organization","name":"Pro Print","url":"https:\/\/pro-print.ca\/","logo":{"@type":"ImageObject","inLanguage":"fr-FR","@id":"https:\/\/pro-print.ca\/#\/schema\/logo\/image\/","url":"https:\/\/pro-print.ca\/wp-content\/uploads\/2025\/04\/pro_print_logotype_on_blue.png","contentUrl":"https:\/\/pro-print.ca\/wp-content\/uploads\/2025\/04\/pro_print_logotype_on_blue.png","width":4164,"height":1500,"caption":"Pro Print"},"image":{"@id":"https:\/\/pro-print.ca\/#\/schema\/logo\/image\/"},"sameAs":["https:\/\/www.facebook.com\/profile.php?id=61574781855025","https:\/\/www.linkedin.com\/company\/pro-print-managed-solutions"]}]}},"_links":{"self":[{"href":"https:\/\/pro-print.ca\/fr\/wp-json\/wp\/v2\/product\/1120","targetHints":{"allow":["GET"]}}],"collection":[{"href":"https:\/\/pro-print.ca\/fr\/wp-json\/wp\/v2\/product"}],"about":[{"href":"https:\/\/pro-print.ca\/fr\/wp-json\/wp\/v2\/types\/product"}],"replies":[{"embeddable":true,"href":"https:\/\/pro-print.ca\/fr\/wp-json\/wp\/v2\/comments?post=1120"}],"wp:featuredmedia":[{"embeddable":true,"href":"https:\/\/pro-print.ca\/fr\/wp-json\/wp\/v2\/media\/1122"}],"wp:attachment":[{"href":"https:\/\/pro-print.ca\/fr\/wp-json\/wp\/v2\/media?parent=1120"}],"wp:term":[{"taxonomy":"product_brand","embeddable":true,"href":"https:\/\/pro-print.ca\/fr\/wp-json\/wp\/v2\/product_brand?post=1120"},{"taxonomy":"product_cat","embeddable":true,"href":"https:\/\/pro-print.ca\/fr\/wp-json\/wp\/v2\/product_cat?post=1120"},{"taxonomy":"product_tag","embeddable":true,"href":"https:\/\/pro-print.ca\/fr\/wp-json\/wp\/v2\/product_tag?post=1120"}],"curies":[{"name":"wp","href":"https:\/\/api.w.org\/{rel}","templated":true}]}}