

{"id":1108,"date":"2025-04-22T14:03:45","date_gmt":"2025-04-22T18:03:45","guid":{"rendered":"https:\/\/pro-print.ca\/shop\/uncategorized\/presse-revoria-ec1100\/"},"modified":"2025-04-22T14:03:45","modified_gmt":"2025-04-22T18:03:45","slug":"presse-revoria-ec1100","status":"publish","type":"product","link":"https:\/\/pro-print.ca\/fr\/boutique\/presses-numeriques-mono-et-couleur\/presse-revoria-ec1100\/","title":{"rendered":"Presse Revoria EC1100"},"content":{"rendered":"<h3>Description du produit<\/h3>\n<p>La Revoria Press EC1100 prend en charge de mani\u00e8re optimale un large \u00e9ventail d&rsquo;applications et de finitions cr\u00e9atives. Elle offre une r\u00e9solution d&rsquo;image de qualit\u00e9 \u00e0 des vitesses d&rsquo;impression plus rapides, ce qui permet d&rsquo;obtenir des images plus \u00e9clatantes, des d\u00e9grad\u00e9s plus fluides et des textes plus nets.<br \/>\nOutre ses fonctions de finition attrayantes, l&rsquo;imprimante est \u00e9galement capable de g\u00e9rer les papiers longs et les papiers \u00e0 fort grammage.<\/p>\n<h4><strong>Vitesse maximale de 100 ppm et productivit\u00e9 \u00e9lev\u00e9e pour les travaux sur supports mixtes<\/strong><\/h4>\n<p>Obtenez un taux d&rsquo;utilisation \u00e9lev\u00e9 gr\u00e2ce au moteur d&rsquo;impression haute performance qui produit \u00e0 100 <sup> ppm*1<\/sup>. Imprimez des travaux <sup> mixtes*2<\/sup> de papier couch\u00e9 et non couch\u00e9 avec un minimum de temps d&rsquo;arr\u00eat et un ajustement de la qualit\u00e9 d&rsquo;image optimis\u00e9 lors du changement de papier. Le chargeur \u00e0 aspiration d&rsquo;air permet \u00e9galement d&rsquo;imprimer du papier long de 330 x 1 200 mm \u00e0 une vitesse de 16 ppm.  <\/p>\n<ul class=\"notice-list\">\n<li class=\"nl_num\">*1 : 52 \u00e0 300 g\/m\u00b2, A4.<\/li>\n<li class=\"nl_num\">*2 : Lorsque le m\u00eame format de papier et le m\u00eame mode de priorit\u00e9 de vitesse sont s\u00e9lectionn\u00e9s.<\/li>\n<\/ul>\n","protected":false},"excerpt":{"rendered":"<p>Description du produit La Revoria Press EC1100 prend en charge de mani\u00e8re optimale un large \u00e9ventail d&rsquo;applications et de finitions cr\u00e9atives. Elle offre une r\u00e9solution d&rsquo;image de qualit\u00e9 \u00e0 des vitesses d&rsquo;impression plus rapides, ce qui permet d&rsquo;obtenir des images plus \u00e9clatantes, des d\u00e9grad\u00e9s plus fluides et des textes plus nets. Outre ses fonctions de [&hellip;]<\/p>\n","protected":false},"featured_media":1110,"comment_status":"open","ping_status":"closed","template":"","meta":{"_acf_changed":false,"_et_pb_use_builder":"","_et_pb_old_content":"","_et_gb_content_width":""},"product_brand":[],"product_cat":[73],"product_tag":[],"class_list":{"0":"post-1108","1":"product","2":"type-product","3":"status-publish","4":"has-post-thumbnail","6":"product_cat-presses-numeriques-mono-et-couleur","8":"first","9":"instock","10":"shipping-taxable","11":"purchasable","12":"product-type-simple"},"acf":[],"yoast_head":"<!-- This site is optimized with the Yoast SEO plugin v26.1 - https:\/\/yoast.com\/wordpress\/plugins\/seo\/ -->\n<title>Presse Revoria EC1100 - Pro Print<\/title>\n<meta name=\"robots\" content=\"index, follow, max-snippet:-1, max-image-preview:large, max-video-preview:-1\" \/>\n<link rel=\"canonical\" href=\"https:\/\/pro-print.ca\/shop\/uncategorized\/presse-revoria-ec1100\/\" \/>\n<meta property=\"og:locale\" content=\"fr_FR\" \/>\n<meta property=\"og:type\" content=\"article\" \/>\n<meta property=\"og:title\" content=\"Presse Revoria EC1100 - Pro Print\" \/>\n<meta property=\"og:description\" content=\"Description du produit La Revoria Press EC1100 prend en charge de mani\u00e8re optimale un large \u00e9ventail d&rsquo;applications et de finitions cr\u00e9atives. Elle offre une r\u00e9solution d&rsquo;image de qualit\u00e9 \u00e0 des vitesses d&rsquo;impression plus rapides, ce qui permet d&rsquo;obtenir des images plus \u00e9clatantes, des d\u00e9grad\u00e9s plus fluides et des textes plus nets. Outre ses fonctions de [&hellip;]\" \/>\n<meta property=\"og:url\" content=\"https:\/\/pro-print.ca\/shop\/uncategorized\/presse-revoria-ec1100\/\" \/>\n<meta property=\"og:site_name\" content=\"Pro Print\" \/>\n<meta property=\"article:publisher\" content=\"https:\/\/www.facebook.com\/profile.php?id=61574781855025\" \/>\n<meta name=\"twitter:card\" content=\"summary_large_image\" \/>\n<meta name=\"twitter:label1\" content=\"Est. reading time\" \/>\n\t<meta name=\"twitter:data1\" content=\"1 minute\" \/>\n<script type=\"application\/ld+json\" class=\"yoast-schema-graph\">{\"@context\":\"https:\/\/schema.org\",\"@graph\":[{\"@type\":\"WebPage\",\"@id\":\"https:\/\/pro-print.ca\/shop\/uncategorized\/presse-revoria-ec1100\/\",\"url\":\"https:\/\/pro-print.ca\/shop\/uncategorized\/presse-revoria-ec1100\/\",\"name\":\"Presse Revoria EC1100 - Pro Print\",\"isPartOf\":{\"@id\":\"https:\/\/pro-print.ca\/#website\"},\"primaryImageOfPage\":{\"@id\":\"https:\/\/pro-print.ca\/shop\/uncategorized\/presse-revoria-ec1100\/#primaryimage\"},\"image\":{\"@id\":\"https:\/\/pro-print.ca\/shop\/uncategorized\/presse-revoria-ec1100\/#primaryimage\"},\"thumbnailUrl\":\"https:\/\/pro-print.ca\/wp-content\/uploads\/2025\/04\/Fujifilm-Revoria-Press-EC1100.png\",\"datePublished\":\"2025-04-22T18:03:45+00:00\",\"breadcrumb\":{\"@id\":\"https:\/\/pro-print.ca\/shop\/uncategorized\/presse-revoria-ec1100\/#breadcrumb\"},\"inLanguage\":\"fr-FR\",\"potentialAction\":[{\"@type\":\"ReadAction\",\"target\":[\"https:\/\/pro-print.ca\/shop\/uncategorized\/presse-revoria-ec1100\/\"]}]},{\"@type\":\"ImageObject\",\"inLanguage\":\"fr-FR\",\"@id\":\"https:\/\/pro-print.ca\/shop\/uncategorized\/presse-revoria-ec1100\/#primaryimage\",\"url\":\"https:\/\/pro-print.ca\/wp-content\/uploads\/2025\/04\/Fujifilm-Revoria-Press-EC1100.png\",\"contentUrl\":\"https:\/\/pro-print.ca\/wp-content\/uploads\/2025\/04\/Fujifilm-Revoria-Press-EC1100.png\",\"width\":1800,\"height\":288},{\"@type\":\"BreadcrumbList\",\"@id\":\"https:\/\/pro-print.ca\/shop\/uncategorized\/presse-revoria-ec1100\/#breadcrumb\",\"itemListElement\":[{\"@type\":\"ListItem\",\"position\":1,\"name\":\"Home\",\"item\":\"https:\/\/pro-print.ca\/\"},{\"@type\":\"ListItem\",\"position\":2,\"name\":\"Boutique\",\"item\":\"https:\/\/pro-print.ca\/fr\/boutique\/\"},{\"@type\":\"ListItem\",\"position\":3,\"name\":\"Presse Revoria EC1100\"}]},{\"@type\":\"WebSite\",\"@id\":\"https:\/\/pro-print.ca\/#website\",\"url\":\"https:\/\/pro-print.ca\/\",\"name\":\"Pro Print\",\"description\":\"Your print, our priority\",\"publisher\":{\"@id\":\"https:\/\/pro-print.ca\/#organization\"},\"potentialAction\":[{\"@type\":\"SearchAction\",\"target\":{\"@type\":\"EntryPoint\",\"urlTemplate\":\"https:\/\/pro-print.ca\/?s={search_term_string}\"},\"query-input\":{\"@type\":\"PropertyValueSpecification\",\"valueRequired\":true,\"valueName\":\"search_term_string\"}}],\"inLanguage\":\"fr-FR\"},{\"@type\":\"Organization\",\"@id\":\"https:\/\/pro-print.ca\/#organization\",\"name\":\"Pro Print\",\"url\":\"https:\/\/pro-print.ca\/\",\"logo\":{\"@type\":\"ImageObject\",\"inLanguage\":\"fr-FR\",\"@id\":\"https:\/\/pro-print.ca\/#\/schema\/logo\/image\/\",\"url\":\"https:\/\/pro-print.ca\/wp-content\/uploads\/2025\/04\/pro_print_logotype_on_blue.png\",\"contentUrl\":\"https:\/\/pro-print.ca\/wp-content\/uploads\/2025\/04\/pro_print_logotype_on_blue.png\",\"width\":4164,\"height\":1500,\"caption\":\"Pro Print\"},\"image\":{\"@id\":\"https:\/\/pro-print.ca\/#\/schema\/logo\/image\/\"},\"sameAs\":[\"https:\/\/www.facebook.com\/profile.php?id=61574781855025\",\"https:\/\/www.linkedin.com\/company\/pro-print-managed-solutions\"]}]}<\/script>\n<!-- \/ Yoast SEO plugin. -->","yoast_head_json":{"title":"Presse Revoria EC1100 - Pro Print","robots":{"index":"index","follow":"follow","max-snippet":"max-snippet:-1","max-image-preview":"max-image-preview:large","max-video-preview":"max-video-preview:-1"},"canonical":"https:\/\/pro-print.ca\/shop\/uncategorized\/presse-revoria-ec1100\/","og_locale":"fr_FR","og_type":"article","og_title":"Presse Revoria EC1100 - Pro Print","og_description":"Description du produit La Revoria Press EC1100 prend en charge de mani\u00e8re optimale un large \u00e9ventail d&rsquo;applications et de finitions cr\u00e9atives. Elle offre une r\u00e9solution d&rsquo;image de qualit\u00e9 \u00e0 des vitesses d&rsquo;impression plus rapides, ce qui permet d&rsquo;obtenir des images plus \u00e9clatantes, des d\u00e9grad\u00e9s plus fluides et des textes plus nets. Outre ses fonctions de [&hellip;]","og_url":"https:\/\/pro-print.ca\/shop\/uncategorized\/presse-revoria-ec1100\/","og_site_name":"Pro Print","article_publisher":"https:\/\/www.facebook.com\/profile.php?id=61574781855025","twitter_card":"summary_large_image","twitter_misc":{"Est. reading time":"1 minute"},"schema":{"@context":"https:\/\/schema.org","@graph":[{"@type":"WebPage","@id":"https:\/\/pro-print.ca\/shop\/uncategorized\/presse-revoria-ec1100\/","url":"https:\/\/pro-print.ca\/shop\/uncategorized\/presse-revoria-ec1100\/","name":"Presse Revoria EC1100 - Pro Print","isPartOf":{"@id":"https:\/\/pro-print.ca\/#website"},"primaryImageOfPage":{"@id":"https:\/\/pro-print.ca\/shop\/uncategorized\/presse-revoria-ec1100\/#primaryimage"},"image":{"@id":"https:\/\/pro-print.ca\/shop\/uncategorized\/presse-revoria-ec1100\/#primaryimage"},"thumbnailUrl":"https:\/\/pro-print.ca\/wp-content\/uploads\/2025\/04\/Fujifilm-Revoria-Press-EC1100.png","datePublished":"2025-04-22T18:03:45+00:00","breadcrumb":{"@id":"https:\/\/pro-print.ca\/shop\/uncategorized\/presse-revoria-ec1100\/#breadcrumb"},"inLanguage":"fr-FR","potentialAction":[{"@type":"ReadAction","target":["https:\/\/pro-print.ca\/shop\/uncategorized\/presse-revoria-ec1100\/"]}]},{"@type":"ImageObject","inLanguage":"fr-FR","@id":"https:\/\/pro-print.ca\/shop\/uncategorized\/presse-revoria-ec1100\/#primaryimage","url":"https:\/\/pro-print.ca\/wp-content\/uploads\/2025\/04\/Fujifilm-Revoria-Press-EC1100.png","contentUrl":"https:\/\/pro-print.ca\/wp-content\/uploads\/2025\/04\/Fujifilm-Revoria-Press-EC1100.png","width":1800,"height":288},{"@type":"BreadcrumbList","@id":"https:\/\/pro-print.ca\/shop\/uncategorized\/presse-revoria-ec1100\/#breadcrumb","itemListElement":[{"@type":"ListItem","position":1,"name":"Home","item":"https:\/\/pro-print.ca\/"},{"@type":"ListItem","position":2,"name":"Boutique","item":"https:\/\/pro-print.ca\/fr\/boutique\/"},{"@type":"ListItem","position":3,"name":"Presse Revoria EC1100"}]},{"@type":"WebSite","@id":"https:\/\/pro-print.ca\/#website","url":"https:\/\/pro-print.ca\/","name":"Pro Print","description":"Your print, our priority","publisher":{"@id":"https:\/\/pro-print.ca\/#organization"},"potentialAction":[{"@type":"SearchAction","target":{"@type":"EntryPoint","urlTemplate":"https:\/\/pro-print.ca\/?s={search_term_string}"},"query-input":{"@type":"PropertyValueSpecification","valueRequired":true,"valueName":"search_term_string"}}],"inLanguage":"fr-FR"},{"@type":"Organization","@id":"https:\/\/pro-print.ca\/#organization","name":"Pro Print","url":"https:\/\/pro-print.ca\/","logo":{"@type":"ImageObject","inLanguage":"fr-FR","@id":"https:\/\/pro-print.ca\/#\/schema\/logo\/image\/","url":"https:\/\/pro-print.ca\/wp-content\/uploads\/2025\/04\/pro_print_logotype_on_blue.png","contentUrl":"https:\/\/pro-print.ca\/wp-content\/uploads\/2025\/04\/pro_print_logotype_on_blue.png","width":4164,"height":1500,"caption":"Pro Print"},"image":{"@id":"https:\/\/pro-print.ca\/#\/schema\/logo\/image\/"},"sameAs":["https:\/\/www.facebook.com\/profile.php?id=61574781855025","https:\/\/www.linkedin.com\/company\/pro-print-managed-solutions"]}]}},"_links":{"self":[{"href":"https:\/\/pro-print.ca\/fr\/wp-json\/wp\/v2\/product\/1108","targetHints":{"allow":["GET"]}}],"collection":[{"href":"https:\/\/pro-print.ca\/fr\/wp-json\/wp\/v2\/product"}],"about":[{"href":"https:\/\/pro-print.ca\/fr\/wp-json\/wp\/v2\/types\/product"}],"replies":[{"embeddable":true,"href":"https:\/\/pro-print.ca\/fr\/wp-json\/wp\/v2\/comments?post=1108"}],"wp:featuredmedia":[{"embeddable":true,"href":"https:\/\/pro-print.ca\/fr\/wp-json\/wp\/v2\/media\/1110"}],"wp:attachment":[{"href":"https:\/\/pro-print.ca\/fr\/wp-json\/wp\/v2\/media?parent=1108"}],"wp:term":[{"taxonomy":"product_brand","embeddable":true,"href":"https:\/\/pro-print.ca\/fr\/wp-json\/wp\/v2\/product_brand?post=1108"},{"taxonomy":"product_cat","embeddable":true,"href":"https:\/\/pro-print.ca\/fr\/wp-json\/wp\/v2\/product_cat?post=1108"},{"taxonomy":"product_tag","embeddable":true,"href":"https:\/\/pro-print.ca\/fr\/wp-json\/wp\/v2\/product_tag?post=1108"}],"curies":[{"name":"wp","href":"https:\/\/api.w.org\/{rel}","templated":true}]}}