

{"id":1105,"date":"2025-04-22T14:03:35","date_gmt":"2025-04-22T18:03:35","guid":{"rendered":"https:\/\/pro-print.ca\/shop\/uncategorized\/accurioprint-c4065\/"},"modified":"2025-04-22T14:03:35","modified_gmt":"2025-04-22T18:03:35","slug":"accurioprint-c4065","status":"publish","type":"product","link":"https:\/\/pro-print.ca\/fr\/boutique\/presses-numeriques-mono-et-couleur\/accurioprint-c4065\/","title":{"rendered":"AccurioPrint C4065"},"content":{"rendered":"<h3>Description du produit<\/h3>\n<p>La presse num\u00e9rique AccurioPrint C4065 offre productivit\u00e9 et polyvalence dans une unit\u00e9 compacte et abordable. C&rsquo;est la presse num\u00e9rique id\u00e9ale pour les imprimeries \u00e0 faible volume, les services de reprographie des entreprises et les environnements de bureau. La qualit\u00e9 exceptionnelle de l&rsquo;image et de la couleur, la polyvalence des supports et la rapidit\u00e9 de production de 65 ppm en couleur ou 80 ppm en noir et blanc font de cette presse une solution \u00e0 la fois rentable et de grande valeur pour les professionnels de l&rsquo;impression. Disponible avec finition livret et agrafe, cette presse num\u00e9rique flexible peut produire des feuilles recto-verso jusqu&rsquo;\u00e0 34 pouces de long et des enveloppes avec facilit\u00e9 et sans avoir besoin d&rsquo;une unit\u00e9 de fusion suppl\u00e9mentaire. L&rsquo;AccurioPrint C4065 offre toutes les fonctionnalit\u00e9s n\u00e9cessaires pour faire passer votre entreprise au niveau sup\u00e9rieur.    <\/p>\n<p><strong>Poids du papier 360 g\/m\u00b2<\/strong>: La polyvalence des supports jusqu&rsquo;\u00e0 360 g\/m\u00b2 offre un large \u00e9ventail de choix de papier et d&rsquo;applications d&rsquo;impression.<\/p>\n<p><strong>65 Colour \/ 80 BW<\/strong>: La vitesse \u00e9lev\u00e9e et la grande capacit\u00e9 de papier permettent d&rsquo;augmenter la productivit\u00e9 et d&rsquo;acc\u00e9l\u00e9rer les d\u00e9lais d&rsquo;ex\u00e9cution.<\/p>\n<p><strong>Applications \u00e9tendues<\/strong>: L&rsquo;AccurioPrint C4065 \u00e9largit votre gamme d&rsquo;applications gr\u00e2ce \u00e0 l&rsquo;impression recto-verso de feuilles d&rsquo;une longueur maximale de 34 pouces et \u00e0 l&rsquo;impression d&rsquo;enveloppes sans qu&rsquo;il soit n\u00e9cessaire d&rsquo;utiliser une unit\u00e9 de fusion suppl\u00e9mentaire.<\/p>\n<p><strong>Capteur de support intelligent :<\/strong> Ce capteur externe d\u00e9tecte automatiquement le poids et le type de papier du support. L&rsquo;AccurioPrint C4065 utilise les informations papier d\u00e9tect\u00e9es pour pr\u00e9senter \u00e0 l&rsquo;utilisateur des types de papier, des grammages et des suggestions de profil de papier. <\/p>\n<p><strong>Finition tout-en-un :<\/strong> b\u00e9n\u00e9ficiez d&rsquo;une productivit\u00e9 et d&rsquo;une polyvalence in\u00e9gal\u00e9es gr\u00e2ce aux diff\u00e9rentes options de finition, notamment la piq\u00fbre \u00e0 cheval, la perforation de livrets et la finition d&rsquo;agrafes.<\/p>\n","protected":false},"excerpt":{"rendered":"<p>Description du produit La presse num\u00e9rique AccurioPrint C4065 offre productivit\u00e9 et polyvalence dans une unit\u00e9 compacte et abordable. C&rsquo;est la presse num\u00e9rique id\u00e9ale pour les imprimeries \u00e0 faible volume, les services de reprographie des entreprises et les environnements de bureau. La qualit\u00e9 exceptionnelle de l&rsquo;image et de la couleur, la polyvalence des supports et la [&hellip;]<\/p>\n","protected":false},"featured_media":219,"comment_status":"open","ping_status":"closed","template":"","meta":{"_acf_changed":false,"_et_pb_use_builder":"","_et_pb_old_content":"","_et_gb_content_width":""},"product_brand":[],"product_cat":[73],"product_tag":[],"class_list":{"0":"post-1105","1":"product","2":"type-product","3":"status-publish","4":"has-post-thumbnail","6":"product_cat-presses-numeriques-mono-et-couleur","8":"first","9":"instock","10":"shipping-taxable","11":"purchasable","12":"product-type-simple"},"acf":[],"yoast_head":"<!-- This site is optimized with the Yoast SEO plugin v26.1 - https:\/\/yoast.com\/wordpress\/plugins\/seo\/ -->\n<title>AccurioPrint C4065 - Pro Print<\/title>\n<meta name=\"robots\" content=\"index, follow, max-snippet:-1, max-image-preview:large, max-video-preview:-1\" \/>\n<link rel=\"canonical\" href=\"https:\/\/pro-print.ca\/shop\/uncategorized\/accurioprint-c4065\/\" \/>\n<meta property=\"og:locale\" content=\"fr_FR\" \/>\n<meta property=\"og:type\" content=\"article\" \/>\n<meta property=\"og:title\" content=\"AccurioPrint C4065 - Pro Print\" \/>\n<meta property=\"og:description\" content=\"Description du produit La presse num\u00e9rique AccurioPrint C4065 offre productivit\u00e9 et polyvalence dans une unit\u00e9 compacte et abordable. C&rsquo;est la presse num\u00e9rique id\u00e9ale pour les imprimeries \u00e0 faible volume, les services de reprographie des entreprises et les environnements de bureau. La qualit\u00e9 exceptionnelle de l&rsquo;image et de la couleur, la polyvalence des supports et la [&hellip;]\" \/>\n<meta property=\"og:url\" content=\"https:\/\/pro-print.ca\/shop\/uncategorized\/accurioprint-c4065\/\" \/>\n<meta property=\"og:site_name\" content=\"Pro Print\" \/>\n<meta property=\"article:publisher\" content=\"https:\/\/www.facebook.com\/profile.php?id=61574781855025\" \/>\n<meta name=\"twitter:card\" content=\"summary_large_image\" \/>\n<meta name=\"twitter:label1\" content=\"Est. reading time\" \/>\n\t<meta name=\"twitter:data1\" content=\"2 minutes\" \/>\n<script type=\"application\/ld+json\" class=\"yoast-schema-graph\">{\"@context\":\"https:\/\/schema.org\",\"@graph\":[{\"@type\":\"WebPage\",\"@id\":\"https:\/\/pro-print.ca\/shop\/uncategorized\/accurioprint-c4065\/\",\"url\":\"https:\/\/pro-print.ca\/shop\/uncategorized\/accurioprint-c4065\/\",\"name\":\"AccurioPrint C4065 - Pro Print\",\"isPartOf\":{\"@id\":\"https:\/\/pro-print.ca\/#website\"},\"primaryImageOfPage\":{\"@id\":\"https:\/\/pro-print.ca\/shop\/uncategorized\/accurioprint-c4065\/#primaryimage\"},\"image\":{\"@id\":\"https:\/\/pro-print.ca\/shop\/uncategorized\/accurioprint-c4065\/#primaryimage\"},\"thumbnailUrl\":\"https:\/\/pro-print.ca\/wp-content\/uploads\/2025\/03\/AccurioPrint-C4065.png\",\"datePublished\":\"2025-04-22T18:03:35+00:00\",\"breadcrumb\":{\"@id\":\"https:\/\/pro-print.ca\/shop\/uncategorized\/accurioprint-c4065\/#breadcrumb\"},\"inLanguage\":\"fr-FR\",\"potentialAction\":[{\"@type\":\"ReadAction\",\"target\":[\"https:\/\/pro-print.ca\/shop\/uncategorized\/accurioprint-c4065\/\"]}]},{\"@type\":\"ImageObject\",\"inLanguage\":\"fr-FR\",\"@id\":\"https:\/\/pro-print.ca\/shop\/uncategorized\/accurioprint-c4065\/#primaryimage\",\"url\":\"https:\/\/pro-print.ca\/wp-content\/uploads\/2025\/03\/AccurioPrint-C4065.png\",\"contentUrl\":\"https:\/\/pro-print.ca\/wp-content\/uploads\/2025\/03\/AccurioPrint-C4065.png\",\"width\":1281,\"height\":472},{\"@type\":\"BreadcrumbList\",\"@id\":\"https:\/\/pro-print.ca\/shop\/uncategorized\/accurioprint-c4065\/#breadcrumb\",\"itemListElement\":[{\"@type\":\"ListItem\",\"position\":1,\"name\":\"Home\",\"item\":\"https:\/\/pro-print.ca\/\"},{\"@type\":\"ListItem\",\"position\":2,\"name\":\"Boutique\",\"item\":\"https:\/\/pro-print.ca\/fr\/boutique\/\"},{\"@type\":\"ListItem\",\"position\":3,\"name\":\"AccurioPrint C4065\"}]},{\"@type\":\"WebSite\",\"@id\":\"https:\/\/pro-print.ca\/#website\",\"url\":\"https:\/\/pro-print.ca\/\",\"name\":\"Pro Print\",\"description\":\"Your print, our priority\",\"publisher\":{\"@id\":\"https:\/\/pro-print.ca\/#organization\"},\"potentialAction\":[{\"@type\":\"SearchAction\",\"target\":{\"@type\":\"EntryPoint\",\"urlTemplate\":\"https:\/\/pro-print.ca\/?s={search_term_string}\"},\"query-input\":{\"@type\":\"PropertyValueSpecification\",\"valueRequired\":true,\"valueName\":\"search_term_string\"}}],\"inLanguage\":\"fr-FR\"},{\"@type\":\"Organization\",\"@id\":\"https:\/\/pro-print.ca\/#organization\",\"name\":\"Pro Print\",\"url\":\"https:\/\/pro-print.ca\/\",\"logo\":{\"@type\":\"ImageObject\",\"inLanguage\":\"fr-FR\",\"@id\":\"https:\/\/pro-print.ca\/#\/schema\/logo\/image\/\",\"url\":\"https:\/\/pro-print.ca\/wp-content\/uploads\/2025\/04\/pro_print_logotype_on_blue.png\",\"contentUrl\":\"https:\/\/pro-print.ca\/wp-content\/uploads\/2025\/04\/pro_print_logotype_on_blue.png\",\"width\":4164,\"height\":1500,\"caption\":\"Pro Print\"},\"image\":{\"@id\":\"https:\/\/pro-print.ca\/#\/schema\/logo\/image\/\"},\"sameAs\":[\"https:\/\/www.facebook.com\/profile.php?id=61574781855025\",\"https:\/\/www.linkedin.com\/company\/pro-print-managed-solutions\"]}]}<\/script>\n<!-- \/ Yoast SEO plugin. -->","yoast_head_json":{"title":"AccurioPrint C4065 - Pro Print","robots":{"index":"index","follow":"follow","max-snippet":"max-snippet:-1","max-image-preview":"max-image-preview:large","max-video-preview":"max-video-preview:-1"},"canonical":"https:\/\/pro-print.ca\/shop\/uncategorized\/accurioprint-c4065\/","og_locale":"fr_FR","og_type":"article","og_title":"AccurioPrint C4065 - Pro Print","og_description":"Description du produit La presse num\u00e9rique AccurioPrint C4065 offre productivit\u00e9 et polyvalence dans une unit\u00e9 compacte et abordable. C&rsquo;est la presse num\u00e9rique id\u00e9ale pour les imprimeries \u00e0 faible volume, les services de reprographie des entreprises et les environnements de bureau. La qualit\u00e9 exceptionnelle de l&rsquo;image et de la couleur, la polyvalence des supports et la [&hellip;]","og_url":"https:\/\/pro-print.ca\/shop\/uncategorized\/accurioprint-c4065\/","og_site_name":"Pro Print","article_publisher":"https:\/\/www.facebook.com\/profile.php?id=61574781855025","twitter_card":"summary_large_image","twitter_misc":{"Est. reading time":"2 minutes"},"schema":{"@context":"https:\/\/schema.org","@graph":[{"@type":"WebPage","@id":"https:\/\/pro-print.ca\/shop\/uncategorized\/accurioprint-c4065\/","url":"https:\/\/pro-print.ca\/shop\/uncategorized\/accurioprint-c4065\/","name":"AccurioPrint C4065 - Pro Print","isPartOf":{"@id":"https:\/\/pro-print.ca\/#website"},"primaryImageOfPage":{"@id":"https:\/\/pro-print.ca\/shop\/uncategorized\/accurioprint-c4065\/#primaryimage"},"image":{"@id":"https:\/\/pro-print.ca\/shop\/uncategorized\/accurioprint-c4065\/#primaryimage"},"thumbnailUrl":"https:\/\/pro-print.ca\/wp-content\/uploads\/2025\/03\/AccurioPrint-C4065.png","datePublished":"2025-04-22T18:03:35+00:00","breadcrumb":{"@id":"https:\/\/pro-print.ca\/shop\/uncategorized\/accurioprint-c4065\/#breadcrumb"},"inLanguage":"fr-FR","potentialAction":[{"@type":"ReadAction","target":["https:\/\/pro-print.ca\/shop\/uncategorized\/accurioprint-c4065\/"]}]},{"@type":"ImageObject","inLanguage":"fr-FR","@id":"https:\/\/pro-print.ca\/shop\/uncategorized\/accurioprint-c4065\/#primaryimage","url":"https:\/\/pro-print.ca\/wp-content\/uploads\/2025\/03\/AccurioPrint-C4065.png","contentUrl":"https:\/\/pro-print.ca\/wp-content\/uploads\/2025\/03\/AccurioPrint-C4065.png","width":1281,"height":472},{"@type":"BreadcrumbList","@id":"https:\/\/pro-print.ca\/shop\/uncategorized\/accurioprint-c4065\/#breadcrumb","itemListElement":[{"@type":"ListItem","position":1,"name":"Home","item":"https:\/\/pro-print.ca\/"},{"@type":"ListItem","position":2,"name":"Boutique","item":"https:\/\/pro-print.ca\/fr\/boutique\/"},{"@type":"ListItem","position":3,"name":"AccurioPrint C4065"}]},{"@type":"WebSite","@id":"https:\/\/pro-print.ca\/#website","url":"https:\/\/pro-print.ca\/","name":"Pro Print","description":"Your print, our priority","publisher":{"@id":"https:\/\/pro-print.ca\/#organization"},"potentialAction":[{"@type":"SearchAction","target":{"@type":"EntryPoint","urlTemplate":"https:\/\/pro-print.ca\/?s={search_term_string}"},"query-input":{"@type":"PropertyValueSpecification","valueRequired":true,"valueName":"search_term_string"}}],"inLanguage":"fr-FR"},{"@type":"Organization","@id":"https:\/\/pro-print.ca\/#organization","name":"Pro Print","url":"https:\/\/pro-print.ca\/","logo":{"@type":"ImageObject","inLanguage":"fr-FR","@id":"https:\/\/pro-print.ca\/#\/schema\/logo\/image\/","url":"https:\/\/pro-print.ca\/wp-content\/uploads\/2025\/04\/pro_print_logotype_on_blue.png","contentUrl":"https:\/\/pro-print.ca\/wp-content\/uploads\/2025\/04\/pro_print_logotype_on_blue.png","width":4164,"height":1500,"caption":"Pro Print"},"image":{"@id":"https:\/\/pro-print.ca\/#\/schema\/logo\/image\/"},"sameAs":["https:\/\/www.facebook.com\/profile.php?id=61574781855025","https:\/\/www.linkedin.com\/company\/pro-print-managed-solutions"]}]}},"_links":{"self":[{"href":"https:\/\/pro-print.ca\/fr\/wp-json\/wp\/v2\/product\/1105","targetHints":{"allow":["GET"]}}],"collection":[{"href":"https:\/\/pro-print.ca\/fr\/wp-json\/wp\/v2\/product"}],"about":[{"href":"https:\/\/pro-print.ca\/fr\/wp-json\/wp\/v2\/types\/product"}],"replies":[{"embeddable":true,"href":"https:\/\/pro-print.ca\/fr\/wp-json\/wp\/v2\/comments?post=1105"}],"wp:featuredmedia":[{"embeddable":true,"href":"https:\/\/pro-print.ca\/fr\/wp-json\/wp\/v2\/media\/219"}],"wp:attachment":[{"href":"https:\/\/pro-print.ca\/fr\/wp-json\/wp\/v2\/media?parent=1105"}],"wp:term":[{"taxonomy":"product_brand","embeddable":true,"href":"https:\/\/pro-print.ca\/fr\/wp-json\/wp\/v2\/product_brand?post=1105"},{"taxonomy":"product_cat","embeddable":true,"href":"https:\/\/pro-print.ca\/fr\/wp-json\/wp\/v2\/product_cat?post=1105"},{"taxonomy":"product_tag","embeddable":true,"href":"https:\/\/pro-print.ca\/fr\/wp-json\/wp\/v2\/product_tag?post=1105"}],"curies":[{"name":"wp","href":"https:\/\/api.w.org\/{rel}","templated":true}]}}