

{"id":1102,"date":"2025-04-22T14:03:34","date_gmt":"2025-04-22T18:03:34","guid":{"rendered":"https:\/\/pro-print.ca\/shop\/uncategorized\/imprimante-laser-monochrome-daffaires-brother-hl-l6400dw\/"},"modified":"2025-04-22T14:03:34","modified_gmt":"2025-04-22T18:03:34","slug":"imprimante-laser-monochrome-daffaires-brother-hl-l6400dw","status":"publish","type":"product","link":"https:\/\/pro-print.ca\/fr\/boutique\/imprimantes-monochromes-et-couleur-et-multifonctions\/imprimante-laser-monochrome-daffaires-brother-hl-l6400dw\/","title":{"rendered":"Imprimante laser monochrome d&rsquo;affaires Brother HL-L6400DW"},"content":{"rendered":"<h3>Description du produit<\/h3>\n<p>Imprimante laser monochrome durable pour les groupes de travail de taille moyenne ayant des volumes d&rsquo;impression importants. Faible co\u00fbt total d&rsquo;exploitation gr\u00e2ce \u00e0 une cartouche de toner \u00e0 tr\u00e8s haut rendement de 12 000 pages et \u00e0 une cartouche de toner de remplacement \u00e0 tr\u00e8s haut rendement de 20 000 pages (rendement approximatif bas\u00e9 sur la norme ISO\/IEC 19752). Fonctions de s\u00e9curit\u00e9 avanc\u00e9es telles qu&rsquo;un lecteur de carte NFC int\u00e9gr\u00e9 pour l&rsquo;authentification de l&rsquo;utilisateur en r\u00e9seau afin de prot\u00e9ger l&rsquo;appareil contre les acc\u00e8s non autoris\u00e9s. Capacit\u00e9 papier de 570 feuilles, extensible \u00e0 2 650 feuilles avec des bacs suppl\u00e9mentaires en option. Impression recto-verso. R\u00e9seau Gigabit Ethernet\/sans fil. Imprimez \u00e0 partir d&rsquo;appareils mobiles via un r\u00e9seau sans fil. Capacit\u00e9 de sortie de 250 feuilles, extensible avec un finisseur de bo\u00eetes aux lettres suppl\u00e9mentaire en option. Imprime jusqu&rsquo;\u00e0 52 ppm, avec une r\u00e9solution de 1200 x 1200 ppp. \u00c9cran tactile couleur de 1,8 pouce.         <\/p>\n","protected":false},"excerpt":{"rendered":"<p>Description du produit Imprimante laser monochrome durable pour les groupes de travail de taille moyenne ayant des volumes d&rsquo;impression importants. Faible co\u00fbt total d&rsquo;exploitation gr\u00e2ce \u00e0 une cartouche de toner \u00e0 tr\u00e8s haut rendement de 12 000 pages et \u00e0 une cartouche de toner de remplacement \u00e0 tr\u00e8s haut rendement de 20 000 pages (rendement [&hellip;]<\/p>\n","protected":false},"featured_media":216,"comment_status":"open","ping_status":"closed","template":"","meta":{"_acf_changed":false,"_et_pb_use_builder":"","_et_pb_old_content":"","_et_gb_content_width":""},"product_brand":[],"product_cat":[74],"product_tag":[],"class_list":{"0":"post-1102","1":"product","2":"type-product","3":"status-publish","4":"has-post-thumbnail","6":"product_cat-imprimantes-monochromes-et-couleur-et-multifonctions","8":"first","9":"instock","10":"shipping-taxable","11":"purchasable","12":"product-type-simple"},"acf":[],"yoast_head":"<!-- This site is optimized with the Yoast SEO plugin v26.1 - https:\/\/yoast.com\/wordpress\/plugins\/seo\/ -->\n<title>Imprimante laser monochrome d&#039;affaires Brother HL-L6400DW - Pro Print<\/title>\n<meta name=\"robots\" content=\"index, follow, max-snippet:-1, max-image-preview:large, max-video-preview:-1\" \/>\n<link rel=\"canonical\" href=\"https:\/\/pro-print.ca\/shop\/uncategorized\/imprimante-laser-monochrome-daffaires-brother-hl-l6400dw\/\" \/>\n<meta property=\"og:locale\" content=\"fr_FR\" \/>\n<meta property=\"og:type\" content=\"article\" \/>\n<meta property=\"og:title\" content=\"Imprimante laser monochrome d&#039;affaires Brother HL-L6400DW - Pro Print\" \/>\n<meta property=\"og:description\" content=\"Description du produit Imprimante laser monochrome durable pour les groupes de travail de taille moyenne ayant des volumes d&rsquo;impression importants. Faible co\u00fbt total d&rsquo;exploitation gr\u00e2ce \u00e0 une cartouche de toner \u00e0 tr\u00e8s haut rendement de 12 000 pages et \u00e0 une cartouche de toner de remplacement \u00e0 tr\u00e8s haut rendement de 20 000 pages (rendement [&hellip;]\" \/>\n<meta property=\"og:url\" content=\"https:\/\/pro-print.ca\/shop\/uncategorized\/imprimante-laser-monochrome-daffaires-brother-hl-l6400dw\/\" \/>\n<meta property=\"og:site_name\" content=\"Pro Print\" \/>\n<meta property=\"article:publisher\" content=\"https:\/\/www.facebook.com\/profile.php?id=61574781855025\" \/>\n<meta name=\"twitter:card\" content=\"summary_large_image\" \/>\n<meta name=\"twitter:label1\" content=\"Est. reading time\" \/>\n\t<meta name=\"twitter:data1\" content=\"1 minute\" \/>\n<script type=\"application\/ld+json\" class=\"yoast-schema-graph\">{\"@context\":\"https:\/\/schema.org\",\"@graph\":[{\"@type\":\"WebPage\",\"@id\":\"https:\/\/pro-print.ca\/shop\/uncategorized\/imprimante-laser-monochrome-daffaires-brother-hl-l6400dw\/\",\"url\":\"https:\/\/pro-print.ca\/shop\/uncategorized\/imprimante-laser-monochrome-daffaires-brother-hl-l6400dw\/\",\"name\":\"Imprimante laser monochrome d'affaires Brother HL-L6400DW - Pro Print\",\"isPartOf\":{\"@id\":\"https:\/\/pro-print.ca\/#website\"},\"primaryImageOfPage\":{\"@id\":\"https:\/\/pro-print.ca\/shop\/uncategorized\/imprimante-laser-monochrome-daffaires-brother-hl-l6400dw\/#primaryimage\"},\"image\":{\"@id\":\"https:\/\/pro-print.ca\/shop\/uncategorized\/imprimante-laser-monochrome-daffaires-brother-hl-l6400dw\/#primaryimage\"},\"thumbnailUrl\":\"https:\/\/pro-print.ca\/wp-content\/uploads\/2025\/03\/Brother-HL-L6400DW.jpg\",\"datePublished\":\"2025-04-22T18:03:34+00:00\",\"breadcrumb\":{\"@id\":\"https:\/\/pro-print.ca\/shop\/uncategorized\/imprimante-laser-monochrome-daffaires-brother-hl-l6400dw\/#breadcrumb\"},\"inLanguage\":\"fr-FR\",\"potentialAction\":[{\"@type\":\"ReadAction\",\"target\":[\"https:\/\/pro-print.ca\/shop\/uncategorized\/imprimante-laser-monochrome-daffaires-brother-hl-l6400dw\/\"]}]},{\"@type\":\"ImageObject\",\"inLanguage\":\"fr-FR\",\"@id\":\"https:\/\/pro-print.ca\/shop\/uncategorized\/imprimante-laser-monochrome-daffaires-brother-hl-l6400dw\/#primaryimage\",\"url\":\"https:\/\/pro-print.ca\/wp-content\/uploads\/2025\/03\/Brother-HL-L6400DW.jpg\",\"contentUrl\":\"https:\/\/pro-print.ca\/wp-content\/uploads\/2025\/03\/Brother-HL-L6400DW.jpg\",\"width\":500,\"height\":500},{\"@type\":\"BreadcrumbList\",\"@id\":\"https:\/\/pro-print.ca\/shop\/uncategorized\/imprimante-laser-monochrome-daffaires-brother-hl-l6400dw\/#breadcrumb\",\"itemListElement\":[{\"@type\":\"ListItem\",\"position\":1,\"name\":\"Home\",\"item\":\"https:\/\/pro-print.ca\/\"},{\"@type\":\"ListItem\",\"position\":2,\"name\":\"Boutique\",\"item\":\"https:\/\/pro-print.ca\/fr\/boutique\/\"},{\"@type\":\"ListItem\",\"position\":3,\"name\":\"Imprimante laser monochrome d&#8217;affaires Brother HL-L6400DW\"}]},{\"@type\":\"WebSite\",\"@id\":\"https:\/\/pro-print.ca\/#website\",\"url\":\"https:\/\/pro-print.ca\/\",\"name\":\"Pro Print\",\"description\":\"Your print, our priority\",\"publisher\":{\"@id\":\"https:\/\/pro-print.ca\/#organization\"},\"potentialAction\":[{\"@type\":\"SearchAction\",\"target\":{\"@type\":\"EntryPoint\",\"urlTemplate\":\"https:\/\/pro-print.ca\/?s={search_term_string}\"},\"query-input\":{\"@type\":\"PropertyValueSpecification\",\"valueRequired\":true,\"valueName\":\"search_term_string\"}}],\"inLanguage\":\"fr-FR\"},{\"@type\":\"Organization\",\"@id\":\"https:\/\/pro-print.ca\/#organization\",\"name\":\"Pro Print\",\"url\":\"https:\/\/pro-print.ca\/\",\"logo\":{\"@type\":\"ImageObject\",\"inLanguage\":\"fr-FR\",\"@id\":\"https:\/\/pro-print.ca\/#\/schema\/logo\/image\/\",\"url\":\"https:\/\/pro-print.ca\/wp-content\/uploads\/2025\/04\/pro_print_logotype_on_blue.png\",\"contentUrl\":\"https:\/\/pro-print.ca\/wp-content\/uploads\/2025\/04\/pro_print_logotype_on_blue.png\",\"width\":4164,\"height\":1500,\"caption\":\"Pro Print\"},\"image\":{\"@id\":\"https:\/\/pro-print.ca\/#\/schema\/logo\/image\/\"},\"sameAs\":[\"https:\/\/www.facebook.com\/profile.php?id=61574781855025\",\"https:\/\/www.linkedin.com\/company\/pro-print-managed-solutions\"]}]}<\/script>\n<!-- \/ Yoast SEO plugin. -->","yoast_head_json":{"title":"Imprimante laser monochrome d'affaires Brother HL-L6400DW - Pro Print","robots":{"index":"index","follow":"follow","max-snippet":"max-snippet:-1","max-image-preview":"max-image-preview:large","max-video-preview":"max-video-preview:-1"},"canonical":"https:\/\/pro-print.ca\/shop\/uncategorized\/imprimante-laser-monochrome-daffaires-brother-hl-l6400dw\/","og_locale":"fr_FR","og_type":"article","og_title":"Imprimante laser monochrome d'affaires Brother HL-L6400DW - Pro Print","og_description":"Description du produit Imprimante laser monochrome durable pour les groupes de travail de taille moyenne ayant des volumes d&rsquo;impression importants. Faible co\u00fbt total d&rsquo;exploitation gr\u00e2ce \u00e0 une cartouche de toner \u00e0 tr\u00e8s haut rendement de 12 000 pages et \u00e0 une cartouche de toner de remplacement \u00e0 tr\u00e8s haut rendement de 20 000 pages (rendement [&hellip;]","og_url":"https:\/\/pro-print.ca\/shop\/uncategorized\/imprimante-laser-monochrome-daffaires-brother-hl-l6400dw\/","og_site_name":"Pro Print","article_publisher":"https:\/\/www.facebook.com\/profile.php?id=61574781855025","twitter_card":"summary_large_image","twitter_misc":{"Est. reading time":"1 minute"},"schema":{"@context":"https:\/\/schema.org","@graph":[{"@type":"WebPage","@id":"https:\/\/pro-print.ca\/shop\/uncategorized\/imprimante-laser-monochrome-daffaires-brother-hl-l6400dw\/","url":"https:\/\/pro-print.ca\/shop\/uncategorized\/imprimante-laser-monochrome-daffaires-brother-hl-l6400dw\/","name":"Imprimante laser monochrome d'affaires Brother HL-L6400DW - Pro Print","isPartOf":{"@id":"https:\/\/pro-print.ca\/#website"},"primaryImageOfPage":{"@id":"https:\/\/pro-print.ca\/shop\/uncategorized\/imprimante-laser-monochrome-daffaires-brother-hl-l6400dw\/#primaryimage"},"image":{"@id":"https:\/\/pro-print.ca\/shop\/uncategorized\/imprimante-laser-monochrome-daffaires-brother-hl-l6400dw\/#primaryimage"},"thumbnailUrl":"https:\/\/pro-print.ca\/wp-content\/uploads\/2025\/03\/Brother-HL-L6400DW.jpg","datePublished":"2025-04-22T18:03:34+00:00","breadcrumb":{"@id":"https:\/\/pro-print.ca\/shop\/uncategorized\/imprimante-laser-monochrome-daffaires-brother-hl-l6400dw\/#breadcrumb"},"inLanguage":"fr-FR","potentialAction":[{"@type":"ReadAction","target":["https:\/\/pro-print.ca\/shop\/uncategorized\/imprimante-laser-monochrome-daffaires-brother-hl-l6400dw\/"]}]},{"@type":"ImageObject","inLanguage":"fr-FR","@id":"https:\/\/pro-print.ca\/shop\/uncategorized\/imprimante-laser-monochrome-daffaires-brother-hl-l6400dw\/#primaryimage","url":"https:\/\/pro-print.ca\/wp-content\/uploads\/2025\/03\/Brother-HL-L6400DW.jpg","contentUrl":"https:\/\/pro-print.ca\/wp-content\/uploads\/2025\/03\/Brother-HL-L6400DW.jpg","width":500,"height":500},{"@type":"BreadcrumbList","@id":"https:\/\/pro-print.ca\/shop\/uncategorized\/imprimante-laser-monochrome-daffaires-brother-hl-l6400dw\/#breadcrumb","itemListElement":[{"@type":"ListItem","position":1,"name":"Home","item":"https:\/\/pro-print.ca\/"},{"@type":"ListItem","position":2,"name":"Boutique","item":"https:\/\/pro-print.ca\/fr\/boutique\/"},{"@type":"ListItem","position":3,"name":"Imprimante laser monochrome d&#8217;affaires Brother HL-L6400DW"}]},{"@type":"WebSite","@id":"https:\/\/pro-print.ca\/#website","url":"https:\/\/pro-print.ca\/","name":"Pro Print","description":"Your print, our priority","publisher":{"@id":"https:\/\/pro-print.ca\/#organization"},"potentialAction":[{"@type":"SearchAction","target":{"@type":"EntryPoint","urlTemplate":"https:\/\/pro-print.ca\/?s={search_term_string}"},"query-input":{"@type":"PropertyValueSpecification","valueRequired":true,"valueName":"search_term_string"}}],"inLanguage":"fr-FR"},{"@type":"Organization","@id":"https:\/\/pro-print.ca\/#organization","name":"Pro Print","url":"https:\/\/pro-print.ca\/","logo":{"@type":"ImageObject","inLanguage":"fr-FR","@id":"https:\/\/pro-print.ca\/#\/schema\/logo\/image\/","url":"https:\/\/pro-print.ca\/wp-content\/uploads\/2025\/04\/pro_print_logotype_on_blue.png","contentUrl":"https:\/\/pro-print.ca\/wp-content\/uploads\/2025\/04\/pro_print_logotype_on_blue.png","width":4164,"height":1500,"caption":"Pro Print"},"image":{"@id":"https:\/\/pro-print.ca\/#\/schema\/logo\/image\/"},"sameAs":["https:\/\/www.facebook.com\/profile.php?id=61574781855025","https:\/\/www.linkedin.com\/company\/pro-print-managed-solutions"]}]}},"_links":{"self":[{"href":"https:\/\/pro-print.ca\/fr\/wp-json\/wp\/v2\/product\/1102","targetHints":{"allow":["GET"]}}],"collection":[{"href":"https:\/\/pro-print.ca\/fr\/wp-json\/wp\/v2\/product"}],"about":[{"href":"https:\/\/pro-print.ca\/fr\/wp-json\/wp\/v2\/types\/product"}],"replies":[{"embeddable":true,"href":"https:\/\/pro-print.ca\/fr\/wp-json\/wp\/v2\/comments?post=1102"}],"wp:featuredmedia":[{"embeddable":true,"href":"https:\/\/pro-print.ca\/fr\/wp-json\/wp\/v2\/media\/216"}],"wp:attachment":[{"href":"https:\/\/pro-print.ca\/fr\/wp-json\/wp\/v2\/media?parent=1102"}],"wp:term":[{"taxonomy":"product_brand","embeddable":true,"href":"https:\/\/pro-print.ca\/fr\/wp-json\/wp\/v2\/product_brand?post=1102"},{"taxonomy":"product_cat","embeddable":true,"href":"https:\/\/pro-print.ca\/fr\/wp-json\/wp\/v2\/product_cat?post=1102"},{"taxonomy":"product_tag","embeddable":true,"href":"https:\/\/pro-print.ca\/fr\/wp-json\/wp\/v2\/product_tag?post=1102"}],"curies":[{"name":"wp","href":"https:\/\/api.w.org\/{rel}","templated":true}]}}