

{"id":1100,"date":"2025-04-22T14:03:34","date_gmt":"2025-04-22T18:03:34","guid":{"rendered":"https:\/\/pro-print.ca\/shop\/uncategorized\/brother-9470lt34bund-imprimante-laser-couleur-dentreprise-et-bac-a-papier-inferieur-en-lot\/"},"modified":"2025-04-22T14:03:34","modified_gmt":"2025-04-22T18:03:34","slug":"brother-9470lt34bund-imprimante-laser-couleur-dentreprise-et-bac-a-papier-inferieur-en-lot","status":"publish","type":"product","link":"https:\/\/pro-print.ca\/fr\/boutique\/mono-and-color-printers-multifunctional\/brother-9470lt34bund-imprimante-laser-couleur-dentreprise-et-bac-a-papier-inferieur-en-lot\/","title":{"rendered":"Brother 9470LT34BUND Imprimante laser couleur d&rsquo;entreprise et bac \u00e0 papier inf\u00e9rieur en lot"},"content":{"rendered":"<h3>Description du produit<\/h3>\n<p>L&rsquo;ensemble 9470LT34BUND de Brother comprend une imprimante laser couleur d&rsquo;entreprise HLL9470CDN et un bac \u00e0 papier inf\u00e9rieur LT340CL. L&rsquo;imprimante est con\u00e7ue pour le travail actuel et offre une performance de niveau entreprise, des vitesses d&rsquo;impression rapides allant jusqu&rsquo;\u00e0 42 ppm, un \u00e9cran tactile couleur de 3,5 po, des fonctions de s\u00e9curit\u00e9 avanc\u00e9es et une sortie fiable. Elle offre une valeur int\u00e9gr\u00e9e gr\u00e2ce aux cartouches de toner noir authentiques Brother de 9 000 pages et aux cartouches de toner couleur authentiques Brother de 6 500 pages. De plus, elle offre le co\u00fbt par page le plus bas jamais atteint par une imprimante laser couleur Brother gr\u00e2ce aux cartouches de toner de remplacement \u00e0 tr\u00e8s haut rendement TN815 de 15 000 pages en noir et de 12 000 pages en couleur. Profitez d&rsquo;une gestion flexible du papier avec une capacit\u00e9 totale de 620 feuilles, d&rsquo;une connectivit\u00e9 pratique via un r\u00e9seau Gigabit Ethernet avec la disponibilit\u00e9 d&rsquo;un module sans fil \u00e0 double bande (2,4 GHz \/ 5 GHz) en option, et d&rsquo;une impression facile \u00e0 partir d&rsquo;appareils mobiles. Ajoutez le bac \u00e0 papier inf\u00e9rieur inclus dans cette offre pour une capacit\u00e9 de gestion du papier suppl\u00e9mentaire de 500 feuilles.    <\/p>\n","protected":false},"excerpt":{"rendered":"<p>Description du produit L&rsquo;ensemble 9470LT34BUND de Brother comprend une imprimante laser couleur d&rsquo;entreprise HLL9470CDN et un bac \u00e0 papier inf\u00e9rieur LT340CL. L&rsquo;imprimante est con\u00e7ue pour le travail actuel et offre une performance de niveau entreprise, des vitesses d&rsquo;impression rapides allant jusqu&rsquo;\u00e0 42 ppm, un \u00e9cran tactile couleur de 3,5 po, des fonctions de s\u00e9curit\u00e9 avanc\u00e9es [&hellip;]<\/p>\n","protected":false},"featured_media":217,"comment_status":"open","ping_status":"closed","template":"","meta":{"_acf_changed":false,"_et_pb_use_builder":"","_et_pb_old_content":"","_et_gb_content_width":""},"product_brand":[],"product_cat":[34],"product_tag":[],"class_list":{"0":"post-1100","1":"product","2":"type-product","3":"status-publish","4":"has-post-thumbnail","6":"product_cat-mono-and-color-printers-multifunctional","8":"first","9":"instock","10":"shipping-taxable","11":"purchasable","12":"product-type-simple"},"acf":[],"yoast_head":"<!-- This site is optimized with the Yoast SEO plugin v26.1 - https:\/\/yoast.com\/wordpress\/plugins\/seo\/ -->\n<title>Brother 9470LT34BUND Imprimante laser couleur d&#039;entreprise et bac \u00e0 papier inf\u00e9rieur en lot - Pro Print<\/title>\n<meta name=\"robots\" content=\"index, follow, max-snippet:-1, max-image-preview:large, max-video-preview:-1\" \/>\n<link rel=\"canonical\" href=\"https:\/\/pro-print.ca\/shop\/uncategorized\/brother-9470lt34bund-imprimante-laser-couleur-dentreprise-et-bac-a-papier-inferieur-en-lot\/\" \/>\n<meta property=\"og:locale\" content=\"fr_FR\" \/>\n<meta property=\"og:type\" content=\"article\" \/>\n<meta property=\"og:title\" content=\"Brother 9470LT34BUND Imprimante laser couleur d&#039;entreprise et bac \u00e0 papier inf\u00e9rieur en lot - Pro Print\" \/>\n<meta property=\"og:description\" content=\"Description du produit L&rsquo;ensemble 9470LT34BUND de Brother comprend une imprimante laser couleur d&rsquo;entreprise HLL9470CDN et un bac \u00e0 papier inf\u00e9rieur LT340CL. L&rsquo;imprimante est con\u00e7ue pour le travail actuel et offre une performance de niveau entreprise, des vitesses d&rsquo;impression rapides allant jusqu&rsquo;\u00e0 42 ppm, un \u00e9cran tactile couleur de 3,5 po, des fonctions de s\u00e9curit\u00e9 avanc\u00e9es [&hellip;]\" \/>\n<meta property=\"og:url\" content=\"https:\/\/pro-print.ca\/shop\/uncategorized\/brother-9470lt34bund-imprimante-laser-couleur-dentreprise-et-bac-a-papier-inferieur-en-lot\/\" \/>\n<meta property=\"og:site_name\" content=\"Pro Print\" \/>\n<meta property=\"article:publisher\" content=\"https:\/\/www.facebook.com\/profile.php?id=61574781855025\" \/>\n<meta name=\"twitter:card\" content=\"summary_large_image\" \/>\n<meta name=\"twitter:label1\" content=\"Est. reading time\" \/>\n\t<meta name=\"twitter:data1\" content=\"1 minute\" \/>\n<script type=\"application\/ld+json\" class=\"yoast-schema-graph\">{\"@context\":\"https:\/\/schema.org\",\"@graph\":[{\"@type\":\"WebPage\",\"@id\":\"https:\/\/pro-print.ca\/shop\/uncategorized\/brother-9470lt34bund-imprimante-laser-couleur-dentreprise-et-bac-a-papier-inferieur-en-lot\/\",\"url\":\"https:\/\/pro-print.ca\/shop\/uncategorized\/brother-9470lt34bund-imprimante-laser-couleur-dentreprise-et-bac-a-papier-inferieur-en-lot\/\",\"name\":\"Brother 9470LT34BUND Imprimante laser couleur d'entreprise et bac \u00e0 papier inf\u00e9rieur en lot - Pro Print\",\"isPartOf\":{\"@id\":\"https:\/\/pro-print.ca\/#website\"},\"primaryImageOfPage\":{\"@id\":\"https:\/\/pro-print.ca\/shop\/uncategorized\/brother-9470lt34bund-imprimante-laser-couleur-dentreprise-et-bac-a-papier-inferieur-en-lot\/#primaryimage\"},\"image\":{\"@id\":\"https:\/\/pro-print.ca\/shop\/uncategorized\/brother-9470lt34bund-imprimante-laser-couleur-dentreprise-et-bac-a-papier-inferieur-en-lot\/#primaryimage\"},\"thumbnailUrl\":\"https:\/\/pro-print.ca\/wp-content\/uploads\/2025\/03\/Brother-9470LT34BUND.jpg\",\"datePublished\":\"2025-04-22T18:03:34+00:00\",\"breadcrumb\":{\"@id\":\"https:\/\/pro-print.ca\/shop\/uncategorized\/brother-9470lt34bund-imprimante-laser-couleur-dentreprise-et-bac-a-papier-inferieur-en-lot\/#breadcrumb\"},\"inLanguage\":\"fr-FR\",\"potentialAction\":[{\"@type\":\"ReadAction\",\"target\":[\"https:\/\/pro-print.ca\/shop\/uncategorized\/brother-9470lt34bund-imprimante-laser-couleur-dentreprise-et-bac-a-papier-inferieur-en-lot\/\"]}]},{\"@type\":\"ImageObject\",\"inLanguage\":\"fr-FR\",\"@id\":\"https:\/\/pro-print.ca\/shop\/uncategorized\/brother-9470lt34bund-imprimante-laser-couleur-dentreprise-et-bac-a-papier-inferieur-en-lot\/#primaryimage\",\"url\":\"https:\/\/pro-print.ca\/wp-content\/uploads\/2025\/03\/Brother-9470LT34BUND.jpg\",\"contentUrl\":\"https:\/\/pro-print.ca\/wp-content\/uploads\/2025\/03\/Brother-9470LT34BUND.jpg\",\"width\":500,\"height\":500},{\"@type\":\"BreadcrumbList\",\"@id\":\"https:\/\/pro-print.ca\/shop\/uncategorized\/brother-9470lt34bund-imprimante-laser-couleur-dentreprise-et-bac-a-papier-inferieur-en-lot\/#breadcrumb\",\"itemListElement\":[{\"@type\":\"ListItem\",\"position\":1,\"name\":\"Home\",\"item\":\"https:\/\/pro-print.ca\/\"},{\"@type\":\"ListItem\",\"position\":2,\"name\":\"Boutique\",\"item\":\"https:\/\/pro-print.ca\/fr\/boutique\/\"},{\"@type\":\"ListItem\",\"position\":3,\"name\":\"Brother 9470LT34BUND Imprimante laser couleur d&#8217;entreprise et bac \u00e0 papier inf\u00e9rieur en lot\"}]},{\"@type\":\"WebSite\",\"@id\":\"https:\/\/pro-print.ca\/#website\",\"url\":\"https:\/\/pro-print.ca\/\",\"name\":\"Pro Print\",\"description\":\"Your print, our priority\",\"publisher\":{\"@id\":\"https:\/\/pro-print.ca\/#organization\"},\"potentialAction\":[{\"@type\":\"SearchAction\",\"target\":{\"@type\":\"EntryPoint\",\"urlTemplate\":\"https:\/\/pro-print.ca\/?s={search_term_string}\"},\"query-input\":{\"@type\":\"PropertyValueSpecification\",\"valueRequired\":true,\"valueName\":\"search_term_string\"}}],\"inLanguage\":\"fr-FR\"},{\"@type\":\"Organization\",\"@id\":\"https:\/\/pro-print.ca\/#organization\",\"name\":\"Pro Print\",\"url\":\"https:\/\/pro-print.ca\/\",\"logo\":{\"@type\":\"ImageObject\",\"inLanguage\":\"fr-FR\",\"@id\":\"https:\/\/pro-print.ca\/#\/schema\/logo\/image\/\",\"url\":\"https:\/\/pro-print.ca\/wp-content\/uploads\/2025\/04\/pro_print_logotype_on_blue.png\",\"contentUrl\":\"https:\/\/pro-print.ca\/wp-content\/uploads\/2025\/04\/pro_print_logotype_on_blue.png\",\"width\":4164,\"height\":1500,\"caption\":\"Pro Print\"},\"image\":{\"@id\":\"https:\/\/pro-print.ca\/#\/schema\/logo\/image\/\"},\"sameAs\":[\"https:\/\/www.facebook.com\/profile.php?id=61574781855025\",\"https:\/\/www.linkedin.com\/company\/pro-print-managed-solutions\"]}]}<\/script>\n<!-- \/ Yoast SEO plugin. -->","yoast_head_json":{"title":"Brother 9470LT34BUND Imprimante laser couleur d'entreprise et bac \u00e0 papier inf\u00e9rieur en lot - Pro Print","robots":{"index":"index","follow":"follow","max-snippet":"max-snippet:-1","max-image-preview":"max-image-preview:large","max-video-preview":"max-video-preview:-1"},"canonical":"https:\/\/pro-print.ca\/shop\/uncategorized\/brother-9470lt34bund-imprimante-laser-couleur-dentreprise-et-bac-a-papier-inferieur-en-lot\/","og_locale":"fr_FR","og_type":"article","og_title":"Brother 9470LT34BUND Imprimante laser couleur d'entreprise et bac \u00e0 papier inf\u00e9rieur en lot - Pro Print","og_description":"Description du produit L&rsquo;ensemble 9470LT34BUND de Brother comprend une imprimante laser couleur d&rsquo;entreprise HLL9470CDN et un bac \u00e0 papier inf\u00e9rieur LT340CL. L&rsquo;imprimante est con\u00e7ue pour le travail actuel et offre une performance de niveau entreprise, des vitesses d&rsquo;impression rapides allant jusqu&rsquo;\u00e0 42 ppm, un \u00e9cran tactile couleur de 3,5 po, des fonctions de s\u00e9curit\u00e9 avanc\u00e9es [&hellip;]","og_url":"https:\/\/pro-print.ca\/shop\/uncategorized\/brother-9470lt34bund-imprimante-laser-couleur-dentreprise-et-bac-a-papier-inferieur-en-lot\/","og_site_name":"Pro Print","article_publisher":"https:\/\/www.facebook.com\/profile.php?id=61574781855025","twitter_card":"summary_large_image","twitter_misc":{"Est. reading time":"1 minute"},"schema":{"@context":"https:\/\/schema.org","@graph":[{"@type":"WebPage","@id":"https:\/\/pro-print.ca\/shop\/uncategorized\/brother-9470lt34bund-imprimante-laser-couleur-dentreprise-et-bac-a-papier-inferieur-en-lot\/","url":"https:\/\/pro-print.ca\/shop\/uncategorized\/brother-9470lt34bund-imprimante-laser-couleur-dentreprise-et-bac-a-papier-inferieur-en-lot\/","name":"Brother 9470LT34BUND Imprimante laser couleur d'entreprise et bac \u00e0 papier inf\u00e9rieur en lot - Pro Print","isPartOf":{"@id":"https:\/\/pro-print.ca\/#website"},"primaryImageOfPage":{"@id":"https:\/\/pro-print.ca\/shop\/uncategorized\/brother-9470lt34bund-imprimante-laser-couleur-dentreprise-et-bac-a-papier-inferieur-en-lot\/#primaryimage"},"image":{"@id":"https:\/\/pro-print.ca\/shop\/uncategorized\/brother-9470lt34bund-imprimante-laser-couleur-dentreprise-et-bac-a-papier-inferieur-en-lot\/#primaryimage"},"thumbnailUrl":"https:\/\/pro-print.ca\/wp-content\/uploads\/2025\/03\/Brother-9470LT34BUND.jpg","datePublished":"2025-04-22T18:03:34+00:00","breadcrumb":{"@id":"https:\/\/pro-print.ca\/shop\/uncategorized\/brother-9470lt34bund-imprimante-laser-couleur-dentreprise-et-bac-a-papier-inferieur-en-lot\/#breadcrumb"},"inLanguage":"fr-FR","potentialAction":[{"@type":"ReadAction","target":["https:\/\/pro-print.ca\/shop\/uncategorized\/brother-9470lt34bund-imprimante-laser-couleur-dentreprise-et-bac-a-papier-inferieur-en-lot\/"]}]},{"@type":"ImageObject","inLanguage":"fr-FR","@id":"https:\/\/pro-print.ca\/shop\/uncategorized\/brother-9470lt34bund-imprimante-laser-couleur-dentreprise-et-bac-a-papier-inferieur-en-lot\/#primaryimage","url":"https:\/\/pro-print.ca\/wp-content\/uploads\/2025\/03\/Brother-9470LT34BUND.jpg","contentUrl":"https:\/\/pro-print.ca\/wp-content\/uploads\/2025\/03\/Brother-9470LT34BUND.jpg","width":500,"height":500},{"@type":"BreadcrumbList","@id":"https:\/\/pro-print.ca\/shop\/uncategorized\/brother-9470lt34bund-imprimante-laser-couleur-dentreprise-et-bac-a-papier-inferieur-en-lot\/#breadcrumb","itemListElement":[{"@type":"ListItem","position":1,"name":"Home","item":"https:\/\/pro-print.ca\/"},{"@type":"ListItem","position":2,"name":"Boutique","item":"https:\/\/pro-print.ca\/fr\/boutique\/"},{"@type":"ListItem","position":3,"name":"Brother 9470LT34BUND Imprimante laser couleur d&#8217;entreprise et bac \u00e0 papier inf\u00e9rieur en lot"}]},{"@type":"WebSite","@id":"https:\/\/pro-print.ca\/#website","url":"https:\/\/pro-print.ca\/","name":"Pro Print","description":"Your print, our priority","publisher":{"@id":"https:\/\/pro-print.ca\/#organization"},"potentialAction":[{"@type":"SearchAction","target":{"@type":"EntryPoint","urlTemplate":"https:\/\/pro-print.ca\/?s={search_term_string}"},"query-input":{"@type":"PropertyValueSpecification","valueRequired":true,"valueName":"search_term_string"}}],"inLanguage":"fr-FR"},{"@type":"Organization","@id":"https:\/\/pro-print.ca\/#organization","name":"Pro Print","url":"https:\/\/pro-print.ca\/","logo":{"@type":"ImageObject","inLanguage":"fr-FR","@id":"https:\/\/pro-print.ca\/#\/schema\/logo\/image\/","url":"https:\/\/pro-print.ca\/wp-content\/uploads\/2025\/04\/pro_print_logotype_on_blue.png","contentUrl":"https:\/\/pro-print.ca\/wp-content\/uploads\/2025\/04\/pro_print_logotype_on_blue.png","width":4164,"height":1500,"caption":"Pro Print"},"image":{"@id":"https:\/\/pro-print.ca\/#\/schema\/logo\/image\/"},"sameAs":["https:\/\/www.facebook.com\/profile.php?id=61574781855025","https:\/\/www.linkedin.com\/company\/pro-print-managed-solutions"]}]}},"_links":{"self":[{"href":"https:\/\/pro-print.ca\/fr\/wp-json\/wp\/v2\/product\/1100","targetHints":{"allow":["GET"]}}],"collection":[{"href":"https:\/\/pro-print.ca\/fr\/wp-json\/wp\/v2\/product"}],"about":[{"href":"https:\/\/pro-print.ca\/fr\/wp-json\/wp\/v2\/types\/product"}],"replies":[{"embeddable":true,"href":"https:\/\/pro-print.ca\/fr\/wp-json\/wp\/v2\/comments?post=1100"}],"wp:featuredmedia":[{"embeddable":true,"href":"https:\/\/pro-print.ca\/fr\/wp-json\/wp\/v2\/media\/217"}],"wp:attachment":[{"href":"https:\/\/pro-print.ca\/fr\/wp-json\/wp\/v2\/media?parent=1100"}],"wp:term":[{"taxonomy":"product_brand","embeddable":true,"href":"https:\/\/pro-print.ca\/fr\/wp-json\/wp\/v2\/product_brand?post=1100"},{"taxonomy":"product_cat","embeddable":true,"href":"https:\/\/pro-print.ca\/fr\/wp-json\/wp\/v2\/product_cat?post=1100"},{"taxonomy":"product_tag","embeddable":true,"href":"https:\/\/pro-print.ca\/fr\/wp-json\/wp\/v2\/product_tag?post=1100"}],"curies":[{"name":"wp","href":"https:\/\/api.w.org\/{rel}","templated":true}]}}