

{"id":1085,"date":"2025-04-22T14:03:38","date_gmt":"2025-04-22T18:03:38","guid":{"rendered":"https:\/\/pro-print.ca\/shop\/uncategorized\/konica-minolta-bizhub-c301i\/"},"modified":"2025-04-22T14:03:38","modified_gmt":"2025-04-22T18:03:38","slug":"konica-minolta-bizhub-c301i","status":"publish","type":"product","link":"https:\/\/pro-print.ca\/fr\/boutique\/a3-mono-et-couleur-multifonctionnel\/konica-minolta-bizhub-c301i\/","title":{"rendered":"Konica Minolta Bizhub C301i"},"content":{"rendered":"<p>Le <strong>bizhub C301i de Konica Minolta<\/strong> est une <strong>imprimante couleur A3 multifonctionnelle<\/strong> con\u00e7ue pour les <strong>petites et moyennes entreprises<\/strong> et les groupes de travail. Il offre des fonctions <strong>d&rsquo;impression, de num\u00e9risation, de copie et, en option, de t\u00e9l\u00e9copie de haute qualit\u00e9<\/strong>, tout en mettant l&rsquo;accent sur l&rsquo;efficacit\u00e9, la s\u00e9curit\u00e9 et la convivialit\u00e9. <\/p>\n<h3><strong>Caract\u00e9ristiques principales :<\/strong><\/h3>\n<ul>\n<li><strong>Vitesse d&rsquo;impression<\/strong>:\n<ul>\n<li>Imprime \u00e0 <strong>30 pages par minute (ppm)<\/strong> en <strong>couleur et en noir et blanc<\/strong>.<\/li>\n<\/ul>\n<\/li>\n<li><strong>Sortie haute r\u00e9solution<\/strong>:\n<ul>\n<li>La <strong>r\u00e9solution de 1200 x 1200 ppp<\/strong> garantit des impressions nettes et de qualit\u00e9 professionnelle.<\/li>\n<\/ul>\n<\/li>\n<li><strong>Interface conviviale<\/strong>:\n<ul>\n<li><strong>\u00c9cran tactile couleur de 10,1 pouces<\/strong> offrant une exp\u00e9rience similaire \u00e0 celle d&rsquo;une tablette.<\/li>\n<li>Interface personnalisable pour un flux de travail intuitif et efficace.<\/li>\n<\/ul>\n<\/li>\n<li><strong>Gestion flexible du papier<\/strong>:\n<ul>\n<li>Prend en charge les <strong>formats de papier A6 \u00e0 A3<\/strong> et divers types de supports jusqu&rsquo;\u00e0 <strong>256 g\/m\u00b2.<\/strong><\/li>\n<li><strong>Capacit\u00e9 maximale de papier<\/strong>: Jusqu&rsquo;\u00e0 <strong>6 650 feuilles<\/strong> avec les bacs optionnels.<\/li>\n<\/ul>\n<\/li>\n<li><strong>Capacit\u00e9s de balayage avanc\u00e9es<\/strong>:\n<ul>\n<li>Num\u00e9risation \u00e0 grande vitesse jusqu&rsquo;\u00e0 <strong>100 images par minute<\/strong> (recto-verso).<\/li>\n<li>Prend en charge plusieurs formats : PDF, JPEG, TIFF et PDF compact.<\/li>\n<li>Int\u00e9gration de la num\u00e9risation vers le courrier \u00e9lectronique, la num\u00e9risation vers le dossier et le stockage dans le nuage.<\/li>\n<\/ul>\n<\/li>\n<li><strong>Caract\u00e9ristiques de s\u00e9curit\u00e9 renforc\u00e9es<\/strong>:\n<ul>\n<li><strong>Authentification de l&rsquo;utilisateur<\/strong> (PIN, carte ou options biom\u00e9triques).<\/li>\n<li><strong>Impression s\u00e9curis\u00e9e<\/strong> pour emp\u00eacher l&rsquo;acc\u00e8s non autoris\u00e9 aux documents.<\/li>\n<li><strong>Cryptage des donn\u00e9es et suppression automatique<\/strong> des informations sensibles.<\/li>\n<\/ul>\n<\/li>\n<li><strong>Respectueux de l&rsquo;environnement et \u00e9conome en \u00e9nergie<\/strong>:\n<ul>\n<li><strong>Faible consommation d&rsquo;\u00e9nergie<\/strong> gr\u00e2ce au <strong>mode Eco.<\/strong><\/li>\n<li>Utilise le <strong>toner Simitri HD<\/strong> avec de la biomasse pour r\u00e9duire l&rsquo;impact sur l&rsquo;environnement.<\/li>\n<\/ul>\n<\/li>\n<\/ul>\n<h3><strong>Id\u00e9al pour :<\/strong><\/h3>\n<p>\u2714\ufe0f Petites et moyennes entreprises<br \/>\n\u2714\ufe0f Environnements bureautiques avec des <strong>besoins d&rsquo;impression mod\u00e9r\u00e9s<\/strong><br \/>\n\u2714\ufe0f Groupes de travail ayant besoin de   <strong>gestion s\u00e9curis\u00e9e et efficace des documents<\/strong><\/p>\n<p>Le <strong>business hub C301i<\/strong> est un <strong>multifonction fiable, rentable et facile \u00e0 utiliser<\/strong>, con\u00e7u pour am\u00e9liorer la productivit\u00e9 sur le lieu de travail tout en maintenant un <strong>haut niveau de s\u00e9curit\u00e9 et d&rsquo;\u00e9co-efficacit\u00e9<\/strong>.<\/p>\n","protected":false},"excerpt":{"rendered":"<p>Le bizhub C301i de Konica Minolta est une imprimante couleur A3 multifonctionnelle con\u00e7ue pour les petites et moyennes entreprises et les groupes de travail. Il offre des fonctions d&rsquo;impression, de num\u00e9risation, de copie et, en option, de t\u00e9l\u00e9copie de haute qualit\u00e9, tout en mettant l&rsquo;accent sur l&rsquo;efficacit\u00e9, la s\u00e9curit\u00e9 et la convivialit\u00e9. Caract\u00e9ristiques principales : [&hellip;]<\/p>\n","protected":false},"featured_media":301,"comment_status":"open","ping_status":"closed","template":"","meta":{"_acf_changed":false,"_et_pb_use_builder":"","_et_pb_old_content":"","_et_gb_content_width":""},"product_brand":[],"product_cat":[69],"product_tag":[],"class_list":{"0":"post-1085","1":"product","2":"type-product","3":"status-publish","4":"has-post-thumbnail","6":"product_cat-a3-mono-et-couleur-multifonctionnel","8":"first","9":"instock","10":"shipping-taxable","11":"purchasable","12":"product-type-simple"},"acf":[],"yoast_head":"<!-- This site is optimized with the Yoast SEO plugin v26.1 - https:\/\/yoast.com\/wordpress\/plugins\/seo\/ -->\n<title>Konica Minolta Bizhub C301i - Pro Print<\/title>\n<meta name=\"robots\" content=\"index, follow, max-snippet:-1, max-image-preview:large, max-video-preview:-1\" \/>\n<link rel=\"canonical\" href=\"https:\/\/pro-print.ca\/shop\/uncategorized\/konica-minolta-bizhub-c301i\/\" \/>\n<meta property=\"og:locale\" content=\"fr_FR\" \/>\n<meta property=\"og:type\" content=\"article\" \/>\n<meta property=\"og:title\" content=\"Konica Minolta Bizhub C301i - Pro Print\" \/>\n<meta property=\"og:description\" content=\"Le bizhub C301i de Konica Minolta est une imprimante couleur A3 multifonctionnelle con\u00e7ue pour les petites et moyennes entreprises et les groupes de travail. Il offre des fonctions d&rsquo;impression, de num\u00e9risation, de copie et, en option, de t\u00e9l\u00e9copie de haute qualit\u00e9, tout en mettant l&rsquo;accent sur l&rsquo;efficacit\u00e9, la s\u00e9curit\u00e9 et la convivialit\u00e9. Caract\u00e9ristiques principales : [&hellip;]\" \/>\n<meta property=\"og:url\" content=\"https:\/\/pro-print.ca\/shop\/uncategorized\/konica-minolta-bizhub-c301i\/\" \/>\n<meta property=\"og:site_name\" content=\"Pro Print\" \/>\n<meta property=\"article:publisher\" content=\"https:\/\/www.facebook.com\/profile.php?id=61574781855025\" \/>\n<meta name=\"twitter:card\" content=\"summary_large_image\" \/>\n<meta name=\"twitter:label1\" content=\"Est. reading time\" \/>\n\t<meta name=\"twitter:data1\" content=\"2 minutes\" \/>\n<script type=\"application\/ld+json\" class=\"yoast-schema-graph\">{\"@context\":\"https:\/\/schema.org\",\"@graph\":[{\"@type\":\"WebPage\",\"@id\":\"https:\/\/pro-print.ca\/shop\/uncategorized\/konica-minolta-bizhub-c301i\/\",\"url\":\"https:\/\/pro-print.ca\/shop\/uncategorized\/konica-minolta-bizhub-c301i\/\",\"name\":\"Konica Minolta Bizhub C301i - Pro Print\",\"isPartOf\":{\"@id\":\"https:\/\/pro-print.ca\/#website\"},\"primaryImageOfPage\":{\"@id\":\"https:\/\/pro-print.ca\/shop\/uncategorized\/konica-minolta-bizhub-c301i\/#primaryimage\"},\"image\":{\"@id\":\"https:\/\/pro-print.ca\/shop\/uncategorized\/konica-minolta-bizhub-c301i\/#primaryimage\"},\"thumbnailUrl\":\"https:\/\/pro-print.ca\/wp-content\/uploads\/2025\/03\/konica-minolta-bizhub-C251i-2.png\",\"datePublished\":\"2025-04-22T18:03:38+00:00\",\"breadcrumb\":{\"@id\":\"https:\/\/pro-print.ca\/shop\/uncategorized\/konica-minolta-bizhub-c301i\/#breadcrumb\"},\"inLanguage\":\"fr-FR\",\"potentialAction\":[{\"@type\":\"ReadAction\",\"target\":[\"https:\/\/pro-print.ca\/shop\/uncategorized\/konica-minolta-bizhub-c301i\/\"]}]},{\"@type\":\"ImageObject\",\"inLanguage\":\"fr-FR\",\"@id\":\"https:\/\/pro-print.ca\/shop\/uncategorized\/konica-minolta-bizhub-c301i\/#primaryimage\",\"url\":\"https:\/\/pro-print.ca\/wp-content\/uploads\/2025\/03\/konica-minolta-bizhub-C251i-2.png\",\"contentUrl\":\"https:\/\/pro-print.ca\/wp-content\/uploads\/2025\/03\/konica-minolta-bizhub-C251i-2.png\",\"width\":1280,\"height\":1636,\"caption\":\"Le bizhub C251i de Konica Minolta est une imprimante couleur A3 multifonctionnelle con\u00e7ue pour les petites et moyennes entreprises et les groupes de travail. Il offre des fonctions d'impression, de num\u00e9risation, de copie et, en option, de t\u00e9l\u00e9copie de haute qualit\u00e9, tout en mettant l'accent sur l'efficacit\u00e9, la s\u00e9curit\u00e9 et la convivialit\u00e9.\"},{\"@type\":\"BreadcrumbList\",\"@id\":\"https:\/\/pro-print.ca\/shop\/uncategorized\/konica-minolta-bizhub-c301i\/#breadcrumb\",\"itemListElement\":[{\"@type\":\"ListItem\",\"position\":1,\"name\":\"Home\",\"item\":\"https:\/\/pro-print.ca\/\"},{\"@type\":\"ListItem\",\"position\":2,\"name\":\"Boutique\",\"item\":\"https:\/\/pro-print.ca\/fr\/boutique\/\"},{\"@type\":\"ListItem\",\"position\":3,\"name\":\"Konica Minolta Bizhub C301i\"}]},{\"@type\":\"WebSite\",\"@id\":\"https:\/\/pro-print.ca\/#website\",\"url\":\"https:\/\/pro-print.ca\/\",\"name\":\"Pro Print\",\"description\":\"Your print, our priority\",\"publisher\":{\"@id\":\"https:\/\/pro-print.ca\/#organization\"},\"potentialAction\":[{\"@type\":\"SearchAction\",\"target\":{\"@type\":\"EntryPoint\",\"urlTemplate\":\"https:\/\/pro-print.ca\/?s={search_term_string}\"},\"query-input\":{\"@type\":\"PropertyValueSpecification\",\"valueRequired\":true,\"valueName\":\"search_term_string\"}}],\"inLanguage\":\"fr-FR\"},{\"@type\":\"Organization\",\"@id\":\"https:\/\/pro-print.ca\/#organization\",\"name\":\"Pro Print\",\"url\":\"https:\/\/pro-print.ca\/\",\"logo\":{\"@type\":\"ImageObject\",\"inLanguage\":\"fr-FR\",\"@id\":\"https:\/\/pro-print.ca\/#\/schema\/logo\/image\/\",\"url\":\"https:\/\/pro-print.ca\/wp-content\/uploads\/2025\/04\/pro_print_logotype_on_blue.png\",\"contentUrl\":\"https:\/\/pro-print.ca\/wp-content\/uploads\/2025\/04\/pro_print_logotype_on_blue.png\",\"width\":4164,\"height\":1500,\"caption\":\"Pro Print\"},\"image\":{\"@id\":\"https:\/\/pro-print.ca\/#\/schema\/logo\/image\/\"},\"sameAs\":[\"https:\/\/www.facebook.com\/profile.php?id=61574781855025\",\"https:\/\/www.linkedin.com\/company\/pro-print-managed-solutions\"]}]}<\/script>\n<!-- \/ Yoast SEO plugin. -->","yoast_head_json":{"title":"Konica Minolta Bizhub C301i - Pro Print","robots":{"index":"index","follow":"follow","max-snippet":"max-snippet:-1","max-image-preview":"max-image-preview:large","max-video-preview":"max-video-preview:-1"},"canonical":"https:\/\/pro-print.ca\/shop\/uncategorized\/konica-minolta-bizhub-c301i\/","og_locale":"fr_FR","og_type":"article","og_title":"Konica Minolta Bizhub C301i - Pro Print","og_description":"Le bizhub C301i de Konica Minolta est une imprimante couleur A3 multifonctionnelle con\u00e7ue pour les petites et moyennes entreprises et les groupes de travail. Il offre des fonctions d&rsquo;impression, de num\u00e9risation, de copie et, en option, de t\u00e9l\u00e9copie de haute qualit\u00e9, tout en mettant l&rsquo;accent sur l&rsquo;efficacit\u00e9, la s\u00e9curit\u00e9 et la convivialit\u00e9. Caract\u00e9ristiques principales : [&hellip;]","og_url":"https:\/\/pro-print.ca\/shop\/uncategorized\/konica-minolta-bizhub-c301i\/","og_site_name":"Pro Print","article_publisher":"https:\/\/www.facebook.com\/profile.php?id=61574781855025","twitter_card":"summary_large_image","twitter_misc":{"Est. reading time":"2 minutes"},"schema":{"@context":"https:\/\/schema.org","@graph":[{"@type":"WebPage","@id":"https:\/\/pro-print.ca\/shop\/uncategorized\/konica-minolta-bizhub-c301i\/","url":"https:\/\/pro-print.ca\/shop\/uncategorized\/konica-minolta-bizhub-c301i\/","name":"Konica Minolta Bizhub C301i - Pro Print","isPartOf":{"@id":"https:\/\/pro-print.ca\/#website"},"primaryImageOfPage":{"@id":"https:\/\/pro-print.ca\/shop\/uncategorized\/konica-minolta-bizhub-c301i\/#primaryimage"},"image":{"@id":"https:\/\/pro-print.ca\/shop\/uncategorized\/konica-minolta-bizhub-c301i\/#primaryimage"},"thumbnailUrl":"https:\/\/pro-print.ca\/wp-content\/uploads\/2025\/03\/konica-minolta-bizhub-C251i-2.png","datePublished":"2025-04-22T18:03:38+00:00","breadcrumb":{"@id":"https:\/\/pro-print.ca\/shop\/uncategorized\/konica-minolta-bizhub-c301i\/#breadcrumb"},"inLanguage":"fr-FR","potentialAction":[{"@type":"ReadAction","target":["https:\/\/pro-print.ca\/shop\/uncategorized\/konica-minolta-bizhub-c301i\/"]}]},{"@type":"ImageObject","inLanguage":"fr-FR","@id":"https:\/\/pro-print.ca\/shop\/uncategorized\/konica-minolta-bizhub-c301i\/#primaryimage","url":"https:\/\/pro-print.ca\/wp-content\/uploads\/2025\/03\/konica-minolta-bizhub-C251i-2.png","contentUrl":"https:\/\/pro-print.ca\/wp-content\/uploads\/2025\/03\/konica-minolta-bizhub-C251i-2.png","width":1280,"height":1636,"caption":"Le bizhub C251i de Konica Minolta est une imprimante couleur A3 multifonctionnelle con\u00e7ue pour les petites et moyennes entreprises et les groupes de travail. Il offre des fonctions d'impression, de num\u00e9risation, de copie et, en option, de t\u00e9l\u00e9copie de haute qualit\u00e9, tout en mettant l'accent sur l'efficacit\u00e9, la s\u00e9curit\u00e9 et la convivialit\u00e9."},{"@type":"BreadcrumbList","@id":"https:\/\/pro-print.ca\/shop\/uncategorized\/konica-minolta-bizhub-c301i\/#breadcrumb","itemListElement":[{"@type":"ListItem","position":1,"name":"Home","item":"https:\/\/pro-print.ca\/"},{"@type":"ListItem","position":2,"name":"Boutique","item":"https:\/\/pro-print.ca\/fr\/boutique\/"},{"@type":"ListItem","position":3,"name":"Konica Minolta Bizhub C301i"}]},{"@type":"WebSite","@id":"https:\/\/pro-print.ca\/#website","url":"https:\/\/pro-print.ca\/","name":"Pro Print","description":"Your print, our priority","publisher":{"@id":"https:\/\/pro-print.ca\/#organization"},"potentialAction":[{"@type":"SearchAction","target":{"@type":"EntryPoint","urlTemplate":"https:\/\/pro-print.ca\/?s={search_term_string}"},"query-input":{"@type":"PropertyValueSpecification","valueRequired":true,"valueName":"search_term_string"}}],"inLanguage":"fr-FR"},{"@type":"Organization","@id":"https:\/\/pro-print.ca\/#organization","name":"Pro Print","url":"https:\/\/pro-print.ca\/","logo":{"@type":"ImageObject","inLanguage":"fr-FR","@id":"https:\/\/pro-print.ca\/#\/schema\/logo\/image\/","url":"https:\/\/pro-print.ca\/wp-content\/uploads\/2025\/04\/pro_print_logotype_on_blue.png","contentUrl":"https:\/\/pro-print.ca\/wp-content\/uploads\/2025\/04\/pro_print_logotype_on_blue.png","width":4164,"height":1500,"caption":"Pro Print"},"image":{"@id":"https:\/\/pro-print.ca\/#\/schema\/logo\/image\/"},"sameAs":["https:\/\/www.facebook.com\/profile.php?id=61574781855025","https:\/\/www.linkedin.com\/company\/pro-print-managed-solutions"]}]}},"_links":{"self":[{"href":"https:\/\/pro-print.ca\/fr\/wp-json\/wp\/v2\/product\/1085","targetHints":{"allow":["GET"]}}],"collection":[{"href":"https:\/\/pro-print.ca\/fr\/wp-json\/wp\/v2\/product"}],"about":[{"href":"https:\/\/pro-print.ca\/fr\/wp-json\/wp\/v2\/types\/product"}],"replies":[{"embeddable":true,"href":"https:\/\/pro-print.ca\/fr\/wp-json\/wp\/v2\/comments?post=1085"}],"wp:featuredmedia":[{"embeddable":true,"href":"https:\/\/pro-print.ca\/fr\/wp-json\/wp\/v2\/media\/301"}],"wp:attachment":[{"href":"https:\/\/pro-print.ca\/fr\/wp-json\/wp\/v2\/media?parent=1085"}],"wp:term":[{"taxonomy":"product_brand","embeddable":true,"href":"https:\/\/pro-print.ca\/fr\/wp-json\/wp\/v2\/product_brand?post=1085"},{"taxonomy":"product_cat","embeddable":true,"href":"https:\/\/pro-print.ca\/fr\/wp-json\/wp\/v2\/product_cat?post=1085"},{"taxonomy":"product_tag","embeddable":true,"href":"https:\/\/pro-print.ca\/fr\/wp-json\/wp\/v2\/product_tag?post=1085"}],"curies":[{"name":"wp","href":"https:\/\/api.w.org\/{rel}","templated":true}]}}