

{"id":1081,"date":"2025-04-22T14:03:43","date_gmt":"2025-04-22T18:03:43","guid":{"rendered":"https:\/\/pro-print.ca\/shop\/uncategorized\/accuriopress-6272p\/"},"modified":"2025-04-22T14:03:43","modified_gmt":"2025-04-22T18:03:43","slug":"accuriopress-6272p","status":"publish","type":"product","link":"https:\/\/pro-print.ca\/fr\/boutique\/mono-and-color-digital-presses\/accuriopress-6272p\/","title":{"rendered":"AccurioPress 6272P"},"content":{"rendered":"<h3>Description du produit<\/h3>\n<p>L&rsquo;AccurioPress 6272P offre des performances \u00e9lev\u00e9es, une construction robuste et une automatisation avanc\u00e9e, y compris une grande vari\u00e9t\u00e9 de finitions en ligne. Elle utilise un syst\u00e8me \u00e0 double moteur bas\u00e9 sur l&rsquo;AccurioPress 6136P \u00e0 moteur unique qui a connu un grand succ\u00e8s. Ce produit monochrome phare offre \u00e0 nos clients la meilleure productivit\u00e9, fiabilit\u00e9, durabilit\u00e9 et automatisation de sa cat\u00e9gorie. La presse imprime 272 ipm en recto-verso pour respecter les d\u00e9lais d&rsquo;impression extr\u00eamement serr\u00e9s.   <\/p>\n<p><strong>Impression \u00e0 grande vitesse<\/strong>: L&rsquo;AccurioPress 6272P utilise un syst\u00e8me \u00e0 double moteur pour atteindre des vitesses allant jusqu&rsquo;\u00e0 272 images par minute en impression recto-verso.<\/p>\n<p><strong>Capacit\u00e9 de support robuste<\/strong>: L&rsquo;AccurioPress 6272P prend en charge une large gamme de supports, y compris les papiers couch\u00e9s et non couch\u00e9s, dans des grammages allant de 40 g\/m\u00b2 \u00e0 350 g\/m\u00b2. Cette presse est con\u00e7ue pour des tirages ininterrompus avec une capacit\u00e9 papier maximale de 18 000 feuilles et une capacit\u00e9 de sortie maximale de 18 600 feuilles avec 3 empileurs haute capacit\u00e9 en ligne. <\/p>\n<p><strong>Finition en ligne puissante<\/strong>: une grande vari\u00e9t\u00e9 de finitions professionnelles est disponible pour produire des livres piqu\u00e9s \u00e0 cheval, des livres \u00e0 reliure parfaite, des perforations GBC et des reliures \u00e0 fil, des triplures, des demi-pliures et bien d&rsquo;autres choses encore.<\/p>\n<p><strong>Flux de travail rationalis\u00e9<\/strong>: L&rsquo;AccurioPress 6272P est \u00e9quip\u00e9e en standard du contr\u00f4leur d&rsquo;impression Konica Minolta. AccurioPro Print Manager est disponible pour faciliter la saisie de fichiers par glisser-d\u00e9poser, la mise en file d&rsquo;attente des travaux, l&rsquo;\u00e9dition des pages et les hot folders. <\/p>\n<p>Une <strong>qualit\u00e9 d&rsquo;image \u00e9tonnante<\/strong>: L&rsquo;AccurioPress 6272P offre une qualit\u00e9 d&rsquo;image sup\u00e9rieure de 1 200 x 1 200 ppp gr\u00e2ce \u00e0 sa t\u00eate d&rsquo;impression LED. Cela am\u00e9liore la reproductibilit\u00e9 des petites polices et la fluidit\u00e9 de la reproduction des demi-teintes. Elle utilise la CIE lors de la conversion de documents couleur en noir et blanc pour fournir des gradations plus riches qu&rsquo;une conversion conventionnelle.  <\/p>\n","protected":false},"excerpt":{"rendered":"<p>Description du produit L&rsquo;AccurioPress 6272P offre des performances \u00e9lev\u00e9es, une construction robuste et une automatisation avanc\u00e9e, y compris une grande vari\u00e9t\u00e9 de finitions en ligne. Elle utilise un syst\u00e8me \u00e0 double moteur bas\u00e9 sur l&rsquo;AccurioPress 6136P \u00e0 moteur unique qui a connu un grand succ\u00e8s. Ce produit monochrome phare offre \u00e0 nos clients la meilleure [&hellip;]<\/p>\n","protected":false},"featured_media":1083,"comment_status":"open","ping_status":"closed","template":"","meta":{"_acf_changed":false,"_et_pb_use_builder":"","_et_pb_old_content":"","_et_gb_content_width":""},"product_brand":[],"product_cat":[35],"product_tag":[],"class_list":{"0":"post-1081","1":"product","2":"type-product","3":"status-publish","4":"has-post-thumbnail","6":"product_cat-mono-and-color-digital-presses","8":"first","9":"instock","10":"shipping-taxable","11":"purchasable","12":"product-type-simple"},"acf":[],"yoast_head":"<!-- This site is optimized with the Yoast SEO plugin v26.1 - https:\/\/yoast.com\/wordpress\/plugins\/seo\/ -->\n<title>AccurioPress 6272P - Pro Print<\/title>\n<meta name=\"robots\" content=\"index, follow, max-snippet:-1, max-image-preview:large, max-video-preview:-1\" \/>\n<link rel=\"canonical\" href=\"https:\/\/pro-print.ca\/shop\/uncategorized\/accuriopress-6272p\/\" \/>\n<meta property=\"og:locale\" content=\"fr_FR\" \/>\n<meta property=\"og:type\" content=\"article\" \/>\n<meta property=\"og:title\" content=\"AccurioPress 6272P - Pro Print\" \/>\n<meta property=\"og:description\" content=\"Description du produit L&rsquo;AccurioPress 6272P offre des performances \u00e9lev\u00e9es, une construction robuste et une automatisation avanc\u00e9e, y compris une grande vari\u00e9t\u00e9 de finitions en ligne. Elle utilise un syst\u00e8me \u00e0 double moteur bas\u00e9 sur l&rsquo;AccurioPress 6136P \u00e0 moteur unique qui a connu un grand succ\u00e8s. Ce produit monochrome phare offre \u00e0 nos clients la meilleure [&hellip;]\" \/>\n<meta property=\"og:url\" content=\"https:\/\/pro-print.ca\/shop\/uncategorized\/accuriopress-6272p\/\" \/>\n<meta property=\"og:site_name\" content=\"Pro Print\" \/>\n<meta property=\"article:publisher\" content=\"https:\/\/www.facebook.com\/profile.php?id=61574781855025\" \/>\n<meta name=\"twitter:card\" content=\"summary_large_image\" \/>\n<meta name=\"twitter:label1\" content=\"Est. reading time\" \/>\n\t<meta name=\"twitter:data1\" content=\"2 minutes\" \/>\n<script type=\"application\/ld+json\" class=\"yoast-schema-graph\">{\"@context\":\"https:\/\/schema.org\",\"@graph\":[{\"@type\":\"WebPage\",\"@id\":\"https:\/\/pro-print.ca\/shop\/uncategorized\/accuriopress-6272p\/\",\"url\":\"https:\/\/pro-print.ca\/shop\/uncategorized\/accuriopress-6272p\/\",\"name\":\"AccurioPress 6272P - Pro Print\",\"isPartOf\":{\"@id\":\"https:\/\/pro-print.ca\/#website\"},\"primaryImageOfPage\":{\"@id\":\"https:\/\/pro-print.ca\/shop\/uncategorized\/accuriopress-6272p\/#primaryimage\"},\"image\":{\"@id\":\"https:\/\/pro-print.ca\/shop\/uncategorized\/accuriopress-6272p\/#primaryimage\"},\"thumbnailUrl\":\"https:\/\/pro-print.ca\/wp-content\/uploads\/2025\/04\/Konica-Minolta-AccurioPress-6272P.jpg\",\"datePublished\":\"2025-04-22T18:03:43+00:00\",\"breadcrumb\":{\"@id\":\"https:\/\/pro-print.ca\/shop\/uncategorized\/accuriopress-6272p\/#breadcrumb\"},\"inLanguage\":\"fr-FR\",\"potentialAction\":[{\"@type\":\"ReadAction\",\"target\":[\"https:\/\/pro-print.ca\/shop\/uncategorized\/accuriopress-6272p\/\"]}]},{\"@type\":\"ImageObject\",\"inLanguage\":\"fr-FR\",\"@id\":\"https:\/\/pro-print.ca\/shop\/uncategorized\/accuriopress-6272p\/#primaryimage\",\"url\":\"https:\/\/pro-print.ca\/wp-content\/uploads\/2025\/04\/Konica-Minolta-AccurioPress-6272P.jpg\",\"contentUrl\":\"https:\/\/pro-print.ca\/wp-content\/uploads\/2025\/04\/Konica-Minolta-AccurioPress-6272P.jpg\",\"width\":2100,\"height\":450},{\"@type\":\"BreadcrumbList\",\"@id\":\"https:\/\/pro-print.ca\/shop\/uncategorized\/accuriopress-6272p\/#breadcrumb\",\"itemListElement\":[{\"@type\":\"ListItem\",\"position\":1,\"name\":\"Home\",\"item\":\"https:\/\/pro-print.ca\/\"},{\"@type\":\"ListItem\",\"position\":2,\"name\":\"Boutique\",\"item\":\"https:\/\/pro-print.ca\/fr\/boutique\/\"},{\"@type\":\"ListItem\",\"position\":3,\"name\":\"AccurioPress 6272P\"}]},{\"@type\":\"WebSite\",\"@id\":\"https:\/\/pro-print.ca\/#website\",\"url\":\"https:\/\/pro-print.ca\/\",\"name\":\"Pro Print\",\"description\":\"Your print, our priority\",\"publisher\":{\"@id\":\"https:\/\/pro-print.ca\/#organization\"},\"potentialAction\":[{\"@type\":\"SearchAction\",\"target\":{\"@type\":\"EntryPoint\",\"urlTemplate\":\"https:\/\/pro-print.ca\/?s={search_term_string}\"},\"query-input\":{\"@type\":\"PropertyValueSpecification\",\"valueRequired\":true,\"valueName\":\"search_term_string\"}}],\"inLanguage\":\"fr-FR\"},{\"@type\":\"Organization\",\"@id\":\"https:\/\/pro-print.ca\/#organization\",\"name\":\"Pro Print\",\"url\":\"https:\/\/pro-print.ca\/\",\"logo\":{\"@type\":\"ImageObject\",\"inLanguage\":\"fr-FR\",\"@id\":\"https:\/\/pro-print.ca\/#\/schema\/logo\/image\/\",\"url\":\"https:\/\/pro-print.ca\/wp-content\/uploads\/2025\/04\/pro_print_logotype_on_blue.png\",\"contentUrl\":\"https:\/\/pro-print.ca\/wp-content\/uploads\/2025\/04\/pro_print_logotype_on_blue.png\",\"width\":4164,\"height\":1500,\"caption\":\"Pro Print\"},\"image\":{\"@id\":\"https:\/\/pro-print.ca\/#\/schema\/logo\/image\/\"},\"sameAs\":[\"https:\/\/www.facebook.com\/profile.php?id=61574781855025\",\"https:\/\/www.linkedin.com\/company\/pro-print-managed-solutions\"]}]}<\/script>\n<!-- \/ Yoast SEO plugin. -->","yoast_head_json":{"title":"AccurioPress 6272P - Pro Print","robots":{"index":"index","follow":"follow","max-snippet":"max-snippet:-1","max-image-preview":"max-image-preview:large","max-video-preview":"max-video-preview:-1"},"canonical":"https:\/\/pro-print.ca\/shop\/uncategorized\/accuriopress-6272p\/","og_locale":"fr_FR","og_type":"article","og_title":"AccurioPress 6272P - Pro Print","og_description":"Description du produit L&rsquo;AccurioPress 6272P offre des performances \u00e9lev\u00e9es, une construction robuste et une automatisation avanc\u00e9e, y compris une grande vari\u00e9t\u00e9 de finitions en ligne. Elle utilise un syst\u00e8me \u00e0 double moteur bas\u00e9 sur l&rsquo;AccurioPress 6136P \u00e0 moteur unique qui a connu un grand succ\u00e8s. Ce produit monochrome phare offre \u00e0 nos clients la meilleure [&hellip;]","og_url":"https:\/\/pro-print.ca\/shop\/uncategorized\/accuriopress-6272p\/","og_site_name":"Pro Print","article_publisher":"https:\/\/www.facebook.com\/profile.php?id=61574781855025","twitter_card":"summary_large_image","twitter_misc":{"Est. reading time":"2 minutes"},"schema":{"@context":"https:\/\/schema.org","@graph":[{"@type":"WebPage","@id":"https:\/\/pro-print.ca\/shop\/uncategorized\/accuriopress-6272p\/","url":"https:\/\/pro-print.ca\/shop\/uncategorized\/accuriopress-6272p\/","name":"AccurioPress 6272P - Pro Print","isPartOf":{"@id":"https:\/\/pro-print.ca\/#website"},"primaryImageOfPage":{"@id":"https:\/\/pro-print.ca\/shop\/uncategorized\/accuriopress-6272p\/#primaryimage"},"image":{"@id":"https:\/\/pro-print.ca\/shop\/uncategorized\/accuriopress-6272p\/#primaryimage"},"thumbnailUrl":"https:\/\/pro-print.ca\/wp-content\/uploads\/2025\/04\/Konica-Minolta-AccurioPress-6272P.jpg","datePublished":"2025-04-22T18:03:43+00:00","breadcrumb":{"@id":"https:\/\/pro-print.ca\/shop\/uncategorized\/accuriopress-6272p\/#breadcrumb"},"inLanguage":"fr-FR","potentialAction":[{"@type":"ReadAction","target":["https:\/\/pro-print.ca\/shop\/uncategorized\/accuriopress-6272p\/"]}]},{"@type":"ImageObject","inLanguage":"fr-FR","@id":"https:\/\/pro-print.ca\/shop\/uncategorized\/accuriopress-6272p\/#primaryimage","url":"https:\/\/pro-print.ca\/wp-content\/uploads\/2025\/04\/Konica-Minolta-AccurioPress-6272P.jpg","contentUrl":"https:\/\/pro-print.ca\/wp-content\/uploads\/2025\/04\/Konica-Minolta-AccurioPress-6272P.jpg","width":2100,"height":450},{"@type":"BreadcrumbList","@id":"https:\/\/pro-print.ca\/shop\/uncategorized\/accuriopress-6272p\/#breadcrumb","itemListElement":[{"@type":"ListItem","position":1,"name":"Home","item":"https:\/\/pro-print.ca\/"},{"@type":"ListItem","position":2,"name":"Boutique","item":"https:\/\/pro-print.ca\/fr\/boutique\/"},{"@type":"ListItem","position":3,"name":"AccurioPress 6272P"}]},{"@type":"WebSite","@id":"https:\/\/pro-print.ca\/#website","url":"https:\/\/pro-print.ca\/","name":"Pro Print","description":"Your print, our priority","publisher":{"@id":"https:\/\/pro-print.ca\/#organization"},"potentialAction":[{"@type":"SearchAction","target":{"@type":"EntryPoint","urlTemplate":"https:\/\/pro-print.ca\/?s={search_term_string}"},"query-input":{"@type":"PropertyValueSpecification","valueRequired":true,"valueName":"search_term_string"}}],"inLanguage":"fr-FR"},{"@type":"Organization","@id":"https:\/\/pro-print.ca\/#organization","name":"Pro Print","url":"https:\/\/pro-print.ca\/","logo":{"@type":"ImageObject","inLanguage":"fr-FR","@id":"https:\/\/pro-print.ca\/#\/schema\/logo\/image\/","url":"https:\/\/pro-print.ca\/wp-content\/uploads\/2025\/04\/pro_print_logotype_on_blue.png","contentUrl":"https:\/\/pro-print.ca\/wp-content\/uploads\/2025\/04\/pro_print_logotype_on_blue.png","width":4164,"height":1500,"caption":"Pro Print"},"image":{"@id":"https:\/\/pro-print.ca\/#\/schema\/logo\/image\/"},"sameAs":["https:\/\/www.facebook.com\/profile.php?id=61574781855025","https:\/\/www.linkedin.com\/company\/pro-print-managed-solutions"]}]}},"_links":{"self":[{"href":"https:\/\/pro-print.ca\/fr\/wp-json\/wp\/v2\/product\/1081","targetHints":{"allow":["GET"]}}],"collection":[{"href":"https:\/\/pro-print.ca\/fr\/wp-json\/wp\/v2\/product"}],"about":[{"href":"https:\/\/pro-print.ca\/fr\/wp-json\/wp\/v2\/types\/product"}],"replies":[{"embeddable":true,"href":"https:\/\/pro-print.ca\/fr\/wp-json\/wp\/v2\/comments?post=1081"}],"wp:featuredmedia":[{"embeddable":true,"href":"https:\/\/pro-print.ca\/fr\/wp-json\/wp\/v2\/media\/1083"}],"wp:attachment":[{"href":"https:\/\/pro-print.ca\/fr\/wp-json\/wp\/v2\/media?parent=1081"}],"wp:term":[{"taxonomy":"product_brand","embeddable":true,"href":"https:\/\/pro-print.ca\/fr\/wp-json\/wp\/v2\/product_brand?post=1081"},{"taxonomy":"product_cat","embeddable":true,"href":"https:\/\/pro-print.ca\/fr\/wp-json\/wp\/v2\/product_cat?post=1081"},{"taxonomy":"product_tag","embeddable":true,"href":"https:\/\/pro-print.ca\/fr\/wp-json\/wp\/v2\/product_tag?post=1081"}],"curies":[{"name":"wp","href":"https:\/\/api.w.org\/{rel}","templated":true}]}}