

{"id":1079,"date":"2025-04-22T14:03:41","date_gmt":"2025-04-22T18:03:41","guid":{"rendered":"https:\/\/pro-print.ca\/shop\/uncategorized\/brother-mfcl8905cdw-imprimante-laser-couleur-professionnelle-tout-en-un\/"},"modified":"2025-04-22T14:03:41","modified_gmt":"2025-04-22T18:03:41","slug":"brother-mfcl8905cdw-imprimante-laser-couleur-professionnelle-tout-en-un","status":"publish","type":"product","link":"https:\/\/pro-print.ca\/fr\/boutique\/imprimantes-monochromes-et-couleur-et-multifonctions\/brother-mfcl8905cdw-imprimante-laser-couleur-professionnelle-tout-en-un\/","title":{"rendered":"Brother MFCL8905CDW Imprimante laser couleur professionnelle tout-en-un"},"content":{"rendered":"<h3>Description du produit<\/h3>\n<p>L&rsquo;imprimante laser couleur tout-en-un Brother MFC-L8905CDW est id\u00e9ale pour les entreprises ou les groupes de travail dont les volumes d&rsquo;impression sont \u00e9lev\u00e9s et qui recherchent des performances fiables, des fonctions de s\u00e9curit\u00e9 avanc\u00e9es et des r\u00e9sultats de haute qualit\u00e9. Elle permet d&rsquo;imprimer \u00e0 moindre co\u00fbt en utilisant des cartouches de remplacement TN437 \u00e0 tr\u00e8s haut rendement pour 9 000 pages en noir et 8 000 pages en couleur. Profitez de fonctionnalit\u00e9s pratiques et efficaces comme l&rsquo;impression et la copie recto verso automatiques jusqu&rsquo;\u00e0 33 ppm en noir et en couleur, un chargeur automatique de documents d&rsquo;une capacit\u00e9 de 70 pages qui num\u00e9rise les deux c\u00f4t\u00e9s de la page en un seul passage pour une num\u00e9risation recto verso rapide, un \u00e9cran tactile couleur de 7 pouces et l&rsquo;impression ou la num\u00e9risation facile \u00e0 partir d&rsquo;une grande vari\u00e9t\u00e9 d&rsquo;appareils mobiles.  <\/p>\n","protected":false},"excerpt":{"rendered":"<p>Description du produit L&rsquo;imprimante laser couleur tout-en-un Brother MFC-L8905CDW est id\u00e9ale pour les entreprises ou les groupes de travail dont les volumes d&rsquo;impression sont \u00e9lev\u00e9s et qui recherchent des performances fiables, des fonctions de s\u00e9curit\u00e9 avanc\u00e9es et des r\u00e9sultats de haute qualit\u00e9. Elle permet d&rsquo;imprimer \u00e0 moindre co\u00fbt en utilisant des cartouches de remplacement TN437 [&hellip;]<\/p>\n","protected":false},"featured_media":1082,"comment_status":"open","ping_status":"closed","template":"","meta":{"_acf_changed":false,"_et_pb_use_builder":"","_et_pb_old_content":"","_et_gb_content_width":""},"product_brand":[],"product_cat":[74],"product_tag":[],"class_list":{"0":"post-1079","1":"product","2":"type-product","3":"status-publish","4":"has-post-thumbnail","6":"product_cat-imprimantes-monochromes-et-couleur-et-multifonctions","8":"first","9":"instock","10":"shipping-taxable","11":"purchasable","12":"product-type-simple"},"acf":[],"yoast_head":"<!-- This site is optimized with the Yoast SEO plugin v26.1 - https:\/\/yoast.com\/wordpress\/plugins\/seo\/ -->\n<title>Brother MFCL8905CDW Imprimante laser couleur professionnelle tout-en-un - Pro Print<\/title>\n<meta name=\"robots\" content=\"index, follow, max-snippet:-1, max-image-preview:large, max-video-preview:-1\" \/>\n<link rel=\"canonical\" href=\"https:\/\/pro-print.ca\/shop\/uncategorized\/brother-mfcl8905cdw-imprimante-laser-couleur-professionnelle-tout-en-un\/\" \/>\n<meta property=\"og:locale\" content=\"fr_FR\" \/>\n<meta property=\"og:type\" content=\"article\" \/>\n<meta property=\"og:title\" content=\"Brother MFCL8905CDW Imprimante laser couleur professionnelle tout-en-un - Pro Print\" \/>\n<meta property=\"og:description\" content=\"Description du produit L&rsquo;imprimante laser couleur tout-en-un Brother MFC-L8905CDW est id\u00e9ale pour les entreprises ou les groupes de travail dont les volumes d&rsquo;impression sont \u00e9lev\u00e9s et qui recherchent des performances fiables, des fonctions de s\u00e9curit\u00e9 avanc\u00e9es et des r\u00e9sultats de haute qualit\u00e9. Elle permet d&rsquo;imprimer \u00e0 moindre co\u00fbt en utilisant des cartouches de remplacement TN437 [&hellip;]\" \/>\n<meta property=\"og:url\" content=\"https:\/\/pro-print.ca\/shop\/uncategorized\/brother-mfcl8905cdw-imprimante-laser-couleur-professionnelle-tout-en-un\/\" \/>\n<meta property=\"og:site_name\" content=\"Pro Print\" \/>\n<meta property=\"article:publisher\" content=\"https:\/\/www.facebook.com\/profile.php?id=61574781855025\" \/>\n<meta name=\"twitter:card\" content=\"summary_large_image\" \/>\n<meta name=\"twitter:label1\" content=\"Est. reading time\" \/>\n\t<meta name=\"twitter:data1\" content=\"1 minute\" \/>\n<script type=\"application\/ld+json\" class=\"yoast-schema-graph\">{\"@context\":\"https:\/\/schema.org\",\"@graph\":[{\"@type\":\"WebPage\",\"@id\":\"https:\/\/pro-print.ca\/shop\/uncategorized\/brother-mfcl8905cdw-imprimante-laser-couleur-professionnelle-tout-en-un\/\",\"url\":\"https:\/\/pro-print.ca\/shop\/uncategorized\/brother-mfcl8905cdw-imprimante-laser-couleur-professionnelle-tout-en-un\/\",\"name\":\"Brother MFCL8905CDW Imprimante laser couleur professionnelle tout-en-un - Pro Print\",\"isPartOf\":{\"@id\":\"https:\/\/pro-print.ca\/#website\"},\"primaryImageOfPage\":{\"@id\":\"https:\/\/pro-print.ca\/shop\/uncategorized\/brother-mfcl8905cdw-imprimante-laser-couleur-professionnelle-tout-en-un\/#primaryimage\"},\"image\":{\"@id\":\"https:\/\/pro-print.ca\/shop\/uncategorized\/brother-mfcl8905cdw-imprimante-laser-couleur-professionnelle-tout-en-un\/#primaryimage\"},\"thumbnailUrl\":\"https:\/\/pro-print.ca\/wp-content\/uploads\/2025\/04\/Brother-MFCL8905CDW-Business-Colour-Laser-All\u2010in\u2010One-Printer.jpeg\",\"datePublished\":\"2025-04-22T18:03:41+00:00\",\"breadcrumb\":{\"@id\":\"https:\/\/pro-print.ca\/shop\/uncategorized\/brother-mfcl8905cdw-imprimante-laser-couleur-professionnelle-tout-en-un\/#breadcrumb\"},\"inLanguage\":\"fr-FR\",\"potentialAction\":[{\"@type\":\"ReadAction\",\"target\":[\"https:\/\/pro-print.ca\/shop\/uncategorized\/brother-mfcl8905cdw-imprimante-laser-couleur-professionnelle-tout-en-un\/\"]}]},{\"@type\":\"ImageObject\",\"inLanguage\":\"fr-FR\",\"@id\":\"https:\/\/pro-print.ca\/shop\/uncategorized\/brother-mfcl8905cdw-imprimante-laser-couleur-professionnelle-tout-en-un\/#primaryimage\",\"url\":\"https:\/\/pro-print.ca\/wp-content\/uploads\/2025\/04\/Brother-MFCL8905CDW-Business-Colour-Laser-All\u2010in\u2010One-Printer.jpeg\",\"contentUrl\":\"https:\/\/pro-print.ca\/wp-content\/uploads\/2025\/04\/Brother-MFCL8905CDW-Business-Colour-Laser-All\u2010in\u2010One-Printer.jpeg\",\"width\":200,\"height\":200},{\"@type\":\"BreadcrumbList\",\"@id\":\"https:\/\/pro-print.ca\/shop\/uncategorized\/brother-mfcl8905cdw-imprimante-laser-couleur-professionnelle-tout-en-un\/#breadcrumb\",\"itemListElement\":[{\"@type\":\"ListItem\",\"position\":1,\"name\":\"Home\",\"item\":\"https:\/\/pro-print.ca\/\"},{\"@type\":\"ListItem\",\"position\":2,\"name\":\"Boutique\",\"item\":\"https:\/\/pro-print.ca\/fr\/boutique\/\"},{\"@type\":\"ListItem\",\"position\":3,\"name\":\"Brother MFCL8905CDW Imprimante laser couleur professionnelle tout-en-un\"}]},{\"@type\":\"WebSite\",\"@id\":\"https:\/\/pro-print.ca\/#website\",\"url\":\"https:\/\/pro-print.ca\/\",\"name\":\"Pro Print\",\"description\":\"Your print, our priority\",\"publisher\":{\"@id\":\"https:\/\/pro-print.ca\/#organization\"},\"potentialAction\":[{\"@type\":\"SearchAction\",\"target\":{\"@type\":\"EntryPoint\",\"urlTemplate\":\"https:\/\/pro-print.ca\/?s={search_term_string}\"},\"query-input\":{\"@type\":\"PropertyValueSpecification\",\"valueRequired\":true,\"valueName\":\"search_term_string\"}}],\"inLanguage\":\"fr-FR\"},{\"@type\":\"Organization\",\"@id\":\"https:\/\/pro-print.ca\/#organization\",\"name\":\"Pro Print\",\"url\":\"https:\/\/pro-print.ca\/\",\"logo\":{\"@type\":\"ImageObject\",\"inLanguage\":\"fr-FR\",\"@id\":\"https:\/\/pro-print.ca\/#\/schema\/logo\/image\/\",\"url\":\"https:\/\/pro-print.ca\/wp-content\/uploads\/2025\/04\/pro_print_logotype_on_blue.png\",\"contentUrl\":\"https:\/\/pro-print.ca\/wp-content\/uploads\/2025\/04\/pro_print_logotype_on_blue.png\",\"width\":4164,\"height\":1500,\"caption\":\"Pro Print\"},\"image\":{\"@id\":\"https:\/\/pro-print.ca\/#\/schema\/logo\/image\/\"},\"sameAs\":[\"https:\/\/www.facebook.com\/profile.php?id=61574781855025\",\"https:\/\/www.linkedin.com\/company\/pro-print-managed-solutions\"]}]}<\/script>\n<!-- \/ Yoast SEO plugin. -->","yoast_head_json":{"title":"Brother MFCL8905CDW Imprimante laser couleur professionnelle tout-en-un - Pro Print","robots":{"index":"index","follow":"follow","max-snippet":"max-snippet:-1","max-image-preview":"max-image-preview:large","max-video-preview":"max-video-preview:-1"},"canonical":"https:\/\/pro-print.ca\/shop\/uncategorized\/brother-mfcl8905cdw-imprimante-laser-couleur-professionnelle-tout-en-un\/","og_locale":"fr_FR","og_type":"article","og_title":"Brother MFCL8905CDW Imprimante laser couleur professionnelle tout-en-un - Pro Print","og_description":"Description du produit L&rsquo;imprimante laser couleur tout-en-un Brother MFC-L8905CDW est id\u00e9ale pour les entreprises ou les groupes de travail dont les volumes d&rsquo;impression sont \u00e9lev\u00e9s et qui recherchent des performances fiables, des fonctions de s\u00e9curit\u00e9 avanc\u00e9es et des r\u00e9sultats de haute qualit\u00e9. Elle permet d&rsquo;imprimer \u00e0 moindre co\u00fbt en utilisant des cartouches de remplacement TN437 [&hellip;]","og_url":"https:\/\/pro-print.ca\/shop\/uncategorized\/brother-mfcl8905cdw-imprimante-laser-couleur-professionnelle-tout-en-un\/","og_site_name":"Pro Print","article_publisher":"https:\/\/www.facebook.com\/profile.php?id=61574781855025","twitter_card":"summary_large_image","twitter_misc":{"Est. reading time":"1 minute"},"schema":{"@context":"https:\/\/schema.org","@graph":[{"@type":"WebPage","@id":"https:\/\/pro-print.ca\/shop\/uncategorized\/brother-mfcl8905cdw-imprimante-laser-couleur-professionnelle-tout-en-un\/","url":"https:\/\/pro-print.ca\/shop\/uncategorized\/brother-mfcl8905cdw-imprimante-laser-couleur-professionnelle-tout-en-un\/","name":"Brother MFCL8905CDW Imprimante laser couleur professionnelle tout-en-un - Pro Print","isPartOf":{"@id":"https:\/\/pro-print.ca\/#website"},"primaryImageOfPage":{"@id":"https:\/\/pro-print.ca\/shop\/uncategorized\/brother-mfcl8905cdw-imprimante-laser-couleur-professionnelle-tout-en-un\/#primaryimage"},"image":{"@id":"https:\/\/pro-print.ca\/shop\/uncategorized\/brother-mfcl8905cdw-imprimante-laser-couleur-professionnelle-tout-en-un\/#primaryimage"},"thumbnailUrl":"https:\/\/pro-print.ca\/wp-content\/uploads\/2025\/04\/Brother-MFCL8905CDW-Business-Colour-Laser-All\u2010in\u2010One-Printer.jpeg","datePublished":"2025-04-22T18:03:41+00:00","breadcrumb":{"@id":"https:\/\/pro-print.ca\/shop\/uncategorized\/brother-mfcl8905cdw-imprimante-laser-couleur-professionnelle-tout-en-un\/#breadcrumb"},"inLanguage":"fr-FR","potentialAction":[{"@type":"ReadAction","target":["https:\/\/pro-print.ca\/shop\/uncategorized\/brother-mfcl8905cdw-imprimante-laser-couleur-professionnelle-tout-en-un\/"]}]},{"@type":"ImageObject","inLanguage":"fr-FR","@id":"https:\/\/pro-print.ca\/shop\/uncategorized\/brother-mfcl8905cdw-imprimante-laser-couleur-professionnelle-tout-en-un\/#primaryimage","url":"https:\/\/pro-print.ca\/wp-content\/uploads\/2025\/04\/Brother-MFCL8905CDW-Business-Colour-Laser-All\u2010in\u2010One-Printer.jpeg","contentUrl":"https:\/\/pro-print.ca\/wp-content\/uploads\/2025\/04\/Brother-MFCL8905CDW-Business-Colour-Laser-All\u2010in\u2010One-Printer.jpeg","width":200,"height":200},{"@type":"BreadcrumbList","@id":"https:\/\/pro-print.ca\/shop\/uncategorized\/brother-mfcl8905cdw-imprimante-laser-couleur-professionnelle-tout-en-un\/#breadcrumb","itemListElement":[{"@type":"ListItem","position":1,"name":"Home","item":"https:\/\/pro-print.ca\/"},{"@type":"ListItem","position":2,"name":"Boutique","item":"https:\/\/pro-print.ca\/fr\/boutique\/"},{"@type":"ListItem","position":3,"name":"Brother MFCL8905CDW Imprimante laser couleur professionnelle tout-en-un"}]},{"@type":"WebSite","@id":"https:\/\/pro-print.ca\/#website","url":"https:\/\/pro-print.ca\/","name":"Pro Print","description":"Your print, our priority","publisher":{"@id":"https:\/\/pro-print.ca\/#organization"},"potentialAction":[{"@type":"SearchAction","target":{"@type":"EntryPoint","urlTemplate":"https:\/\/pro-print.ca\/?s={search_term_string}"},"query-input":{"@type":"PropertyValueSpecification","valueRequired":true,"valueName":"search_term_string"}}],"inLanguage":"fr-FR"},{"@type":"Organization","@id":"https:\/\/pro-print.ca\/#organization","name":"Pro Print","url":"https:\/\/pro-print.ca\/","logo":{"@type":"ImageObject","inLanguage":"fr-FR","@id":"https:\/\/pro-print.ca\/#\/schema\/logo\/image\/","url":"https:\/\/pro-print.ca\/wp-content\/uploads\/2025\/04\/pro_print_logotype_on_blue.png","contentUrl":"https:\/\/pro-print.ca\/wp-content\/uploads\/2025\/04\/pro_print_logotype_on_blue.png","width":4164,"height":1500,"caption":"Pro Print"},"image":{"@id":"https:\/\/pro-print.ca\/#\/schema\/logo\/image\/"},"sameAs":["https:\/\/www.facebook.com\/profile.php?id=61574781855025","https:\/\/www.linkedin.com\/company\/pro-print-managed-solutions"]}]}},"_links":{"self":[{"href":"https:\/\/pro-print.ca\/fr\/wp-json\/wp\/v2\/product\/1079","targetHints":{"allow":["GET"]}}],"collection":[{"href":"https:\/\/pro-print.ca\/fr\/wp-json\/wp\/v2\/product"}],"about":[{"href":"https:\/\/pro-print.ca\/fr\/wp-json\/wp\/v2\/types\/product"}],"replies":[{"embeddable":true,"href":"https:\/\/pro-print.ca\/fr\/wp-json\/wp\/v2\/comments?post=1079"}],"wp:featuredmedia":[{"embeddable":true,"href":"https:\/\/pro-print.ca\/fr\/wp-json\/wp\/v2\/media\/1082"}],"wp:attachment":[{"href":"https:\/\/pro-print.ca\/fr\/wp-json\/wp\/v2\/media?parent=1079"}],"wp:term":[{"taxonomy":"product_brand","embeddable":true,"href":"https:\/\/pro-print.ca\/fr\/wp-json\/wp\/v2\/product_brand?post=1079"},{"taxonomy":"product_cat","embeddable":true,"href":"https:\/\/pro-print.ca\/fr\/wp-json\/wp\/v2\/product_cat?post=1079"},{"taxonomy":"product_tag","embeddable":true,"href":"https:\/\/pro-print.ca\/fr\/wp-json\/wp\/v2\/product_tag?post=1079"}],"curies":[{"name":"wp","href":"https:\/\/api.w.org\/{rel}","templated":true}]}}