

{"id":1077,"date":"2025-04-22T14:03:43","date_gmt":"2025-04-22T18:03:43","guid":{"rendered":"https:\/\/pro-print.ca\/shop\/uncategorized\/konica-minolta-bizhub-227\/"},"modified":"2025-04-22T14:03:43","modified_gmt":"2025-04-22T18:03:43","slug":"konica-minolta-bizhub-227","status":"publish","type":"product","link":"https:\/\/pro-print.ca\/fr\/boutique\/a3-mono-and-color-multifunctional\/konica-minolta-bizhub-227\/","title":{"rendered":"Konica Minolta Bizhub 227"},"content":{"rendered":"<p>Aussi simple qu&rsquo;une tablette famili\u00e8re, l&rsquo;interface tactile am\u00e9lior\u00e9e du bizhub 227<br \/>\nvous aide \u00e0 \u00eatre plus productif &#8211; avec une sortie de 22 ppm en N&amp;B haute r\u00e9solution, la num\u00e9risation de<br \/>\nen couleur ou N&amp;B jusqu&rsquo;\u00e0 45 originaux par minute, une capacit\u00e9 papier maximale de 3 600 feuilles<br \/>\net des performances \u00e9conomiques \u00e0 forte valeur ajout\u00e9e<\/p>\n<p>Dot\u00e9 d&rsquo;une interface multi-touch pour un contr\u00f4le intuitif &#8211; avec des LED qui permettent une confirmation visuelle \u00e0 distance, plus un syst\u00e8me de guidage vocal en option pour fournir des instructions de contr\u00f4le audibles.<\/p>\n<p>L&rsquo;interface prim\u00e9e a \u00e9t\u00e9 am\u00e9lior\u00e9e avec une nouvelle zone tactile mobile pour prendre en charge le NFC.<br \/>\nUn clavier \u00e0 10 touches en option fournit des touches dures pour rendre la saisie num\u00e9rique rapide et s\u00fbre.<\/p>\n","protected":false},"excerpt":{"rendered":"<p>Aussi simple qu&rsquo;une tablette famili\u00e8re, l&rsquo;interface tactile am\u00e9lior\u00e9e du bizhub 227 vous aide \u00e0 \u00eatre plus productif &#8211; avec une sortie de 22 ppm en N&amp;B haute r\u00e9solution, la num\u00e9risation de en couleur ou N&amp;B jusqu&rsquo;\u00e0 45 originaux par minute, une capacit\u00e9 papier maximale de 3 600 feuilles et des performances \u00e9conomiques \u00e0 forte valeur [&hellip;]<\/p>\n","protected":false},"featured_media":1080,"comment_status":"open","ping_status":"closed","template":"","meta":{"_acf_changed":false,"_et_pb_use_builder":"","_et_pb_old_content":"","_et_gb_content_width":""},"product_brand":[],"product_cat":[39],"product_tag":[],"class_list":{"0":"post-1077","1":"product","2":"type-product","3":"status-publish","4":"has-post-thumbnail","6":"product_cat-a3-mono-and-color-multifunctional","8":"first","9":"instock","10":"shipping-taxable","11":"purchasable","12":"product-type-simple"},"acf":[],"yoast_head":"<!-- This site is optimized with the Yoast SEO plugin v26.1 - https:\/\/yoast.com\/wordpress\/plugins\/seo\/ -->\n<title>Konica Minolta Bizhub 227 - Pro Print<\/title>\n<meta name=\"robots\" content=\"index, follow, max-snippet:-1, max-image-preview:large, max-video-preview:-1\" \/>\n<link rel=\"canonical\" href=\"https:\/\/pro-print.ca\/shop\/uncategorized\/konica-minolta-bizhub-227\/\" \/>\n<meta property=\"og:locale\" content=\"fr_FR\" \/>\n<meta property=\"og:type\" content=\"article\" \/>\n<meta property=\"og:title\" content=\"Konica Minolta Bizhub 227 - Pro Print\" \/>\n<meta property=\"og:description\" content=\"Aussi simple qu&rsquo;une tablette famili\u00e8re, l&rsquo;interface tactile am\u00e9lior\u00e9e du bizhub 227 vous aide \u00e0 \u00eatre plus productif &#8211; avec une sortie de 22 ppm en N&amp;B haute r\u00e9solution, la num\u00e9risation de en couleur ou N&amp;B jusqu&rsquo;\u00e0 45 originaux par minute, une capacit\u00e9 papier maximale de 3 600 feuilles et des performances \u00e9conomiques \u00e0 forte valeur [&hellip;]\" \/>\n<meta property=\"og:url\" content=\"https:\/\/pro-print.ca\/shop\/uncategorized\/konica-minolta-bizhub-227\/\" \/>\n<meta property=\"og:site_name\" content=\"Pro Print\" \/>\n<meta property=\"article:publisher\" content=\"https:\/\/www.facebook.com\/profile.php?id=61574781855025\" \/>\n<meta name=\"twitter:card\" content=\"summary_large_image\" \/>\n<meta name=\"twitter:label1\" content=\"Est. reading time\" \/>\n\t<meta name=\"twitter:data1\" content=\"1 minute\" \/>\n<script type=\"application\/ld+json\" class=\"yoast-schema-graph\">{\"@context\":\"https:\/\/schema.org\",\"@graph\":[{\"@type\":\"WebPage\",\"@id\":\"https:\/\/pro-print.ca\/shop\/uncategorized\/konica-minolta-bizhub-227\/\",\"url\":\"https:\/\/pro-print.ca\/shop\/uncategorized\/konica-minolta-bizhub-227\/\",\"name\":\"Konica Minolta Bizhub 227 - Pro Print\",\"isPartOf\":{\"@id\":\"https:\/\/pro-print.ca\/#website\"},\"primaryImageOfPage\":{\"@id\":\"https:\/\/pro-print.ca\/shop\/uncategorized\/konica-minolta-bizhub-227\/#primaryimage\"},\"image\":{\"@id\":\"https:\/\/pro-print.ca\/shop\/uncategorized\/konica-minolta-bizhub-227\/#primaryimage\"},\"thumbnailUrl\":\"https:\/\/pro-print.ca\/wp-content\/uploads\/2025\/04\/bizhub-227_medium.png\",\"datePublished\":\"2025-04-22T18:03:43+00:00\",\"breadcrumb\":{\"@id\":\"https:\/\/pro-print.ca\/shop\/uncategorized\/konica-minolta-bizhub-227\/#breadcrumb\"},\"inLanguage\":\"fr-FR\",\"potentialAction\":[{\"@type\":\"ReadAction\",\"target\":[\"https:\/\/pro-print.ca\/shop\/uncategorized\/konica-minolta-bizhub-227\/\"]}]},{\"@type\":\"ImageObject\",\"inLanguage\":\"fr-FR\",\"@id\":\"https:\/\/pro-print.ca\/shop\/uncategorized\/konica-minolta-bizhub-227\/#primaryimage\",\"url\":\"https:\/\/pro-print.ca\/wp-content\/uploads\/2025\/04\/bizhub-227_medium.png\",\"contentUrl\":\"https:\/\/pro-print.ca\/wp-content\/uploads\/2025\/04\/bizhub-227_medium.png\",\"width\":265,\"height\":185},{\"@type\":\"BreadcrumbList\",\"@id\":\"https:\/\/pro-print.ca\/shop\/uncategorized\/konica-minolta-bizhub-227\/#breadcrumb\",\"itemListElement\":[{\"@type\":\"ListItem\",\"position\":1,\"name\":\"Home\",\"item\":\"https:\/\/pro-print.ca\/\"},{\"@type\":\"ListItem\",\"position\":2,\"name\":\"Boutique\",\"item\":\"https:\/\/pro-print.ca\/fr\/boutique\/\"},{\"@type\":\"ListItem\",\"position\":3,\"name\":\"Konica Minolta Bizhub 227\"}]},{\"@type\":\"WebSite\",\"@id\":\"https:\/\/pro-print.ca\/#website\",\"url\":\"https:\/\/pro-print.ca\/\",\"name\":\"Pro Print\",\"description\":\"Your print, our priority\",\"publisher\":{\"@id\":\"https:\/\/pro-print.ca\/#organization\"},\"potentialAction\":[{\"@type\":\"SearchAction\",\"target\":{\"@type\":\"EntryPoint\",\"urlTemplate\":\"https:\/\/pro-print.ca\/?s={search_term_string}\"},\"query-input\":{\"@type\":\"PropertyValueSpecification\",\"valueRequired\":true,\"valueName\":\"search_term_string\"}}],\"inLanguage\":\"fr-FR\"},{\"@type\":\"Organization\",\"@id\":\"https:\/\/pro-print.ca\/#organization\",\"name\":\"Pro Print\",\"url\":\"https:\/\/pro-print.ca\/\",\"logo\":{\"@type\":\"ImageObject\",\"inLanguage\":\"fr-FR\",\"@id\":\"https:\/\/pro-print.ca\/#\/schema\/logo\/image\/\",\"url\":\"https:\/\/pro-print.ca\/wp-content\/uploads\/2025\/04\/pro_print_logotype_on_blue.png\",\"contentUrl\":\"https:\/\/pro-print.ca\/wp-content\/uploads\/2025\/04\/pro_print_logotype_on_blue.png\",\"width\":4164,\"height\":1500,\"caption\":\"Pro Print\"},\"image\":{\"@id\":\"https:\/\/pro-print.ca\/#\/schema\/logo\/image\/\"},\"sameAs\":[\"https:\/\/www.facebook.com\/profile.php?id=61574781855025\",\"https:\/\/www.linkedin.com\/company\/pro-print-managed-solutions\"]}]}<\/script>\n<!-- \/ Yoast SEO plugin. -->","yoast_head_json":{"title":"Konica Minolta Bizhub 227 - Pro Print","robots":{"index":"index","follow":"follow","max-snippet":"max-snippet:-1","max-image-preview":"max-image-preview:large","max-video-preview":"max-video-preview:-1"},"canonical":"https:\/\/pro-print.ca\/shop\/uncategorized\/konica-minolta-bizhub-227\/","og_locale":"fr_FR","og_type":"article","og_title":"Konica Minolta Bizhub 227 - Pro Print","og_description":"Aussi simple qu&rsquo;une tablette famili\u00e8re, l&rsquo;interface tactile am\u00e9lior\u00e9e du bizhub 227 vous aide \u00e0 \u00eatre plus productif &#8211; avec une sortie de 22 ppm en N&amp;B haute r\u00e9solution, la num\u00e9risation de en couleur ou N&amp;B jusqu&rsquo;\u00e0 45 originaux par minute, une capacit\u00e9 papier maximale de 3 600 feuilles et des performances \u00e9conomiques \u00e0 forte valeur [&hellip;]","og_url":"https:\/\/pro-print.ca\/shop\/uncategorized\/konica-minolta-bizhub-227\/","og_site_name":"Pro Print","article_publisher":"https:\/\/www.facebook.com\/profile.php?id=61574781855025","twitter_card":"summary_large_image","twitter_misc":{"Est. reading time":"1 minute"},"schema":{"@context":"https:\/\/schema.org","@graph":[{"@type":"WebPage","@id":"https:\/\/pro-print.ca\/shop\/uncategorized\/konica-minolta-bizhub-227\/","url":"https:\/\/pro-print.ca\/shop\/uncategorized\/konica-minolta-bizhub-227\/","name":"Konica Minolta Bizhub 227 - Pro Print","isPartOf":{"@id":"https:\/\/pro-print.ca\/#website"},"primaryImageOfPage":{"@id":"https:\/\/pro-print.ca\/shop\/uncategorized\/konica-minolta-bizhub-227\/#primaryimage"},"image":{"@id":"https:\/\/pro-print.ca\/shop\/uncategorized\/konica-minolta-bizhub-227\/#primaryimage"},"thumbnailUrl":"https:\/\/pro-print.ca\/wp-content\/uploads\/2025\/04\/bizhub-227_medium.png","datePublished":"2025-04-22T18:03:43+00:00","breadcrumb":{"@id":"https:\/\/pro-print.ca\/shop\/uncategorized\/konica-minolta-bizhub-227\/#breadcrumb"},"inLanguage":"fr-FR","potentialAction":[{"@type":"ReadAction","target":["https:\/\/pro-print.ca\/shop\/uncategorized\/konica-minolta-bizhub-227\/"]}]},{"@type":"ImageObject","inLanguage":"fr-FR","@id":"https:\/\/pro-print.ca\/shop\/uncategorized\/konica-minolta-bizhub-227\/#primaryimage","url":"https:\/\/pro-print.ca\/wp-content\/uploads\/2025\/04\/bizhub-227_medium.png","contentUrl":"https:\/\/pro-print.ca\/wp-content\/uploads\/2025\/04\/bizhub-227_medium.png","width":265,"height":185},{"@type":"BreadcrumbList","@id":"https:\/\/pro-print.ca\/shop\/uncategorized\/konica-minolta-bizhub-227\/#breadcrumb","itemListElement":[{"@type":"ListItem","position":1,"name":"Home","item":"https:\/\/pro-print.ca\/"},{"@type":"ListItem","position":2,"name":"Boutique","item":"https:\/\/pro-print.ca\/fr\/boutique\/"},{"@type":"ListItem","position":3,"name":"Konica Minolta Bizhub 227"}]},{"@type":"WebSite","@id":"https:\/\/pro-print.ca\/#website","url":"https:\/\/pro-print.ca\/","name":"Pro Print","description":"Your print, our priority","publisher":{"@id":"https:\/\/pro-print.ca\/#organization"},"potentialAction":[{"@type":"SearchAction","target":{"@type":"EntryPoint","urlTemplate":"https:\/\/pro-print.ca\/?s={search_term_string}"},"query-input":{"@type":"PropertyValueSpecification","valueRequired":true,"valueName":"search_term_string"}}],"inLanguage":"fr-FR"},{"@type":"Organization","@id":"https:\/\/pro-print.ca\/#organization","name":"Pro Print","url":"https:\/\/pro-print.ca\/","logo":{"@type":"ImageObject","inLanguage":"fr-FR","@id":"https:\/\/pro-print.ca\/#\/schema\/logo\/image\/","url":"https:\/\/pro-print.ca\/wp-content\/uploads\/2025\/04\/pro_print_logotype_on_blue.png","contentUrl":"https:\/\/pro-print.ca\/wp-content\/uploads\/2025\/04\/pro_print_logotype_on_blue.png","width":4164,"height":1500,"caption":"Pro Print"},"image":{"@id":"https:\/\/pro-print.ca\/#\/schema\/logo\/image\/"},"sameAs":["https:\/\/www.facebook.com\/profile.php?id=61574781855025","https:\/\/www.linkedin.com\/company\/pro-print-managed-solutions"]}]}},"_links":{"self":[{"href":"https:\/\/pro-print.ca\/fr\/wp-json\/wp\/v2\/product\/1077","targetHints":{"allow":["GET"]}}],"collection":[{"href":"https:\/\/pro-print.ca\/fr\/wp-json\/wp\/v2\/product"}],"about":[{"href":"https:\/\/pro-print.ca\/fr\/wp-json\/wp\/v2\/types\/product"}],"replies":[{"embeddable":true,"href":"https:\/\/pro-print.ca\/fr\/wp-json\/wp\/v2\/comments?post=1077"}],"wp:featuredmedia":[{"embeddable":true,"href":"https:\/\/pro-print.ca\/fr\/wp-json\/wp\/v2\/media\/1080"}],"wp:attachment":[{"href":"https:\/\/pro-print.ca\/fr\/wp-json\/wp\/v2\/media?parent=1077"}],"wp:term":[{"taxonomy":"product_brand","embeddable":true,"href":"https:\/\/pro-print.ca\/fr\/wp-json\/wp\/v2\/product_brand?post=1077"},{"taxonomy":"product_cat","embeddable":true,"href":"https:\/\/pro-print.ca\/fr\/wp-json\/wp\/v2\/product_cat?post=1077"},{"taxonomy":"product_tag","embeddable":true,"href":"https:\/\/pro-print.ca\/fr\/wp-json\/wp\/v2\/product_tag?post=1077"}],"curies":[{"name":"wp","href":"https:\/\/api.w.org\/{rel}","templated":true}]}}