

{"id":1073,"date":"2025-04-22T14:03:44","date_gmt":"2025-04-22T18:03:44","guid":{"rendered":"https:\/\/pro-print.ca\/shop\/uncategorized\/presse-revoria-sc180-sc170\/"},"modified":"2025-04-22T14:03:44","modified_gmt":"2025-04-22T18:03:44","slug":"presse-revoria-sc180-sc170","status":"publish","type":"product","link":"https:\/\/pro-print.ca\/fr\/boutique\/presses-numeriques-mono-et-couleur\/presse-revoria-sc180-sc170\/","title":{"rendered":"Presse Revoria SC180 \/ SC170"},"content":{"rendered":"<h3>Description du produit<\/h3>\n<p>Revoria Press SC180 \/ SC170 est une imprimante de production de taille compacte, dot\u00e9e de fonctions bureautiques compl\u00e8tes et d&rsquo;une qualit\u00e9 qui permet d&rsquo;imprimer avec pr\u00e9cision diff\u00e9rents types de documents en haute r\u00e9solution. Outre ses fonctions de finition attrayantes, l&rsquo;imprimante est \u00e9galement capable de traiter les papiers longs et les papiers \u00e0 fort grammage. <\/p>\n<p>Obtenez un taux d&rsquo;utilisation \u00e9lev\u00e9 gr\u00e2ce au moteur d&rsquo;impression haute performance qui produit \u00e0 80 <sup> ppm*1<\/sup>. Imprimez des travaux <sup> mixtes*2<\/sup> de papier couch\u00e9 et non couch\u00e9 avec un minimum de temps d&rsquo;arr\u00eat et un ajustement de la qualit\u00e9 d&rsquo;image optimis\u00e9 lors du changement de papier. Le chargeur \u00e0 aspiration d&rsquo;air permet \u00e9galement d&rsquo;imprimer du papier long de 330 x 1 200 mm \u00e0 une vitesse de 12 ppm.  <\/p>\n<ul class=\"notice-list\">\n<li class=\"nl_num\">*1 : Pour la Revoria Press SC180. 70 ppm pour Revoria Press SC170. 52 \u00e0 220 g\/m\u00b2, A4.  <\/li>\n<li class=\"nl_num\">*2 : Lorsque le m\u00eame format de papier et le m\u00eame mode de priorit\u00e9 de vitesse sont s\u00e9lectionn\u00e9s.<\/li>\n<\/ul>\n","protected":false},"excerpt":{"rendered":"<p>Description du produit Revoria Press SC180 \/ SC170 est une imprimante de production de taille compacte, dot\u00e9e de fonctions bureautiques compl\u00e8tes et d&rsquo;une qualit\u00e9 qui permet d&rsquo;imprimer avec pr\u00e9cision diff\u00e9rents types de documents en haute r\u00e9solution. Outre ses fonctions de finition attrayantes, l&rsquo;imprimante est \u00e9galement capable de traiter les papiers longs et les papiers \u00e0 [&hellip;]<\/p>\n","protected":false},"featured_media":1076,"comment_status":"open","ping_status":"closed","template":"","meta":{"_acf_changed":false,"_et_pb_use_builder":"","_et_pb_old_content":"","_et_gb_content_width":""},"product_brand":[],"product_cat":[73],"product_tag":[],"class_list":{"0":"post-1073","1":"product","2":"type-product","3":"status-publish","4":"has-post-thumbnail","6":"product_cat-presses-numeriques-mono-et-couleur","8":"first","9":"instock","10":"shipping-taxable","11":"purchasable","12":"product-type-simple"},"acf":[],"yoast_head":"<!-- This site is optimized with the Yoast SEO plugin v26.1 - https:\/\/yoast.com\/wordpress\/plugins\/seo\/ -->\n<title>Presse Revoria SC180 \/ SC170 - Pro Print<\/title>\n<meta name=\"robots\" content=\"index, follow, max-snippet:-1, max-image-preview:large, max-video-preview:-1\" \/>\n<link rel=\"canonical\" href=\"https:\/\/pro-print.ca\/shop\/uncategorized\/presse-revoria-sc180-sc170\/\" \/>\n<meta property=\"og:locale\" content=\"fr_FR\" \/>\n<meta property=\"og:type\" content=\"article\" \/>\n<meta property=\"og:title\" content=\"Presse Revoria SC180 \/ SC170 - Pro Print\" \/>\n<meta property=\"og:description\" content=\"Description du produit Revoria Press SC180 \/ SC170 est une imprimante de production de taille compacte, dot\u00e9e de fonctions bureautiques compl\u00e8tes et d&rsquo;une qualit\u00e9 qui permet d&rsquo;imprimer avec pr\u00e9cision diff\u00e9rents types de documents en haute r\u00e9solution. Outre ses fonctions de finition attrayantes, l&rsquo;imprimante est \u00e9galement capable de traiter les papiers longs et les papiers \u00e0 [&hellip;]\" \/>\n<meta property=\"og:url\" content=\"https:\/\/pro-print.ca\/shop\/uncategorized\/presse-revoria-sc180-sc170\/\" \/>\n<meta property=\"og:site_name\" content=\"Pro Print\" \/>\n<meta property=\"article:publisher\" content=\"https:\/\/www.facebook.com\/profile.php?id=61574781855025\" \/>\n<meta name=\"twitter:card\" content=\"summary_large_image\" \/>\n<meta name=\"twitter:label1\" content=\"Est. reading time\" \/>\n\t<meta name=\"twitter:data1\" content=\"1 minute\" \/>\n<script type=\"application\/ld+json\" class=\"yoast-schema-graph\">{\"@context\":\"https:\/\/schema.org\",\"@graph\":[{\"@type\":\"WebPage\",\"@id\":\"https:\/\/pro-print.ca\/shop\/uncategorized\/presse-revoria-sc180-sc170\/\",\"url\":\"https:\/\/pro-print.ca\/shop\/uncategorized\/presse-revoria-sc180-sc170\/\",\"name\":\"Presse Revoria SC180 \/ SC170 - Pro Print\",\"isPartOf\":{\"@id\":\"https:\/\/pro-print.ca\/#website\"},\"primaryImageOfPage\":{\"@id\":\"https:\/\/pro-print.ca\/shop\/uncategorized\/presse-revoria-sc180-sc170\/#primaryimage\"},\"image\":{\"@id\":\"https:\/\/pro-print.ca\/shop\/uncategorized\/presse-revoria-sc180-sc170\/#primaryimage\"},\"thumbnailUrl\":\"https:\/\/pro-print.ca\/wp-content\/uploads\/2025\/04\/Revoria-Press-SC180-SC170.png\",\"datePublished\":\"2025-04-22T18:03:44+00:00\",\"breadcrumb\":{\"@id\":\"https:\/\/pro-print.ca\/shop\/uncategorized\/presse-revoria-sc180-sc170\/#breadcrumb\"},\"inLanguage\":\"fr-FR\",\"potentialAction\":[{\"@type\":\"ReadAction\",\"target\":[\"https:\/\/pro-print.ca\/shop\/uncategorized\/presse-revoria-sc180-sc170\/\"]}]},{\"@type\":\"ImageObject\",\"inLanguage\":\"fr-FR\",\"@id\":\"https:\/\/pro-print.ca\/shop\/uncategorized\/presse-revoria-sc180-sc170\/#primaryimage\",\"url\":\"https:\/\/pro-print.ca\/wp-content\/uploads\/2025\/04\/Revoria-Press-SC180-SC170.png\",\"contentUrl\":\"https:\/\/pro-print.ca\/wp-content\/uploads\/2025\/04\/Revoria-Press-SC180-SC170.png\",\"width\":1800,\"height\":356},{\"@type\":\"BreadcrumbList\",\"@id\":\"https:\/\/pro-print.ca\/shop\/uncategorized\/presse-revoria-sc180-sc170\/#breadcrumb\",\"itemListElement\":[{\"@type\":\"ListItem\",\"position\":1,\"name\":\"Home\",\"item\":\"https:\/\/pro-print.ca\/\"},{\"@type\":\"ListItem\",\"position\":2,\"name\":\"Boutique\",\"item\":\"https:\/\/pro-print.ca\/fr\/boutique\/\"},{\"@type\":\"ListItem\",\"position\":3,\"name\":\"Presse Revoria SC180 \/ SC170\"}]},{\"@type\":\"WebSite\",\"@id\":\"https:\/\/pro-print.ca\/#website\",\"url\":\"https:\/\/pro-print.ca\/\",\"name\":\"Pro Print\",\"description\":\"Your print, our priority\",\"publisher\":{\"@id\":\"https:\/\/pro-print.ca\/#organization\"},\"potentialAction\":[{\"@type\":\"SearchAction\",\"target\":{\"@type\":\"EntryPoint\",\"urlTemplate\":\"https:\/\/pro-print.ca\/?s={search_term_string}\"},\"query-input\":{\"@type\":\"PropertyValueSpecification\",\"valueRequired\":true,\"valueName\":\"search_term_string\"}}],\"inLanguage\":\"fr-FR\"},{\"@type\":\"Organization\",\"@id\":\"https:\/\/pro-print.ca\/#organization\",\"name\":\"Pro Print\",\"url\":\"https:\/\/pro-print.ca\/\",\"logo\":{\"@type\":\"ImageObject\",\"inLanguage\":\"fr-FR\",\"@id\":\"https:\/\/pro-print.ca\/#\/schema\/logo\/image\/\",\"url\":\"https:\/\/pro-print.ca\/wp-content\/uploads\/2025\/04\/pro_print_logotype_on_blue.png\",\"contentUrl\":\"https:\/\/pro-print.ca\/wp-content\/uploads\/2025\/04\/pro_print_logotype_on_blue.png\",\"width\":4164,\"height\":1500,\"caption\":\"Pro Print\"},\"image\":{\"@id\":\"https:\/\/pro-print.ca\/#\/schema\/logo\/image\/\"},\"sameAs\":[\"https:\/\/www.facebook.com\/profile.php?id=61574781855025\",\"https:\/\/www.linkedin.com\/company\/pro-print-managed-solutions\"]}]}<\/script>\n<!-- \/ Yoast SEO plugin. -->","yoast_head_json":{"title":"Presse Revoria SC180 \/ SC170 - Pro Print","robots":{"index":"index","follow":"follow","max-snippet":"max-snippet:-1","max-image-preview":"max-image-preview:large","max-video-preview":"max-video-preview:-1"},"canonical":"https:\/\/pro-print.ca\/shop\/uncategorized\/presse-revoria-sc180-sc170\/","og_locale":"fr_FR","og_type":"article","og_title":"Presse Revoria SC180 \/ SC170 - Pro Print","og_description":"Description du produit Revoria Press SC180 \/ SC170 est une imprimante de production de taille compacte, dot\u00e9e de fonctions bureautiques compl\u00e8tes et d&rsquo;une qualit\u00e9 qui permet d&rsquo;imprimer avec pr\u00e9cision diff\u00e9rents types de documents en haute r\u00e9solution. Outre ses fonctions de finition attrayantes, l&rsquo;imprimante est \u00e9galement capable de traiter les papiers longs et les papiers \u00e0 [&hellip;]","og_url":"https:\/\/pro-print.ca\/shop\/uncategorized\/presse-revoria-sc180-sc170\/","og_site_name":"Pro Print","article_publisher":"https:\/\/www.facebook.com\/profile.php?id=61574781855025","twitter_card":"summary_large_image","twitter_misc":{"Est. reading time":"1 minute"},"schema":{"@context":"https:\/\/schema.org","@graph":[{"@type":"WebPage","@id":"https:\/\/pro-print.ca\/shop\/uncategorized\/presse-revoria-sc180-sc170\/","url":"https:\/\/pro-print.ca\/shop\/uncategorized\/presse-revoria-sc180-sc170\/","name":"Presse Revoria SC180 \/ SC170 - Pro Print","isPartOf":{"@id":"https:\/\/pro-print.ca\/#website"},"primaryImageOfPage":{"@id":"https:\/\/pro-print.ca\/shop\/uncategorized\/presse-revoria-sc180-sc170\/#primaryimage"},"image":{"@id":"https:\/\/pro-print.ca\/shop\/uncategorized\/presse-revoria-sc180-sc170\/#primaryimage"},"thumbnailUrl":"https:\/\/pro-print.ca\/wp-content\/uploads\/2025\/04\/Revoria-Press-SC180-SC170.png","datePublished":"2025-04-22T18:03:44+00:00","breadcrumb":{"@id":"https:\/\/pro-print.ca\/shop\/uncategorized\/presse-revoria-sc180-sc170\/#breadcrumb"},"inLanguage":"fr-FR","potentialAction":[{"@type":"ReadAction","target":["https:\/\/pro-print.ca\/shop\/uncategorized\/presse-revoria-sc180-sc170\/"]}]},{"@type":"ImageObject","inLanguage":"fr-FR","@id":"https:\/\/pro-print.ca\/shop\/uncategorized\/presse-revoria-sc180-sc170\/#primaryimage","url":"https:\/\/pro-print.ca\/wp-content\/uploads\/2025\/04\/Revoria-Press-SC180-SC170.png","contentUrl":"https:\/\/pro-print.ca\/wp-content\/uploads\/2025\/04\/Revoria-Press-SC180-SC170.png","width":1800,"height":356},{"@type":"BreadcrumbList","@id":"https:\/\/pro-print.ca\/shop\/uncategorized\/presse-revoria-sc180-sc170\/#breadcrumb","itemListElement":[{"@type":"ListItem","position":1,"name":"Home","item":"https:\/\/pro-print.ca\/"},{"@type":"ListItem","position":2,"name":"Boutique","item":"https:\/\/pro-print.ca\/fr\/boutique\/"},{"@type":"ListItem","position":3,"name":"Presse Revoria SC180 \/ SC170"}]},{"@type":"WebSite","@id":"https:\/\/pro-print.ca\/#website","url":"https:\/\/pro-print.ca\/","name":"Pro Print","description":"Your print, our priority","publisher":{"@id":"https:\/\/pro-print.ca\/#organization"},"potentialAction":[{"@type":"SearchAction","target":{"@type":"EntryPoint","urlTemplate":"https:\/\/pro-print.ca\/?s={search_term_string}"},"query-input":{"@type":"PropertyValueSpecification","valueRequired":true,"valueName":"search_term_string"}}],"inLanguage":"fr-FR"},{"@type":"Organization","@id":"https:\/\/pro-print.ca\/#organization","name":"Pro Print","url":"https:\/\/pro-print.ca\/","logo":{"@type":"ImageObject","inLanguage":"fr-FR","@id":"https:\/\/pro-print.ca\/#\/schema\/logo\/image\/","url":"https:\/\/pro-print.ca\/wp-content\/uploads\/2025\/04\/pro_print_logotype_on_blue.png","contentUrl":"https:\/\/pro-print.ca\/wp-content\/uploads\/2025\/04\/pro_print_logotype_on_blue.png","width":4164,"height":1500,"caption":"Pro Print"},"image":{"@id":"https:\/\/pro-print.ca\/#\/schema\/logo\/image\/"},"sameAs":["https:\/\/www.facebook.com\/profile.php?id=61574781855025","https:\/\/www.linkedin.com\/company\/pro-print-managed-solutions"]}]}},"_links":{"self":[{"href":"https:\/\/pro-print.ca\/fr\/wp-json\/wp\/v2\/product\/1073","targetHints":{"allow":["GET"]}}],"collection":[{"href":"https:\/\/pro-print.ca\/fr\/wp-json\/wp\/v2\/product"}],"about":[{"href":"https:\/\/pro-print.ca\/fr\/wp-json\/wp\/v2\/types\/product"}],"replies":[{"embeddable":true,"href":"https:\/\/pro-print.ca\/fr\/wp-json\/wp\/v2\/comments?post=1073"}],"wp:featuredmedia":[{"embeddable":true,"href":"https:\/\/pro-print.ca\/fr\/wp-json\/wp\/v2\/media\/1076"}],"wp:attachment":[{"href":"https:\/\/pro-print.ca\/fr\/wp-json\/wp\/v2\/media?parent=1073"}],"wp:term":[{"taxonomy":"product_brand","embeddable":true,"href":"https:\/\/pro-print.ca\/fr\/wp-json\/wp\/v2\/product_brand?post=1073"},{"taxonomy":"product_cat","embeddable":true,"href":"https:\/\/pro-print.ca\/fr\/wp-json\/wp\/v2\/product_cat?post=1073"},{"taxonomy":"product_tag","embeddable":true,"href":"https:\/\/pro-print.ca\/fr\/wp-json\/wp\/v2\/product_tag?post=1073"}],"curies":[{"name":"wp","href":"https:\/\/api.w.org\/{rel}","templated":true}]}}