

{"id":1054,"date":"2025-04-14T11:17:44","date_gmt":"2025-04-14T15:17:44","guid":{"rendered":"https:\/\/pro-print.ca\/shop\/uncategorized\/brother-inkvestment-tank-mfc-j5855dw-imprimante-professionnelle-a-jet-dencre-couleur-a3-tout-en-un\/"},"modified":"2025-04-14T11:17:44","modified_gmt":"2025-04-14T15:17:44","slug":"brother-inkvestment-tank-mfc-j5855dw-imprimante-professionnelle-a-jet-dencre-couleur-a3-tout-en-un","status":"publish","type":"product","link":"https:\/\/pro-print.ca\/fr\/boutique\/imprimantes-monochromes-et-couleur-et-multifonctions\/brother-inkvestment-tank-mfc-j5855dw-imprimante-professionnelle-a-jet-dencre-couleur-a3-tout-en-un\/","title":{"rendered":"Brother INKvestment Tank MFC-J5855DW Imprimante professionnelle \u00e0 jet d&rsquo;encre couleur A3 tout-en-un"},"content":{"rendered":"<p>Avec ses capacit\u00e9s d&rsquo;impression A3 grand format jusqu&rsquo;\u00e0 11&Prime; x 17&Prime;, cette machine vous permet d&rsquo;obtenir rapidement des r\u00e9sultats rentables, fiables et de qualit\u00e9 professionnelle. Profitez d&rsquo;une connectivit\u00e9 flexible et imprimez et num\u00e9risez en d\u00e9placement gr\u00e2ce \u00e0 l&rsquo;application Brother Mobile Connect qui vous permet de travailler o\u00f9 et quand vous le souhaitez. La gestion flexible du papier, comme la capacit\u00e9 de 250 feuilles et le chargeur automatique de documents de 50 feuilles, augmente la productivit\u00e9 en r\u00e9duisant les recharges de papier, ce qui vous permet de vous concentrer sur votre travail. Les fonctions d&rsquo;impression, de copie, de num\u00e9risation et de t\u00e9l\u00e9copie sont faciles \u00e0 g\u00e9rer \u00e0 partir d&rsquo;un ordinateur, d&rsquo;un appareil mobile ou de l&rsquo;\u00e9cran tactile LCD couleur intuitif de 3,5 pouces. De plus, la triple couche de s\u00e9curit\u00e9 avanc\u00e9e permet de prot\u00e9ger les documents sensibles lors de l&rsquo;impression et notre puce d&rsquo;impression brevet\u00e9e MAXIDRIVE fait passer la technologie d&rsquo;impression au niveau sup\u00e9rieur avec des vitesses allant jusqu&rsquo;\u00e0 30 ppm. Construite pour \u00eatre performante et con\u00e7ue pour une facilit\u00e9 d&rsquo;utilisation exceptionnelle d\u00e8s sa sortie de l&#8217;emballage, cette imprimante Brother offre jusqu&rsquo;\u00e0 un an d&rsquo;impression ininterrompue gr\u00e2ce \u00e0 la technologie INKvestment Tank et \u00e0 l&rsquo;encre incluse dans l&#8217;emballage. C&rsquo;est ce que nous appelons \u00ab\u00a0plus\u00a0\u00bb.      <\/p>\n<p>&nbsp;<\/p>\n<ul>\n<li>Plus d&rsquo;impression ininterrompue. Jusqu&rsquo;\u00e0 1 an d&rsquo;impression avec les cartouches d&rsquo;encre haute capacit\u00e9 de l&rsquo;INKvestment Tank (environ 300 pages\/mois). <\/li>\n<li>Plus d&rsquo;impact. Notre puce d&rsquo;impression brevet\u00e9e MAXIDRIVE red\u00e9finit la technologie d&rsquo;impression avec une impression ultra-rapide, durable et pr\u00e9cise. <\/li>\n<li>Plus d&rsquo;applications. Utilisez le r\u00e9servoir INKvestment pour votre entreprise ou votre petit bureau. <\/li>\n<li>Plus de flexibilit\u00e9. Restez connect\u00e9 gr\u00e2ce \u00e0 des options flexibles, notamment la connectivit\u00e9 sans fil, sans fil direct et USB. <\/li>\n<li>Plus de vitesse. Des vitesses d&rsquo;impression allant jusqu&rsquo;\u00e0 30 ppm noir\/couleur : ne perdez jamais le fil. <\/li>\n<li>Plus de commodit\u00e9. Profitez de l&rsquo;impression et de la copie A3 depuis votre t\u00e9l\u00e9phone ou votre tablette gr\u00e2ce \u00e0 la compatibilit\u00e9 avec les appareils mobiles. <\/li>\n<li>Gestion du papier plus polyvalente. Imprimez jusqu&rsquo;au format 11 x 17&Prime; (grand livre) \u00e0 partir du bac de 250 feuilles ou utilisez le bac polyvalent de 100 feuilles pour imprimer sur des enveloppes, du papier cartonn\u00e9, etc. Copiez, num\u00e9risez ou t\u00e9l\u00e9copiez jusqu&rsquo;au format 8,5 x 11&Prime; (lettre) avec le chargeur automatique de documents de 50 feuilles. <\/li>\n<li>Autres caract\u00e9ristiques. \u00c9cran tactile couleur de 3,5 pouces pour faciliter la navigation dans les menus, l&rsquo;impression et la num\u00e9risation \u00e0 partir des applications cloud les plus r\u00e9pandues. De plus, notre technologie de jauge de page surveille l&rsquo;utilisation de l&rsquo;encre pour que vous ne soyez jamais \u00e0 court d&rsquo;encre au milieu d&rsquo;un travail d&rsquo;impression.  <\/li>\n<li>Plus respectueux de l&rsquo;environnement. Certifi\u00e9e EPEAT\u00ae et ENERGY STAR\u00ae avec des options \u00e9cologiques telles que le mode Eco et le mode d&rsquo;\u00e9conomie d&rsquo;encre. De plus, l&rsquo;impression recto-verso par d\u00e9faut permet de r\u00e9duire la consommation de papier.  <\/li>\n<li>Plus de facilit\u00e9 d&rsquo;utilisation. L&rsquo;application Brother Mobile Connect offre une navigation facile dans les menus \u00e0 l&rsquo;\u00e9cran pour l&rsquo;impression, la copie et la num\u00e9risation. <\/li>\n<\/ul>\n","protected":false},"excerpt":{"rendered":"<p>Prenez de l&rsquo;ampleur et prenez les choses en main ! L&rsquo;imprimante \u00e0 jet d&rsquo;encre couleur tout-en-un Brother INKvestment Tank MFC-J5855DW offre une impression durable et de qualit\u00e9 sup\u00e9rieure sur laquelle votre entreprise peut compter. <\/p>\n","protected":false},"featured_media":195,"comment_status":"open","ping_status":"closed","template":"","meta":{"_acf_changed":false,"_et_pb_use_builder":"","_et_pb_old_content":"","_et_gb_content_width":""},"product_brand":[33],"product_cat":[74],"product_tag":[],"class_list":{"0":"post-1054","1":"product","2":"type-product","3":"status-publish","4":"has-post-thumbnail","6":"product_brand-brother","7":"product_cat-imprimantes-monochromes-et-couleur-et-multifonctions","9":"first","10":"instock","11":"featured","12":"shipping-taxable","13":"purchasable","14":"product-type-simple"},"acf":[],"yoast_head":"<!-- This site is optimized with the Yoast SEO plugin v26.1 - https:\/\/yoast.com\/wordpress\/plugins\/seo\/ -->\n<title>Brother INKvestment Tank MFC-J5855DW Imprimante professionnelle \u00e0 jet d&#039;encre couleur A3 tout-en-un - Pro Print<\/title>\n<meta name=\"robots\" content=\"index, follow, max-snippet:-1, max-image-preview:large, max-video-preview:-1\" \/>\n<link rel=\"canonical\" href=\"https:\/\/pro-print.ca\/fr\/boutique\/imprimantes-monochromes-et-couleur-et-multifonctions\/brother-inkvestment-tank-mfc-j5855dw-imprimante-professionnelle-a-jet-dencre-couleur-a3-tout-en-un\/\" \/>\n<meta property=\"og:locale\" content=\"fr_FR\" \/>\n<meta property=\"og:type\" content=\"article\" \/>\n<meta property=\"og:title\" content=\"Brother INKvestment Tank MFC-J5855DW Imprimante professionnelle \u00e0 jet d&#039;encre couleur A3 tout-en-un - Pro Print\" \/>\n<meta property=\"og:description\" content=\"Prenez de l&#039;ampleur et prenez les choses en main ! L&#039;imprimante \u00e0 jet d&#039;encre couleur tout-en-un Brother INKvestment Tank MFC-J5855DW offre une impression durable et de qualit\u00e9 sup\u00e9rieure sur laquelle votre entreprise peut compter.\" \/>\n<meta property=\"og:url\" content=\"https:\/\/pro-print.ca\/fr\/boutique\/imprimantes-monochromes-et-couleur-et-multifonctions\/brother-inkvestment-tank-mfc-j5855dw-imprimante-professionnelle-a-jet-dencre-couleur-a3-tout-en-un\/\" \/>\n<meta property=\"og:site_name\" content=\"Pro Print\" \/>\n<meta property=\"article:publisher\" content=\"https:\/\/www.facebook.com\/profile.php?id=61574781855025\" \/>\n<meta property=\"og:image\" content=\"https:\/\/pro-print.ca\/wp-content\/uploads\/2025\/03\/79015be5-3268-4b4d-9bf4-4261291de4f3.png\" \/>\n\t<meta property=\"og:image:width\" content=\"500\" \/>\n\t<meta property=\"og:image:height\" content=\"500\" \/>\n\t<meta property=\"og:image:type\" content=\"image\/png\" \/>\n<meta name=\"twitter:card\" content=\"summary_large_image\" \/>\n<meta name=\"twitter:label1\" content=\"Est. reading time\" \/>\n\t<meta name=\"twitter:data1\" content=\"2 minutes\" \/>\n<script type=\"application\/ld+json\" class=\"yoast-schema-graph\">{\"@context\":\"https:\/\/schema.org\",\"@graph\":[{\"@type\":\"WebPage\",\"@id\":\"https:\/\/pro-print.ca\/fr\/boutique\/imprimantes-monochromes-et-couleur-et-multifonctions\/brother-inkvestment-tank-mfc-j5855dw-imprimante-professionnelle-a-jet-dencre-couleur-a3-tout-en-un\/\",\"url\":\"https:\/\/pro-print.ca\/fr\/boutique\/imprimantes-monochromes-et-couleur-et-multifonctions\/brother-inkvestment-tank-mfc-j5855dw-imprimante-professionnelle-a-jet-dencre-couleur-a3-tout-en-un\/\",\"name\":\"Brother INKvestment Tank MFC-J5855DW Imprimante professionnelle \u00e0 jet d'encre couleur A3 tout-en-un - Pro Print\",\"isPartOf\":{\"@id\":\"https:\/\/pro-print.ca\/#website\"},\"primaryImageOfPage\":{\"@id\":\"https:\/\/pro-print.ca\/fr\/boutique\/imprimantes-monochromes-et-couleur-et-multifonctions\/brother-inkvestment-tank-mfc-j5855dw-imprimante-professionnelle-a-jet-dencre-couleur-a3-tout-en-un\/#primaryimage\"},\"image\":{\"@id\":\"https:\/\/pro-print.ca\/fr\/boutique\/imprimantes-monochromes-et-couleur-et-multifonctions\/brother-inkvestment-tank-mfc-j5855dw-imprimante-professionnelle-a-jet-dencre-couleur-a3-tout-en-un\/#primaryimage\"},\"thumbnailUrl\":\"https:\/\/pro-print.ca\/wp-content\/uploads\/2025\/03\/79015be5-3268-4b4d-9bf4-4261291de4f3.png\",\"datePublished\":\"2025-04-14T15:17:44+00:00\",\"breadcrumb\":{\"@id\":\"https:\/\/pro-print.ca\/fr\/boutique\/imprimantes-monochromes-et-couleur-et-multifonctions\/brother-inkvestment-tank-mfc-j5855dw-imprimante-professionnelle-a-jet-dencre-couleur-a3-tout-en-un\/#breadcrumb\"},\"inLanguage\":\"fr-FR\",\"potentialAction\":[{\"@type\":\"ReadAction\",\"target\":[\"https:\/\/pro-print.ca\/fr\/boutique\/imprimantes-monochromes-et-couleur-et-multifonctions\/brother-inkvestment-tank-mfc-j5855dw-imprimante-professionnelle-a-jet-dencre-couleur-a3-tout-en-un\/\"]}]},{\"@type\":\"ImageObject\",\"inLanguage\":\"fr-FR\",\"@id\":\"https:\/\/pro-print.ca\/fr\/boutique\/imprimantes-monochromes-et-couleur-et-multifonctions\/brother-inkvestment-tank-mfc-j5855dw-imprimante-professionnelle-a-jet-dencre-couleur-a3-tout-en-un\/#primaryimage\",\"url\":\"https:\/\/pro-print.ca\/wp-content\/uploads\/2025\/03\/79015be5-3268-4b4d-9bf4-4261291de4f3.png\",\"contentUrl\":\"https:\/\/pro-print.ca\/wp-content\/uploads\/2025\/03\/79015be5-3268-4b4d-9bf4-4261291de4f3.png\",\"width\":500,\"height\":500},{\"@type\":\"BreadcrumbList\",\"@id\":\"https:\/\/pro-print.ca\/fr\/boutique\/imprimantes-monochromes-et-couleur-et-multifonctions\/brother-inkvestment-tank-mfc-j5855dw-imprimante-professionnelle-a-jet-dencre-couleur-a3-tout-en-un\/#breadcrumb\",\"itemListElement\":[{\"@type\":\"ListItem\",\"position\":1,\"name\":\"Home\",\"item\":\"https:\/\/pro-print.ca\/\"},{\"@type\":\"ListItem\",\"position\":2,\"name\":\"Boutique\",\"item\":\"https:\/\/pro-print.ca\/fr\/boutique\/\"},{\"@type\":\"ListItem\",\"position\":3,\"name\":\"Brother INKvestment Tank MFC-J5855DW Imprimante professionnelle \u00e0 jet d&#8217;encre couleur A3 tout-en-un\"}]},{\"@type\":\"WebSite\",\"@id\":\"https:\/\/pro-print.ca\/#website\",\"url\":\"https:\/\/pro-print.ca\/\",\"name\":\"Pro Print\",\"description\":\"Your print, our priority\",\"publisher\":{\"@id\":\"https:\/\/pro-print.ca\/#organization\"},\"potentialAction\":[{\"@type\":\"SearchAction\",\"target\":{\"@type\":\"EntryPoint\",\"urlTemplate\":\"https:\/\/pro-print.ca\/?s={search_term_string}\"},\"query-input\":{\"@type\":\"PropertyValueSpecification\",\"valueRequired\":true,\"valueName\":\"search_term_string\"}}],\"inLanguage\":\"fr-FR\"},{\"@type\":\"Organization\",\"@id\":\"https:\/\/pro-print.ca\/#organization\",\"name\":\"Pro Print\",\"url\":\"https:\/\/pro-print.ca\/\",\"logo\":{\"@type\":\"ImageObject\",\"inLanguage\":\"fr-FR\",\"@id\":\"https:\/\/pro-print.ca\/#\/schema\/logo\/image\/\",\"url\":\"https:\/\/pro-print.ca\/wp-content\/uploads\/2025\/04\/pro_print_logotype_on_blue.png\",\"contentUrl\":\"https:\/\/pro-print.ca\/wp-content\/uploads\/2025\/04\/pro_print_logotype_on_blue.png\",\"width\":4164,\"height\":1500,\"caption\":\"Pro Print\"},\"image\":{\"@id\":\"https:\/\/pro-print.ca\/#\/schema\/logo\/image\/\"},\"sameAs\":[\"https:\/\/www.facebook.com\/profile.php?id=61574781855025\",\"https:\/\/www.linkedin.com\/company\/pro-print-managed-solutions\"]}]}<\/script>\n<!-- \/ Yoast SEO plugin. -->","yoast_head_json":{"title":"Brother INKvestment Tank MFC-J5855DW Imprimante professionnelle \u00e0 jet d'encre couleur A3 tout-en-un - Pro Print","robots":{"index":"index","follow":"follow","max-snippet":"max-snippet:-1","max-image-preview":"max-image-preview:large","max-video-preview":"max-video-preview:-1"},"canonical":"https:\/\/pro-print.ca\/fr\/boutique\/imprimantes-monochromes-et-couleur-et-multifonctions\/brother-inkvestment-tank-mfc-j5855dw-imprimante-professionnelle-a-jet-dencre-couleur-a3-tout-en-un\/","og_locale":"fr_FR","og_type":"article","og_title":"Brother INKvestment Tank MFC-J5855DW Imprimante professionnelle \u00e0 jet d'encre couleur A3 tout-en-un - Pro Print","og_description":"Prenez de l'ampleur et prenez les choses en main ! L'imprimante \u00e0 jet d'encre couleur tout-en-un Brother INKvestment Tank MFC-J5855DW offre une impression durable et de qualit\u00e9 sup\u00e9rieure sur laquelle votre entreprise peut compter.","og_url":"https:\/\/pro-print.ca\/fr\/boutique\/imprimantes-monochromes-et-couleur-et-multifonctions\/brother-inkvestment-tank-mfc-j5855dw-imprimante-professionnelle-a-jet-dencre-couleur-a3-tout-en-un\/","og_site_name":"Pro Print","article_publisher":"https:\/\/www.facebook.com\/profile.php?id=61574781855025","og_image":[{"width":500,"height":500,"url":"https:\/\/pro-print.ca\/wp-content\/uploads\/2025\/03\/79015be5-3268-4b4d-9bf4-4261291de4f3.png","type":"image\/png"}],"twitter_card":"summary_large_image","twitter_misc":{"Est. reading time":"2 minutes"},"schema":{"@context":"https:\/\/schema.org","@graph":[{"@type":"WebPage","@id":"https:\/\/pro-print.ca\/fr\/boutique\/imprimantes-monochromes-et-couleur-et-multifonctions\/brother-inkvestment-tank-mfc-j5855dw-imprimante-professionnelle-a-jet-dencre-couleur-a3-tout-en-un\/","url":"https:\/\/pro-print.ca\/fr\/boutique\/imprimantes-monochromes-et-couleur-et-multifonctions\/brother-inkvestment-tank-mfc-j5855dw-imprimante-professionnelle-a-jet-dencre-couleur-a3-tout-en-un\/","name":"Brother INKvestment Tank MFC-J5855DW Imprimante professionnelle \u00e0 jet d'encre couleur A3 tout-en-un - Pro Print","isPartOf":{"@id":"https:\/\/pro-print.ca\/#website"},"primaryImageOfPage":{"@id":"https:\/\/pro-print.ca\/fr\/boutique\/imprimantes-monochromes-et-couleur-et-multifonctions\/brother-inkvestment-tank-mfc-j5855dw-imprimante-professionnelle-a-jet-dencre-couleur-a3-tout-en-un\/#primaryimage"},"image":{"@id":"https:\/\/pro-print.ca\/fr\/boutique\/imprimantes-monochromes-et-couleur-et-multifonctions\/brother-inkvestment-tank-mfc-j5855dw-imprimante-professionnelle-a-jet-dencre-couleur-a3-tout-en-un\/#primaryimage"},"thumbnailUrl":"https:\/\/pro-print.ca\/wp-content\/uploads\/2025\/03\/79015be5-3268-4b4d-9bf4-4261291de4f3.png","datePublished":"2025-04-14T15:17:44+00:00","breadcrumb":{"@id":"https:\/\/pro-print.ca\/fr\/boutique\/imprimantes-monochromes-et-couleur-et-multifonctions\/brother-inkvestment-tank-mfc-j5855dw-imprimante-professionnelle-a-jet-dencre-couleur-a3-tout-en-un\/#breadcrumb"},"inLanguage":"fr-FR","potentialAction":[{"@type":"ReadAction","target":["https:\/\/pro-print.ca\/fr\/boutique\/imprimantes-monochromes-et-couleur-et-multifonctions\/brother-inkvestment-tank-mfc-j5855dw-imprimante-professionnelle-a-jet-dencre-couleur-a3-tout-en-un\/"]}]},{"@type":"ImageObject","inLanguage":"fr-FR","@id":"https:\/\/pro-print.ca\/fr\/boutique\/imprimantes-monochromes-et-couleur-et-multifonctions\/brother-inkvestment-tank-mfc-j5855dw-imprimante-professionnelle-a-jet-dencre-couleur-a3-tout-en-un\/#primaryimage","url":"https:\/\/pro-print.ca\/wp-content\/uploads\/2025\/03\/79015be5-3268-4b4d-9bf4-4261291de4f3.png","contentUrl":"https:\/\/pro-print.ca\/wp-content\/uploads\/2025\/03\/79015be5-3268-4b4d-9bf4-4261291de4f3.png","width":500,"height":500},{"@type":"BreadcrumbList","@id":"https:\/\/pro-print.ca\/fr\/boutique\/imprimantes-monochromes-et-couleur-et-multifonctions\/brother-inkvestment-tank-mfc-j5855dw-imprimante-professionnelle-a-jet-dencre-couleur-a3-tout-en-un\/#breadcrumb","itemListElement":[{"@type":"ListItem","position":1,"name":"Home","item":"https:\/\/pro-print.ca\/"},{"@type":"ListItem","position":2,"name":"Boutique","item":"https:\/\/pro-print.ca\/fr\/boutique\/"},{"@type":"ListItem","position":3,"name":"Brother INKvestment Tank MFC-J5855DW Imprimante professionnelle \u00e0 jet d&#8217;encre couleur A3 tout-en-un"}]},{"@type":"WebSite","@id":"https:\/\/pro-print.ca\/#website","url":"https:\/\/pro-print.ca\/","name":"Pro Print","description":"Your print, our priority","publisher":{"@id":"https:\/\/pro-print.ca\/#organization"},"potentialAction":[{"@type":"SearchAction","target":{"@type":"EntryPoint","urlTemplate":"https:\/\/pro-print.ca\/?s={search_term_string}"},"query-input":{"@type":"PropertyValueSpecification","valueRequired":true,"valueName":"search_term_string"}}],"inLanguage":"fr-FR"},{"@type":"Organization","@id":"https:\/\/pro-print.ca\/#organization","name":"Pro Print","url":"https:\/\/pro-print.ca\/","logo":{"@type":"ImageObject","inLanguage":"fr-FR","@id":"https:\/\/pro-print.ca\/#\/schema\/logo\/image\/","url":"https:\/\/pro-print.ca\/wp-content\/uploads\/2025\/04\/pro_print_logotype_on_blue.png","contentUrl":"https:\/\/pro-print.ca\/wp-content\/uploads\/2025\/04\/pro_print_logotype_on_blue.png","width":4164,"height":1500,"caption":"Pro Print"},"image":{"@id":"https:\/\/pro-print.ca\/#\/schema\/logo\/image\/"},"sameAs":["https:\/\/www.facebook.com\/profile.php?id=61574781855025","https:\/\/www.linkedin.com\/company\/pro-print-managed-solutions"]}]}},"_links":{"self":[{"href":"https:\/\/pro-print.ca\/fr\/wp-json\/wp\/v2\/product\/1054","targetHints":{"allow":["GET"]}}],"collection":[{"href":"https:\/\/pro-print.ca\/fr\/wp-json\/wp\/v2\/product"}],"about":[{"href":"https:\/\/pro-print.ca\/fr\/wp-json\/wp\/v2\/types\/product"}],"replies":[{"embeddable":true,"href":"https:\/\/pro-print.ca\/fr\/wp-json\/wp\/v2\/comments?post=1054"}],"wp:featuredmedia":[{"embeddable":true,"href":"https:\/\/pro-print.ca\/fr\/wp-json\/wp\/v2\/media\/195"}],"wp:attachment":[{"href":"https:\/\/pro-print.ca\/fr\/wp-json\/wp\/v2\/media?parent=1054"}],"wp:term":[{"taxonomy":"product_brand","embeddable":true,"href":"https:\/\/pro-print.ca\/fr\/wp-json\/wp\/v2\/product_brand?post=1054"},{"taxonomy":"product_cat","embeddable":true,"href":"https:\/\/pro-print.ca\/fr\/wp-json\/wp\/v2\/product_cat?post=1054"},{"taxonomy":"product_tag","embeddable":true,"href":"https:\/\/pro-print.ca\/fr\/wp-json\/wp\/v2\/product_tag?post=1054"}],"curies":[{"name":"wp","href":"https:\/\/api.w.org\/{rel}","templated":true}]}}