

{"id":1051,"date":"2025-04-22T14:03:42","date_gmt":"2025-04-22T18:03:42","guid":{"rendered":"https:\/\/pro-print.ca\/shop\/uncategorized\/brother-mfc-l9570cdw-imprimante-laser-couleur-professionnelle-tout-en-un-2\/"},"modified":"2025-04-22T14:03:42","modified_gmt":"2025-04-22T18:03:42","slug":"brother-mfc-l9570cdw-imprimante-laser-couleur-professionnelle-tout-en-un-2","status":"publish","type":"product","link":"https:\/\/pro-print.ca\/fr\/boutique\/imprimantes-monochromes-et-couleur-et-multifonctions\/brother-mfc-l9570cdw-imprimante-laser-couleur-professionnelle-tout-en-un-2\/","title":{"rendered":"Brother MFC-L9570CDW Imprimante laser couleur professionnelle tout-en-un"},"content":{"rendered":"<h3>Description du produit<\/h3>\n<p>Le tout-en-un laser couleur professionnel Brother MFC-L9570CDW est id\u00e9al pour les groupes de travail de taille moyenne ayant des volumes d&rsquo;impression \u00e9lev\u00e9s. Il offre une qualit\u00e9 professionnelle et une production rentable gr\u00e2ce aux cartouches de remplacement Brother Genuine \u00e0 tr\u00e8s haut rendement de 6 500 pages et \u00e0 l&rsquo;impression \u00e0 moindre co\u00fbt gr\u00e2ce aux cartouches \u00e0 tr\u00e8s haut rendement de 9 000 pages. Il imprime et copie jusqu&rsquo;\u00e0 33 ppm en couleur et en noir et offre des fonctions de s\u00e9curit\u00e9 avanc\u00e9es telles que l&rsquo;authentification de l&rsquo;utilisateur du r\u00e9seau qui aide \u00e0 prot\u00e9ger l&rsquo;appareil contre l&rsquo;acc\u00e8s non autoris\u00e9. La gestion flexible du papier comprend une capacit\u00e9 de 300 feuilles, extensible \u00e0 2 380 feuilles avec des bacs suppl\u00e9mentaires en option, un chargeur automatique de documents d&rsquo;une capacit\u00e9 de 80 pages qui num\u00e9rise jusqu&rsquo;\u00e0 104 ipm, une vitre d&rsquo;exposition au format l\u00e9gal, la num\u00e9risation en couleur vers une vari\u00e9t\u00e9 de destinations et l&rsquo;impression recto-verso automatique. Le r\u00e9seau Gigabit Ethernet\/sans fil et l&rsquo;\u00e9cran tactile couleur de 7 pouces de type tablette avec jusqu&rsquo;\u00e0 64 raccourcis personnalisables vous permettent d&rsquo;imprimer \u00e0 partir d&rsquo;appareils mobiles et de num\u00e9riser vers ces derniers via un r\u00e9seau sans fil.   <\/p>\n","protected":false},"excerpt":{"rendered":"<p>Description du produit Le tout-en-un laser couleur professionnel Brother MFC-L9570CDW est id\u00e9al pour les groupes de travail de taille moyenne ayant des volumes d&rsquo;impression \u00e9lev\u00e9s. Il offre une qualit\u00e9 professionnelle et une production rentable gr\u00e2ce aux cartouches de remplacement Brother Genuine \u00e0 tr\u00e8s haut rendement de 6 500 pages et \u00e0 l&rsquo;impression \u00e0 moindre co\u00fbt [&hellip;]<\/p>\n","protected":false},"featured_media":1348,"comment_status":"open","ping_status":"closed","template":"","meta":{"_acf_changed":false,"_et_pb_use_builder":"","_et_pb_old_content":"","_et_gb_content_width":""},"product_brand":[],"product_cat":[74],"product_tag":[],"class_list":{"0":"post-1051","1":"product","2":"type-product","3":"status-publish","4":"has-post-thumbnail","6":"product_cat-imprimantes-monochromes-et-couleur-et-multifonctions","8":"first","9":"instock","10":"shipping-taxable","11":"purchasable","12":"product-type-simple"},"acf":[],"yoast_head":"<!-- This site is optimized with the Yoast SEO plugin v26.1 - https:\/\/yoast.com\/wordpress\/plugins\/seo\/ -->\n<title>Brother MFC-L9570CDW Imprimante laser couleur professionnelle tout-en-un - Pro Print<\/title>\n<meta name=\"robots\" content=\"index, follow, max-snippet:-1, max-image-preview:large, max-video-preview:-1\" \/>\n<link rel=\"canonical\" href=\"https:\/\/pro-print.ca\/fr\/boutique\/imprimantes-monochromes-et-couleur-et-multifonctions\/brother-mfc-l9570cdw-imprimante-laser-couleur-professionnelle-tout-en-un-2\/\" \/>\n<meta property=\"og:locale\" content=\"fr_FR\" \/>\n<meta property=\"og:type\" content=\"article\" \/>\n<meta property=\"og:title\" content=\"Brother MFC-L9570CDW Imprimante laser couleur professionnelle tout-en-un - Pro Print\" \/>\n<meta property=\"og:description\" content=\"Description du produit Le tout-en-un laser couleur professionnel Brother MFC-L9570CDW est id\u00e9al pour les groupes de travail de taille moyenne ayant des volumes d&rsquo;impression \u00e9lev\u00e9s. Il offre une qualit\u00e9 professionnelle et une production rentable gr\u00e2ce aux cartouches de remplacement Brother Genuine \u00e0 tr\u00e8s haut rendement de 6 500 pages et \u00e0 l&rsquo;impression \u00e0 moindre co\u00fbt [&hellip;]\" \/>\n<meta property=\"og:url\" content=\"https:\/\/pro-print.ca\/fr\/boutique\/imprimantes-monochromes-et-couleur-et-multifonctions\/brother-mfc-l9570cdw-imprimante-laser-couleur-professionnelle-tout-en-un-2\/\" \/>\n<meta property=\"og:site_name\" content=\"Pro Print\" \/>\n<meta property=\"article:publisher\" content=\"https:\/\/www.facebook.com\/profile.php?id=61574781855025\" \/>\n<meta property=\"og:image\" content=\"https:\/\/pro-print.ca\/wp-content\/uploads\/2025\/04\/Brother_Workhorse_MFC-L9570CDW_Wireless_Laser_Multifunction_Printer_-_Color_-_CopierFaxPrinterScanner_-_33_ppm_Mono33_ppm_Color_x_MFCL9570CDW_fleetnetwork_20250207110922__61843.jpg\" \/>\n\t<meta property=\"og:image:width\" content=\"1920\" \/>\n\t<meta property=\"og:image:height\" content=\"1920\" \/>\n\t<meta property=\"og:image:type\" content=\"image\/jpeg\" \/>\n<meta name=\"twitter:card\" content=\"summary_large_image\" \/>\n<meta name=\"twitter:label1\" content=\"Est. reading time\" \/>\n\t<meta name=\"twitter:data1\" content=\"1 minute\" \/>\n<script type=\"application\/ld+json\" class=\"yoast-schema-graph\">{\"@context\":\"https:\/\/schema.org\",\"@graph\":[{\"@type\":\"WebPage\",\"@id\":\"https:\/\/pro-print.ca\/fr\/boutique\/imprimantes-monochromes-et-couleur-et-multifonctions\/brother-mfc-l9570cdw-imprimante-laser-couleur-professionnelle-tout-en-un-2\/\",\"url\":\"https:\/\/pro-print.ca\/fr\/boutique\/imprimantes-monochromes-et-couleur-et-multifonctions\/brother-mfc-l9570cdw-imprimante-laser-couleur-professionnelle-tout-en-un-2\/\",\"name\":\"Brother MFC-L9570CDW Imprimante laser couleur professionnelle tout-en-un - Pro Print\",\"isPartOf\":{\"@id\":\"https:\/\/pro-print.ca\/#website\"},\"primaryImageOfPage\":{\"@id\":\"https:\/\/pro-print.ca\/fr\/boutique\/imprimantes-monochromes-et-couleur-et-multifonctions\/brother-mfc-l9570cdw-imprimante-laser-couleur-professionnelle-tout-en-un-2\/#primaryimage\"},\"image\":{\"@id\":\"https:\/\/pro-print.ca\/fr\/boutique\/imprimantes-monochromes-et-couleur-et-multifonctions\/brother-mfc-l9570cdw-imprimante-laser-couleur-professionnelle-tout-en-un-2\/#primaryimage\"},\"thumbnailUrl\":\"https:\/\/pro-print.ca\/wp-content\/uploads\/2025\/04\/Brother_Workhorse_MFC-L9570CDW_Wireless_Laser_Multifunction_Printer_-_Color_-_CopierFaxPrinterScanner_-_33_ppm_Mono33_ppm_Color_x_MFCL9570CDW_fleetnetwork_20250207110922__61843.jpg\",\"datePublished\":\"2025-04-22T18:03:42+00:00\",\"breadcrumb\":{\"@id\":\"https:\/\/pro-print.ca\/fr\/boutique\/imprimantes-monochromes-et-couleur-et-multifonctions\/brother-mfc-l9570cdw-imprimante-laser-couleur-professionnelle-tout-en-un-2\/#breadcrumb\"},\"inLanguage\":\"fr-FR\",\"potentialAction\":[{\"@type\":\"ReadAction\",\"target\":[\"https:\/\/pro-print.ca\/fr\/boutique\/imprimantes-monochromes-et-couleur-et-multifonctions\/brother-mfc-l9570cdw-imprimante-laser-couleur-professionnelle-tout-en-un-2\/\"]}]},{\"@type\":\"ImageObject\",\"inLanguage\":\"fr-FR\",\"@id\":\"https:\/\/pro-print.ca\/fr\/boutique\/imprimantes-monochromes-et-couleur-et-multifonctions\/brother-mfc-l9570cdw-imprimante-laser-couleur-professionnelle-tout-en-un-2\/#primaryimage\",\"url\":\"https:\/\/pro-print.ca\/wp-content\/uploads\/2025\/04\/Brother_Workhorse_MFC-L9570CDW_Wireless_Laser_Multifunction_Printer_-_Color_-_CopierFaxPrinterScanner_-_33_ppm_Mono33_ppm_Color_x_MFCL9570CDW_fleetnetwork_20250207110922__61843.jpg\",\"contentUrl\":\"https:\/\/pro-print.ca\/wp-content\/uploads\/2025\/04\/Brother_Workhorse_MFC-L9570CDW_Wireless_Laser_Multifunction_Printer_-_Color_-_CopierFaxPrinterScanner_-_33_ppm_Mono33_ppm_Color_x_MFCL9570CDW_fleetnetwork_20250207110922__61843.jpg\",\"width\":1920,\"height\":1920,\"caption\":\"Pro-Print brother printing solutions\"},{\"@type\":\"BreadcrumbList\",\"@id\":\"https:\/\/pro-print.ca\/fr\/boutique\/imprimantes-monochromes-et-couleur-et-multifonctions\/brother-mfc-l9570cdw-imprimante-laser-couleur-professionnelle-tout-en-un-2\/#breadcrumb\",\"itemListElement\":[{\"@type\":\"ListItem\",\"position\":1,\"name\":\"Home\",\"item\":\"https:\/\/pro-print.ca\/\"},{\"@type\":\"ListItem\",\"position\":2,\"name\":\"Boutique\",\"item\":\"https:\/\/pro-print.ca\/fr\/boutique\/\"},{\"@type\":\"ListItem\",\"position\":3,\"name\":\"Brother MFC-L9570CDW Imprimante laser couleur professionnelle tout-en-un\"}]},{\"@type\":\"WebSite\",\"@id\":\"https:\/\/pro-print.ca\/#website\",\"url\":\"https:\/\/pro-print.ca\/\",\"name\":\"Pro Print\",\"description\":\"Your print, our priority\",\"publisher\":{\"@id\":\"https:\/\/pro-print.ca\/#organization\"},\"potentialAction\":[{\"@type\":\"SearchAction\",\"target\":{\"@type\":\"EntryPoint\",\"urlTemplate\":\"https:\/\/pro-print.ca\/?s={search_term_string}\"},\"query-input\":{\"@type\":\"PropertyValueSpecification\",\"valueRequired\":true,\"valueName\":\"search_term_string\"}}],\"inLanguage\":\"fr-FR\"},{\"@type\":\"Organization\",\"@id\":\"https:\/\/pro-print.ca\/#organization\",\"name\":\"Pro Print\",\"url\":\"https:\/\/pro-print.ca\/\",\"logo\":{\"@type\":\"ImageObject\",\"inLanguage\":\"fr-FR\",\"@id\":\"https:\/\/pro-print.ca\/#\/schema\/logo\/image\/\",\"url\":\"https:\/\/pro-print.ca\/wp-content\/uploads\/2025\/04\/pro_print_logotype_on_blue.png\",\"contentUrl\":\"https:\/\/pro-print.ca\/wp-content\/uploads\/2025\/04\/pro_print_logotype_on_blue.png\",\"width\":4164,\"height\":1500,\"caption\":\"Pro Print\"},\"image\":{\"@id\":\"https:\/\/pro-print.ca\/#\/schema\/logo\/image\/\"},\"sameAs\":[\"https:\/\/www.facebook.com\/profile.php?id=61574781855025\",\"https:\/\/www.linkedin.com\/company\/pro-print-managed-solutions\"]}]}<\/script>\n<!-- \/ Yoast SEO plugin. -->","yoast_head_json":{"title":"Brother MFC-L9570CDW Imprimante laser couleur professionnelle tout-en-un - Pro Print","robots":{"index":"index","follow":"follow","max-snippet":"max-snippet:-1","max-image-preview":"max-image-preview:large","max-video-preview":"max-video-preview:-1"},"canonical":"https:\/\/pro-print.ca\/fr\/boutique\/imprimantes-monochromes-et-couleur-et-multifonctions\/brother-mfc-l9570cdw-imprimante-laser-couleur-professionnelle-tout-en-un-2\/","og_locale":"fr_FR","og_type":"article","og_title":"Brother MFC-L9570CDW Imprimante laser couleur professionnelle tout-en-un - Pro Print","og_description":"Description du produit Le tout-en-un laser couleur professionnel Brother MFC-L9570CDW est id\u00e9al pour les groupes de travail de taille moyenne ayant des volumes d&rsquo;impression \u00e9lev\u00e9s. Il offre une qualit\u00e9 professionnelle et une production rentable gr\u00e2ce aux cartouches de remplacement Brother Genuine \u00e0 tr\u00e8s haut rendement de 6 500 pages et \u00e0 l&rsquo;impression \u00e0 moindre co\u00fbt [&hellip;]","og_url":"https:\/\/pro-print.ca\/fr\/boutique\/imprimantes-monochromes-et-couleur-et-multifonctions\/brother-mfc-l9570cdw-imprimante-laser-couleur-professionnelle-tout-en-un-2\/","og_site_name":"Pro Print","article_publisher":"https:\/\/www.facebook.com\/profile.php?id=61574781855025","og_image":[{"width":1920,"height":1920,"url":"https:\/\/pro-print.ca\/wp-content\/uploads\/2025\/04\/Brother_Workhorse_MFC-L9570CDW_Wireless_Laser_Multifunction_Printer_-_Color_-_CopierFaxPrinterScanner_-_33_ppm_Mono33_ppm_Color_x_MFCL9570CDW_fleetnetwork_20250207110922__61843.jpg","type":"image\/jpeg"}],"twitter_card":"summary_large_image","twitter_misc":{"Est. reading time":"1 minute"},"schema":{"@context":"https:\/\/schema.org","@graph":[{"@type":"WebPage","@id":"https:\/\/pro-print.ca\/fr\/boutique\/imprimantes-monochromes-et-couleur-et-multifonctions\/brother-mfc-l9570cdw-imprimante-laser-couleur-professionnelle-tout-en-un-2\/","url":"https:\/\/pro-print.ca\/fr\/boutique\/imprimantes-monochromes-et-couleur-et-multifonctions\/brother-mfc-l9570cdw-imprimante-laser-couleur-professionnelle-tout-en-un-2\/","name":"Brother MFC-L9570CDW Imprimante laser couleur professionnelle tout-en-un - Pro Print","isPartOf":{"@id":"https:\/\/pro-print.ca\/#website"},"primaryImageOfPage":{"@id":"https:\/\/pro-print.ca\/fr\/boutique\/imprimantes-monochromes-et-couleur-et-multifonctions\/brother-mfc-l9570cdw-imprimante-laser-couleur-professionnelle-tout-en-un-2\/#primaryimage"},"image":{"@id":"https:\/\/pro-print.ca\/fr\/boutique\/imprimantes-monochromes-et-couleur-et-multifonctions\/brother-mfc-l9570cdw-imprimante-laser-couleur-professionnelle-tout-en-un-2\/#primaryimage"},"thumbnailUrl":"https:\/\/pro-print.ca\/wp-content\/uploads\/2025\/04\/Brother_Workhorse_MFC-L9570CDW_Wireless_Laser_Multifunction_Printer_-_Color_-_CopierFaxPrinterScanner_-_33_ppm_Mono33_ppm_Color_x_MFCL9570CDW_fleetnetwork_20250207110922__61843.jpg","datePublished":"2025-04-22T18:03:42+00:00","breadcrumb":{"@id":"https:\/\/pro-print.ca\/fr\/boutique\/imprimantes-monochromes-et-couleur-et-multifonctions\/brother-mfc-l9570cdw-imprimante-laser-couleur-professionnelle-tout-en-un-2\/#breadcrumb"},"inLanguage":"fr-FR","potentialAction":[{"@type":"ReadAction","target":["https:\/\/pro-print.ca\/fr\/boutique\/imprimantes-monochromes-et-couleur-et-multifonctions\/brother-mfc-l9570cdw-imprimante-laser-couleur-professionnelle-tout-en-un-2\/"]}]},{"@type":"ImageObject","inLanguage":"fr-FR","@id":"https:\/\/pro-print.ca\/fr\/boutique\/imprimantes-monochromes-et-couleur-et-multifonctions\/brother-mfc-l9570cdw-imprimante-laser-couleur-professionnelle-tout-en-un-2\/#primaryimage","url":"https:\/\/pro-print.ca\/wp-content\/uploads\/2025\/04\/Brother_Workhorse_MFC-L9570CDW_Wireless_Laser_Multifunction_Printer_-_Color_-_CopierFaxPrinterScanner_-_33_ppm_Mono33_ppm_Color_x_MFCL9570CDW_fleetnetwork_20250207110922__61843.jpg","contentUrl":"https:\/\/pro-print.ca\/wp-content\/uploads\/2025\/04\/Brother_Workhorse_MFC-L9570CDW_Wireless_Laser_Multifunction_Printer_-_Color_-_CopierFaxPrinterScanner_-_33_ppm_Mono33_ppm_Color_x_MFCL9570CDW_fleetnetwork_20250207110922__61843.jpg","width":1920,"height":1920,"caption":"Pro-Print brother printing solutions"},{"@type":"BreadcrumbList","@id":"https:\/\/pro-print.ca\/fr\/boutique\/imprimantes-monochromes-et-couleur-et-multifonctions\/brother-mfc-l9570cdw-imprimante-laser-couleur-professionnelle-tout-en-un-2\/#breadcrumb","itemListElement":[{"@type":"ListItem","position":1,"name":"Home","item":"https:\/\/pro-print.ca\/"},{"@type":"ListItem","position":2,"name":"Boutique","item":"https:\/\/pro-print.ca\/fr\/boutique\/"},{"@type":"ListItem","position":3,"name":"Brother MFC-L9570CDW Imprimante laser couleur professionnelle tout-en-un"}]},{"@type":"WebSite","@id":"https:\/\/pro-print.ca\/#website","url":"https:\/\/pro-print.ca\/","name":"Pro Print","description":"Your print, our priority","publisher":{"@id":"https:\/\/pro-print.ca\/#organization"},"potentialAction":[{"@type":"SearchAction","target":{"@type":"EntryPoint","urlTemplate":"https:\/\/pro-print.ca\/?s={search_term_string}"},"query-input":{"@type":"PropertyValueSpecification","valueRequired":true,"valueName":"search_term_string"}}],"inLanguage":"fr-FR"},{"@type":"Organization","@id":"https:\/\/pro-print.ca\/#organization","name":"Pro Print","url":"https:\/\/pro-print.ca\/","logo":{"@type":"ImageObject","inLanguage":"fr-FR","@id":"https:\/\/pro-print.ca\/#\/schema\/logo\/image\/","url":"https:\/\/pro-print.ca\/wp-content\/uploads\/2025\/04\/pro_print_logotype_on_blue.png","contentUrl":"https:\/\/pro-print.ca\/wp-content\/uploads\/2025\/04\/pro_print_logotype_on_blue.png","width":4164,"height":1500,"caption":"Pro Print"},"image":{"@id":"https:\/\/pro-print.ca\/#\/schema\/logo\/image\/"},"sameAs":["https:\/\/www.facebook.com\/profile.php?id=61574781855025","https:\/\/www.linkedin.com\/company\/pro-print-managed-solutions"]}]}},"_links":{"self":[{"href":"https:\/\/pro-print.ca\/fr\/wp-json\/wp\/v2\/product\/1051","targetHints":{"allow":["GET"]}}],"collection":[{"href":"https:\/\/pro-print.ca\/fr\/wp-json\/wp\/v2\/product"}],"about":[{"href":"https:\/\/pro-print.ca\/fr\/wp-json\/wp\/v2\/types\/product"}],"replies":[{"embeddable":true,"href":"https:\/\/pro-print.ca\/fr\/wp-json\/wp\/v2\/comments?post=1051"}],"wp:featuredmedia":[{"embeddable":true,"href":"https:\/\/pro-print.ca\/fr\/wp-json\/wp\/v2\/media\/1348"}],"wp:attachment":[{"href":"https:\/\/pro-print.ca\/fr\/wp-json\/wp\/v2\/media?parent=1051"}],"wp:term":[{"taxonomy":"product_brand","embeddable":true,"href":"https:\/\/pro-print.ca\/fr\/wp-json\/wp\/v2\/product_brand?post=1051"},{"taxonomy":"product_cat","embeddable":true,"href":"https:\/\/pro-print.ca\/fr\/wp-json\/wp\/v2\/product_cat?post=1051"},{"taxonomy":"product_tag","embeddable":true,"href":"https:\/\/pro-print.ca\/fr\/wp-json\/wp\/v2\/product_tag?post=1051"}],"curies":[{"name":"wp","href":"https:\/\/api.w.org\/{rel}","templated":true}]}}