

{"id":1048,"date":"2025-04-22T14:03:32","date_gmt":"2025-04-22T18:03:32","guid":{"rendered":"https:\/\/pro-print.ca\/shop\/uncategorized\/imprimante-laser-couleur-professionnelle-brother-hll8360cdw-bundle\/"},"modified":"2025-04-22T14:03:32","modified_gmt":"2025-04-22T18:03:32","slug":"imprimante-laser-couleur-professionnelle-brother-hll8360cdw-bundle","status":"publish","type":"product","link":"https:\/\/pro-print.ca\/fr\/boutique\/imprimantes-monochromes-et-couleur-et-multifonctions\/imprimante-laser-couleur-professionnelle-brother-hll8360cdw-bundle\/","title":{"rendered":"Imprimante laser couleur professionnelle Brother HLL8360CDW &#8211; BUNDLE"},"content":{"rendered":"<h3>Description du produit<\/h3>\n<p>L&rsquo;imprimante laser couleur Brother HL-L8360CDW est id\u00e9ale pour les bureaux et les petits groupes de travail ayant des volumes d&rsquo;impression \u00e9lev\u00e9s. Les cartouches de toner de remplacement \u00e0 tr\u00e8s haut rendement de Brother, d&rsquo;une capacit\u00e9 de 6 500 pages (rendement approximatif bas\u00e9 sur la norme ISO\/IEC 19798), permettent d&rsquo;obtenir des r\u00e9sultats \u00e0 faible co\u00fbt. Produisez des documents couleur \u00e0 fort impact jusqu&rsquo;\u00e0 33 pages par minute. Capacit\u00e9 papier de 300 feuilles extensible jusqu&rsquo;\u00e0 1 300 feuilles avec les bacs optionnels. L&rsquo;impression recto-verso automatique permet d&rsquo;\u00e9conomiser du papier. Partage facile gr\u00e2ce au r\u00e9seau Ethernet Gigabit ou au r\u00e9seau sans fil. Imprimez \u00e0 partir d&rsquo;appareils mobiles via un r\u00e9seau sans fil. \u00c9cran tactile couleur de 2,7 pouces pour une navigation ais\u00e9e. Des fonctions de s\u00e9curit\u00e9 avanc\u00e9es permettent de limiter l&rsquo;acc\u00e8s \u00e0 l&rsquo;appareil et de r\u00e9duire les co\u00fbts en limitant l&rsquo;impression couleur.        <\/p>\n","protected":false},"excerpt":{"rendered":"<p>Description du produit L&rsquo;imprimante laser couleur Brother HL-L8360CDW est id\u00e9ale pour les bureaux et les petits groupes de travail ayant des volumes d&rsquo;impression \u00e9lev\u00e9s. Les cartouches de toner de remplacement \u00e0 tr\u00e8s haut rendement de Brother, d&rsquo;une capacit\u00e9 de 6 500 pages (rendement approximatif bas\u00e9 sur la norme ISO\/IEC 19798), permettent d&rsquo;obtenir des r\u00e9sultats \u00e0 [&hellip;]<\/p>\n","protected":false},"featured_media":211,"comment_status":"open","ping_status":"closed","template":"","meta":{"_acf_changed":false,"_et_pb_use_builder":"","_et_pb_old_content":"","_et_gb_content_width":""},"product_brand":[],"product_cat":[74],"product_tag":[],"class_list":{"0":"post-1048","1":"product","2":"type-product","3":"status-publish","4":"has-post-thumbnail","6":"product_cat-imprimantes-monochromes-et-couleur-et-multifonctions","8":"first","9":"instock","10":"shipping-taxable","11":"purchasable","12":"product-type-simple"},"acf":[],"yoast_head":"<!-- This site is optimized with the Yoast SEO plugin v26.1 - https:\/\/yoast.com\/wordpress\/plugins\/seo\/ -->\n<title>Imprimante laser couleur professionnelle Brother HLL8360CDW - BUNDLE - Pro Print<\/title>\n<meta name=\"robots\" content=\"index, follow, max-snippet:-1, max-image-preview:large, max-video-preview:-1\" \/>\n<link rel=\"canonical\" href=\"https:\/\/pro-print.ca\/shop\/uncategorized\/imprimante-laser-couleur-professionnelle-brother-hll8360cdw-bundle\/\" \/>\n<meta property=\"og:locale\" content=\"fr_FR\" \/>\n<meta property=\"og:type\" content=\"article\" \/>\n<meta property=\"og:title\" content=\"Imprimante laser couleur professionnelle Brother HLL8360CDW - BUNDLE - Pro Print\" \/>\n<meta property=\"og:description\" content=\"Description du produit L&rsquo;imprimante laser couleur Brother HL-L8360CDW est id\u00e9ale pour les bureaux et les petits groupes de travail ayant des volumes d&rsquo;impression \u00e9lev\u00e9s. Les cartouches de toner de remplacement \u00e0 tr\u00e8s haut rendement de Brother, d&rsquo;une capacit\u00e9 de 6 500 pages (rendement approximatif bas\u00e9 sur la norme ISO\/IEC 19798), permettent d&rsquo;obtenir des r\u00e9sultats \u00e0 [&hellip;]\" \/>\n<meta property=\"og:url\" content=\"https:\/\/pro-print.ca\/shop\/uncategorized\/imprimante-laser-couleur-professionnelle-brother-hll8360cdw-bundle\/\" \/>\n<meta property=\"og:site_name\" content=\"Pro Print\" \/>\n<meta property=\"article:publisher\" content=\"https:\/\/www.facebook.com\/profile.php?id=61574781855025\" \/>\n<meta name=\"twitter:card\" content=\"summary_large_image\" \/>\n<meta name=\"twitter:label1\" content=\"Est. reading time\" \/>\n\t<meta name=\"twitter:data1\" content=\"1 minute\" \/>\n<script type=\"application\/ld+json\" class=\"yoast-schema-graph\">{\"@context\":\"https:\/\/schema.org\",\"@graph\":[{\"@type\":\"WebPage\",\"@id\":\"https:\/\/pro-print.ca\/shop\/uncategorized\/imprimante-laser-couleur-professionnelle-brother-hll8360cdw-bundle\/\",\"url\":\"https:\/\/pro-print.ca\/shop\/uncategorized\/imprimante-laser-couleur-professionnelle-brother-hll8360cdw-bundle\/\",\"name\":\"Imprimante laser couleur professionnelle Brother HLL8360CDW - BUNDLE - Pro Print\",\"isPartOf\":{\"@id\":\"https:\/\/pro-print.ca\/#website\"},\"primaryImageOfPage\":{\"@id\":\"https:\/\/pro-print.ca\/shop\/uncategorized\/imprimante-laser-couleur-professionnelle-brother-hll8360cdw-bundle\/#primaryimage\"},\"image\":{\"@id\":\"https:\/\/pro-print.ca\/shop\/uncategorized\/imprimante-laser-couleur-professionnelle-brother-hll8360cdw-bundle\/#primaryimage\"},\"thumbnailUrl\":\"https:\/\/pro-print.ca\/wp-content\/uploads\/2025\/03\/Brother-HLL8360CDW.png\",\"datePublished\":\"2025-04-22T18:03:32+00:00\",\"breadcrumb\":{\"@id\":\"https:\/\/pro-print.ca\/shop\/uncategorized\/imprimante-laser-couleur-professionnelle-brother-hll8360cdw-bundle\/#breadcrumb\"},\"inLanguage\":\"fr-FR\",\"potentialAction\":[{\"@type\":\"ReadAction\",\"target\":[\"https:\/\/pro-print.ca\/shop\/uncategorized\/imprimante-laser-couleur-professionnelle-brother-hll8360cdw-bundle\/\"]}]},{\"@type\":\"ImageObject\",\"inLanguage\":\"fr-FR\",\"@id\":\"https:\/\/pro-print.ca\/shop\/uncategorized\/imprimante-laser-couleur-professionnelle-brother-hll8360cdw-bundle\/#primaryimage\",\"url\":\"https:\/\/pro-print.ca\/wp-content\/uploads\/2025\/03\/Brother-HLL8360CDW.png\",\"contentUrl\":\"https:\/\/pro-print.ca\/wp-content\/uploads\/2025\/03\/Brother-HLL8360CDW.png\",\"width\":500,\"height\":500},{\"@type\":\"BreadcrumbList\",\"@id\":\"https:\/\/pro-print.ca\/shop\/uncategorized\/imprimante-laser-couleur-professionnelle-brother-hll8360cdw-bundle\/#breadcrumb\",\"itemListElement\":[{\"@type\":\"ListItem\",\"position\":1,\"name\":\"Home\",\"item\":\"https:\/\/pro-print.ca\/\"},{\"@type\":\"ListItem\",\"position\":2,\"name\":\"Boutique\",\"item\":\"https:\/\/pro-print.ca\/fr\/boutique\/\"},{\"@type\":\"ListItem\",\"position\":3,\"name\":\"Imprimante laser couleur professionnelle Brother HLL8360CDW &#8211; BUNDLE\"}]},{\"@type\":\"WebSite\",\"@id\":\"https:\/\/pro-print.ca\/#website\",\"url\":\"https:\/\/pro-print.ca\/\",\"name\":\"Pro Print\",\"description\":\"Your print, our priority\",\"publisher\":{\"@id\":\"https:\/\/pro-print.ca\/#organization\"},\"potentialAction\":[{\"@type\":\"SearchAction\",\"target\":{\"@type\":\"EntryPoint\",\"urlTemplate\":\"https:\/\/pro-print.ca\/?s={search_term_string}\"},\"query-input\":{\"@type\":\"PropertyValueSpecification\",\"valueRequired\":true,\"valueName\":\"search_term_string\"}}],\"inLanguage\":\"fr-FR\"},{\"@type\":\"Organization\",\"@id\":\"https:\/\/pro-print.ca\/#organization\",\"name\":\"Pro Print\",\"url\":\"https:\/\/pro-print.ca\/\",\"logo\":{\"@type\":\"ImageObject\",\"inLanguage\":\"fr-FR\",\"@id\":\"https:\/\/pro-print.ca\/#\/schema\/logo\/image\/\",\"url\":\"https:\/\/pro-print.ca\/wp-content\/uploads\/2025\/04\/pro_print_logotype_on_blue.png\",\"contentUrl\":\"https:\/\/pro-print.ca\/wp-content\/uploads\/2025\/04\/pro_print_logotype_on_blue.png\",\"width\":4164,\"height\":1500,\"caption\":\"Pro Print\"},\"image\":{\"@id\":\"https:\/\/pro-print.ca\/#\/schema\/logo\/image\/\"},\"sameAs\":[\"https:\/\/www.facebook.com\/profile.php?id=61574781855025\",\"https:\/\/www.linkedin.com\/company\/pro-print-managed-solutions\"]}]}<\/script>\n<!-- \/ Yoast SEO plugin. -->","yoast_head_json":{"title":"Imprimante laser couleur professionnelle Brother HLL8360CDW - BUNDLE - Pro Print","robots":{"index":"index","follow":"follow","max-snippet":"max-snippet:-1","max-image-preview":"max-image-preview:large","max-video-preview":"max-video-preview:-1"},"canonical":"https:\/\/pro-print.ca\/shop\/uncategorized\/imprimante-laser-couleur-professionnelle-brother-hll8360cdw-bundle\/","og_locale":"fr_FR","og_type":"article","og_title":"Imprimante laser couleur professionnelle Brother HLL8360CDW - BUNDLE - Pro Print","og_description":"Description du produit L&rsquo;imprimante laser couleur Brother HL-L8360CDW est id\u00e9ale pour les bureaux et les petits groupes de travail ayant des volumes d&rsquo;impression \u00e9lev\u00e9s. Les cartouches de toner de remplacement \u00e0 tr\u00e8s haut rendement de Brother, d&rsquo;une capacit\u00e9 de 6 500 pages (rendement approximatif bas\u00e9 sur la norme ISO\/IEC 19798), permettent d&rsquo;obtenir des r\u00e9sultats \u00e0 [&hellip;]","og_url":"https:\/\/pro-print.ca\/shop\/uncategorized\/imprimante-laser-couleur-professionnelle-brother-hll8360cdw-bundle\/","og_site_name":"Pro Print","article_publisher":"https:\/\/www.facebook.com\/profile.php?id=61574781855025","twitter_card":"summary_large_image","twitter_misc":{"Est. reading time":"1 minute"},"schema":{"@context":"https:\/\/schema.org","@graph":[{"@type":"WebPage","@id":"https:\/\/pro-print.ca\/shop\/uncategorized\/imprimante-laser-couleur-professionnelle-brother-hll8360cdw-bundle\/","url":"https:\/\/pro-print.ca\/shop\/uncategorized\/imprimante-laser-couleur-professionnelle-brother-hll8360cdw-bundle\/","name":"Imprimante laser couleur professionnelle Brother HLL8360CDW - BUNDLE - Pro Print","isPartOf":{"@id":"https:\/\/pro-print.ca\/#website"},"primaryImageOfPage":{"@id":"https:\/\/pro-print.ca\/shop\/uncategorized\/imprimante-laser-couleur-professionnelle-brother-hll8360cdw-bundle\/#primaryimage"},"image":{"@id":"https:\/\/pro-print.ca\/shop\/uncategorized\/imprimante-laser-couleur-professionnelle-brother-hll8360cdw-bundle\/#primaryimage"},"thumbnailUrl":"https:\/\/pro-print.ca\/wp-content\/uploads\/2025\/03\/Brother-HLL8360CDW.png","datePublished":"2025-04-22T18:03:32+00:00","breadcrumb":{"@id":"https:\/\/pro-print.ca\/shop\/uncategorized\/imprimante-laser-couleur-professionnelle-brother-hll8360cdw-bundle\/#breadcrumb"},"inLanguage":"fr-FR","potentialAction":[{"@type":"ReadAction","target":["https:\/\/pro-print.ca\/shop\/uncategorized\/imprimante-laser-couleur-professionnelle-brother-hll8360cdw-bundle\/"]}]},{"@type":"ImageObject","inLanguage":"fr-FR","@id":"https:\/\/pro-print.ca\/shop\/uncategorized\/imprimante-laser-couleur-professionnelle-brother-hll8360cdw-bundle\/#primaryimage","url":"https:\/\/pro-print.ca\/wp-content\/uploads\/2025\/03\/Brother-HLL8360CDW.png","contentUrl":"https:\/\/pro-print.ca\/wp-content\/uploads\/2025\/03\/Brother-HLL8360CDW.png","width":500,"height":500},{"@type":"BreadcrumbList","@id":"https:\/\/pro-print.ca\/shop\/uncategorized\/imprimante-laser-couleur-professionnelle-brother-hll8360cdw-bundle\/#breadcrumb","itemListElement":[{"@type":"ListItem","position":1,"name":"Home","item":"https:\/\/pro-print.ca\/"},{"@type":"ListItem","position":2,"name":"Boutique","item":"https:\/\/pro-print.ca\/fr\/boutique\/"},{"@type":"ListItem","position":3,"name":"Imprimante laser couleur professionnelle Brother HLL8360CDW &#8211; BUNDLE"}]},{"@type":"WebSite","@id":"https:\/\/pro-print.ca\/#website","url":"https:\/\/pro-print.ca\/","name":"Pro Print","description":"Your print, our priority","publisher":{"@id":"https:\/\/pro-print.ca\/#organization"},"potentialAction":[{"@type":"SearchAction","target":{"@type":"EntryPoint","urlTemplate":"https:\/\/pro-print.ca\/?s={search_term_string}"},"query-input":{"@type":"PropertyValueSpecification","valueRequired":true,"valueName":"search_term_string"}}],"inLanguage":"fr-FR"},{"@type":"Organization","@id":"https:\/\/pro-print.ca\/#organization","name":"Pro Print","url":"https:\/\/pro-print.ca\/","logo":{"@type":"ImageObject","inLanguage":"fr-FR","@id":"https:\/\/pro-print.ca\/#\/schema\/logo\/image\/","url":"https:\/\/pro-print.ca\/wp-content\/uploads\/2025\/04\/pro_print_logotype_on_blue.png","contentUrl":"https:\/\/pro-print.ca\/wp-content\/uploads\/2025\/04\/pro_print_logotype_on_blue.png","width":4164,"height":1500,"caption":"Pro Print"},"image":{"@id":"https:\/\/pro-print.ca\/#\/schema\/logo\/image\/"},"sameAs":["https:\/\/www.facebook.com\/profile.php?id=61574781855025","https:\/\/www.linkedin.com\/company\/pro-print-managed-solutions"]}]}},"_links":{"self":[{"href":"https:\/\/pro-print.ca\/fr\/wp-json\/wp\/v2\/product\/1048","targetHints":{"allow":["GET"]}}],"collection":[{"href":"https:\/\/pro-print.ca\/fr\/wp-json\/wp\/v2\/product"}],"about":[{"href":"https:\/\/pro-print.ca\/fr\/wp-json\/wp\/v2\/types\/product"}],"replies":[{"embeddable":true,"href":"https:\/\/pro-print.ca\/fr\/wp-json\/wp\/v2\/comments?post=1048"}],"wp:featuredmedia":[{"embeddable":true,"href":"https:\/\/pro-print.ca\/fr\/wp-json\/wp\/v2\/media\/211"}],"wp:attachment":[{"href":"https:\/\/pro-print.ca\/fr\/wp-json\/wp\/v2\/media?parent=1048"}],"wp:term":[{"taxonomy":"product_brand","embeddable":true,"href":"https:\/\/pro-print.ca\/fr\/wp-json\/wp\/v2\/product_brand?post=1048"},{"taxonomy":"product_cat","embeddable":true,"href":"https:\/\/pro-print.ca\/fr\/wp-json\/wp\/v2\/product_cat?post=1048"},{"taxonomy":"product_tag","embeddable":true,"href":"https:\/\/pro-print.ca\/fr\/wp-json\/wp\/v2\/product_tag?post=1048"}],"curies":[{"name":"wp","href":"https:\/\/api.w.org\/{rel}","templated":true}]}}