

{"id":1047,"date":"2025-04-22T14:03:32","date_gmt":"2025-04-22T18:03:32","guid":{"rendered":"https:\/\/pro-print.ca\/shop\/uncategorized\/imprimante-laser-monochrome-tout-en-un-brother-mfc-l5710dn-avec-mise-en-reseau-et-impression-numerisation-et-copie-recto-verso\/"},"modified":"2025-04-22T14:03:32","modified_gmt":"2025-04-22T18:03:32","slug":"imprimante-laser-monochrome-tout-en-un-brother-mfc-l5710dn-avec-mise-en-reseau-et-impression-numerisation-et-copie-recto-verso","status":"publish","type":"product","link":"https:\/\/pro-print.ca\/fr\/boutique\/imprimantes-monochromes-et-couleur-et-multifonctions\/imprimante-laser-monochrome-tout-en-un-brother-mfc-l5710dn-avec-mise-en-reseau-et-impression-numerisation-et-copie-recto-verso\/","title":{"rendered":"Imprimante laser monochrome tout-en-un Brother MFC-L5710DN avec mise en r\u00e9seau et impression, num\u00e9risation et copie recto-verso"},"content":{"rendered":"<h3>Description du produit<\/h3>\n<p>L&rsquo;imprimante laser monochrome tout-en-un Brother MFC-L5710DN est un excellent choix pour les bureaux occup\u00e9s et les petits groupes de travail qui ont besoin d&rsquo;une impression rentable, d&rsquo;une gestion polyvalente du papier, d&rsquo;une capacit\u00e9 papier extensible, de fonctions de s\u00e9curit\u00e9 avanc\u00e9es et d&rsquo;une sortie fiable. Elle contribue \u00e0 augmenter la productivit\u00e9 gr\u00e2ce \u00e0 des vitesses d&rsquo;impression et de copie allant jusqu&rsquo;\u00e0 48 ppm1 et offre une impression rentable en utilisant les cartouches de toner de remplacement \u00e0 tr\u00e8s haut rendement Brother Genuine TN920XXL. L&rsquo;interface Gigabit Ethernet 2 permet le partage avec plusieurs utilisateurs sur votre r\u00e9seau, tandis que les fonctions de s\u00e9curit\u00e9 triple couche aident \u00e0 limiter l&rsquo;acc\u00e8s aux documents et aux appareils et \u00e0 prot\u00e9ger contre les intrusions sur le r\u00e9seau. 1 Bas\u00e9 sur l&rsquo;impression recto. Modification requise par rapport au r\u00e9glage par d\u00e9faut. 2 T\u00e9l\u00e9chargement suppl\u00e9mentaire requis. La compatibilit\u00e9 peut varier selon l&rsquo;appareil ou le syst\u00e8me d&rsquo;exploitation. Une connexion sans fil peut \u00eatre n\u00e9cessaire.        <\/p>\n","protected":false},"excerpt":{"rendered":"<p>Description du produit L&rsquo;imprimante laser monochrome tout-en-un Brother MFC-L5710DN est un excellent choix pour les bureaux occup\u00e9s et les petits groupes de travail qui ont besoin d&rsquo;une impression rentable, d&rsquo;une gestion polyvalente du papier, d&rsquo;une capacit\u00e9 papier extensible, de fonctions de s\u00e9curit\u00e9 avanc\u00e9es et d&rsquo;une sortie fiable. Elle contribue \u00e0 augmenter la productivit\u00e9 gr\u00e2ce \u00e0 [&hellip;]<\/p>\n","protected":false},"featured_media":209,"comment_status":"open","ping_status":"closed","template":"","meta":{"_acf_changed":false,"_et_pb_use_builder":"","_et_pb_old_content":"","_et_gb_content_width":""},"product_brand":[],"product_cat":[74],"product_tag":[],"class_list":{"0":"post-1047","1":"product","2":"type-product","3":"status-publish","4":"has-post-thumbnail","6":"product_cat-imprimantes-monochromes-et-couleur-et-multifonctions","8":"first","9":"instock","10":"shipping-taxable","11":"purchasable","12":"product-type-simple"},"acf":[],"yoast_head":"<!-- This site is optimized with the Yoast SEO plugin v26.1 - https:\/\/yoast.com\/wordpress\/plugins\/seo\/ -->\n<title>Imprimante laser monochrome tout-en-un Brother MFC-L5710DN avec mise en r\u00e9seau et impression, num\u00e9risation et copie recto-verso - Pro Print<\/title>\n<meta name=\"robots\" content=\"index, follow, max-snippet:-1, max-image-preview:large, max-video-preview:-1\" \/>\n<link rel=\"canonical\" href=\"https:\/\/pro-print.ca\/shop\/uncategorized\/imprimante-laser-monochrome-tout-en-un-brother-mfc-l5710dn-avec-mise-en-reseau-et-impression-numerisation-et-copie-recto-verso\/\" \/>\n<meta property=\"og:locale\" content=\"fr_FR\" \/>\n<meta property=\"og:type\" content=\"article\" \/>\n<meta property=\"og:title\" content=\"Imprimante laser monochrome tout-en-un Brother MFC-L5710DN avec mise en r\u00e9seau et impression, num\u00e9risation et copie recto-verso - Pro Print\" \/>\n<meta property=\"og:description\" content=\"Description du produit L&rsquo;imprimante laser monochrome tout-en-un Brother MFC-L5710DN est un excellent choix pour les bureaux occup\u00e9s et les petits groupes de travail qui ont besoin d&rsquo;une impression rentable, d&rsquo;une gestion polyvalente du papier, d&rsquo;une capacit\u00e9 papier extensible, de fonctions de s\u00e9curit\u00e9 avanc\u00e9es et d&rsquo;une sortie fiable. Elle contribue \u00e0 augmenter la productivit\u00e9 gr\u00e2ce \u00e0 [&hellip;]\" \/>\n<meta property=\"og:url\" content=\"https:\/\/pro-print.ca\/shop\/uncategorized\/imprimante-laser-monochrome-tout-en-un-brother-mfc-l5710dn-avec-mise-en-reseau-et-impression-numerisation-et-copie-recto-verso\/\" \/>\n<meta property=\"og:site_name\" content=\"Pro Print\" \/>\n<meta property=\"article:publisher\" content=\"https:\/\/www.facebook.com\/profile.php?id=61574781855025\" \/>\n<meta name=\"twitter:card\" content=\"summary_large_image\" \/>\n<meta name=\"twitter:label1\" content=\"Est. reading time\" \/>\n\t<meta name=\"twitter:data1\" content=\"1 minute\" \/>\n<script type=\"application\/ld+json\" class=\"yoast-schema-graph\">{\"@context\":\"https:\/\/schema.org\",\"@graph\":[{\"@type\":\"WebPage\",\"@id\":\"https:\/\/pro-print.ca\/shop\/uncategorized\/imprimante-laser-monochrome-tout-en-un-brother-mfc-l5710dn-avec-mise-en-reseau-et-impression-numerisation-et-copie-recto-verso\/\",\"url\":\"https:\/\/pro-print.ca\/shop\/uncategorized\/imprimante-laser-monochrome-tout-en-un-brother-mfc-l5710dn-avec-mise-en-reseau-et-impression-numerisation-et-copie-recto-verso\/\",\"name\":\"Imprimante laser monochrome tout-en-un Brother MFC-L5710DN avec mise en r\u00e9seau et impression, num\u00e9risation et copie recto-verso - Pro Print\",\"isPartOf\":{\"@id\":\"https:\/\/pro-print.ca\/#website\"},\"primaryImageOfPage\":{\"@id\":\"https:\/\/pro-print.ca\/shop\/uncategorized\/imprimante-laser-monochrome-tout-en-un-brother-mfc-l5710dn-avec-mise-en-reseau-et-impression-numerisation-et-copie-recto-verso\/#primaryimage\"},\"image\":{\"@id\":\"https:\/\/pro-print.ca\/shop\/uncategorized\/imprimante-laser-monochrome-tout-en-un-brother-mfc-l5710dn-avec-mise-en-reseau-et-impression-numerisation-et-copie-recto-verso\/#primaryimage\"},\"thumbnailUrl\":\"https:\/\/pro-print.ca\/wp-content\/uploads\/2025\/03\/Brother-MFC-L5710DN.png\",\"datePublished\":\"2025-04-22T18:03:32+00:00\",\"breadcrumb\":{\"@id\":\"https:\/\/pro-print.ca\/shop\/uncategorized\/imprimante-laser-monochrome-tout-en-un-brother-mfc-l5710dn-avec-mise-en-reseau-et-impression-numerisation-et-copie-recto-verso\/#breadcrumb\"},\"inLanguage\":\"fr-FR\",\"potentialAction\":[{\"@type\":\"ReadAction\",\"target\":[\"https:\/\/pro-print.ca\/shop\/uncategorized\/imprimante-laser-monochrome-tout-en-un-brother-mfc-l5710dn-avec-mise-en-reseau-et-impression-numerisation-et-copie-recto-verso\/\"]}]},{\"@type\":\"ImageObject\",\"inLanguage\":\"fr-FR\",\"@id\":\"https:\/\/pro-print.ca\/shop\/uncategorized\/imprimante-laser-monochrome-tout-en-un-brother-mfc-l5710dn-avec-mise-en-reseau-et-impression-numerisation-et-copie-recto-verso\/#primaryimage\",\"url\":\"https:\/\/pro-print.ca\/wp-content\/uploads\/2025\/03\/Brother-MFC-L5710DN.png\",\"contentUrl\":\"https:\/\/pro-print.ca\/wp-content\/uploads\/2025\/03\/Brother-MFC-L5710DN.png\",\"width\":500,\"height\":500},{\"@type\":\"BreadcrumbList\",\"@id\":\"https:\/\/pro-print.ca\/shop\/uncategorized\/imprimante-laser-monochrome-tout-en-un-brother-mfc-l5710dn-avec-mise-en-reseau-et-impression-numerisation-et-copie-recto-verso\/#breadcrumb\",\"itemListElement\":[{\"@type\":\"ListItem\",\"position\":1,\"name\":\"Home\",\"item\":\"https:\/\/pro-print.ca\/\"},{\"@type\":\"ListItem\",\"position\":2,\"name\":\"Boutique\",\"item\":\"https:\/\/pro-print.ca\/fr\/boutique\/\"},{\"@type\":\"ListItem\",\"position\":3,\"name\":\"Imprimante laser monochrome tout-en-un Brother MFC-L5710DN avec mise en r\u00e9seau et impression, num\u00e9risation et copie recto-verso\"}]},{\"@type\":\"WebSite\",\"@id\":\"https:\/\/pro-print.ca\/#website\",\"url\":\"https:\/\/pro-print.ca\/\",\"name\":\"Pro Print\",\"description\":\"Your print, our priority\",\"publisher\":{\"@id\":\"https:\/\/pro-print.ca\/#organization\"},\"potentialAction\":[{\"@type\":\"SearchAction\",\"target\":{\"@type\":\"EntryPoint\",\"urlTemplate\":\"https:\/\/pro-print.ca\/?s={search_term_string}\"},\"query-input\":{\"@type\":\"PropertyValueSpecification\",\"valueRequired\":true,\"valueName\":\"search_term_string\"}}],\"inLanguage\":\"fr-FR\"},{\"@type\":\"Organization\",\"@id\":\"https:\/\/pro-print.ca\/#organization\",\"name\":\"Pro Print\",\"url\":\"https:\/\/pro-print.ca\/\",\"logo\":{\"@type\":\"ImageObject\",\"inLanguage\":\"fr-FR\",\"@id\":\"https:\/\/pro-print.ca\/#\/schema\/logo\/image\/\",\"url\":\"https:\/\/pro-print.ca\/wp-content\/uploads\/2025\/04\/pro_print_logotype_on_blue.png\",\"contentUrl\":\"https:\/\/pro-print.ca\/wp-content\/uploads\/2025\/04\/pro_print_logotype_on_blue.png\",\"width\":4164,\"height\":1500,\"caption\":\"Pro Print\"},\"image\":{\"@id\":\"https:\/\/pro-print.ca\/#\/schema\/logo\/image\/\"},\"sameAs\":[\"https:\/\/www.facebook.com\/profile.php?id=61574781855025\",\"https:\/\/www.linkedin.com\/company\/pro-print-managed-solutions\"]}]}<\/script>\n<!-- \/ Yoast SEO plugin. -->","yoast_head_json":{"title":"Imprimante laser monochrome tout-en-un Brother MFC-L5710DN avec mise en r\u00e9seau et impression, num\u00e9risation et copie recto-verso - Pro Print","robots":{"index":"index","follow":"follow","max-snippet":"max-snippet:-1","max-image-preview":"max-image-preview:large","max-video-preview":"max-video-preview:-1"},"canonical":"https:\/\/pro-print.ca\/shop\/uncategorized\/imprimante-laser-monochrome-tout-en-un-brother-mfc-l5710dn-avec-mise-en-reseau-et-impression-numerisation-et-copie-recto-verso\/","og_locale":"fr_FR","og_type":"article","og_title":"Imprimante laser monochrome tout-en-un Brother MFC-L5710DN avec mise en r\u00e9seau et impression, num\u00e9risation et copie recto-verso - Pro Print","og_description":"Description du produit L&rsquo;imprimante laser monochrome tout-en-un Brother MFC-L5710DN est un excellent choix pour les bureaux occup\u00e9s et les petits groupes de travail qui ont besoin d&rsquo;une impression rentable, d&rsquo;une gestion polyvalente du papier, d&rsquo;une capacit\u00e9 papier extensible, de fonctions de s\u00e9curit\u00e9 avanc\u00e9es et d&rsquo;une sortie fiable. Elle contribue \u00e0 augmenter la productivit\u00e9 gr\u00e2ce \u00e0 [&hellip;]","og_url":"https:\/\/pro-print.ca\/shop\/uncategorized\/imprimante-laser-monochrome-tout-en-un-brother-mfc-l5710dn-avec-mise-en-reseau-et-impression-numerisation-et-copie-recto-verso\/","og_site_name":"Pro Print","article_publisher":"https:\/\/www.facebook.com\/profile.php?id=61574781855025","twitter_card":"summary_large_image","twitter_misc":{"Est. reading time":"1 minute"},"schema":{"@context":"https:\/\/schema.org","@graph":[{"@type":"WebPage","@id":"https:\/\/pro-print.ca\/shop\/uncategorized\/imprimante-laser-monochrome-tout-en-un-brother-mfc-l5710dn-avec-mise-en-reseau-et-impression-numerisation-et-copie-recto-verso\/","url":"https:\/\/pro-print.ca\/shop\/uncategorized\/imprimante-laser-monochrome-tout-en-un-brother-mfc-l5710dn-avec-mise-en-reseau-et-impression-numerisation-et-copie-recto-verso\/","name":"Imprimante laser monochrome tout-en-un Brother MFC-L5710DN avec mise en r\u00e9seau et impression, num\u00e9risation et copie recto-verso - Pro Print","isPartOf":{"@id":"https:\/\/pro-print.ca\/#website"},"primaryImageOfPage":{"@id":"https:\/\/pro-print.ca\/shop\/uncategorized\/imprimante-laser-monochrome-tout-en-un-brother-mfc-l5710dn-avec-mise-en-reseau-et-impression-numerisation-et-copie-recto-verso\/#primaryimage"},"image":{"@id":"https:\/\/pro-print.ca\/shop\/uncategorized\/imprimante-laser-monochrome-tout-en-un-brother-mfc-l5710dn-avec-mise-en-reseau-et-impression-numerisation-et-copie-recto-verso\/#primaryimage"},"thumbnailUrl":"https:\/\/pro-print.ca\/wp-content\/uploads\/2025\/03\/Brother-MFC-L5710DN.png","datePublished":"2025-04-22T18:03:32+00:00","breadcrumb":{"@id":"https:\/\/pro-print.ca\/shop\/uncategorized\/imprimante-laser-monochrome-tout-en-un-brother-mfc-l5710dn-avec-mise-en-reseau-et-impression-numerisation-et-copie-recto-verso\/#breadcrumb"},"inLanguage":"fr-FR","potentialAction":[{"@type":"ReadAction","target":["https:\/\/pro-print.ca\/shop\/uncategorized\/imprimante-laser-monochrome-tout-en-un-brother-mfc-l5710dn-avec-mise-en-reseau-et-impression-numerisation-et-copie-recto-verso\/"]}]},{"@type":"ImageObject","inLanguage":"fr-FR","@id":"https:\/\/pro-print.ca\/shop\/uncategorized\/imprimante-laser-monochrome-tout-en-un-brother-mfc-l5710dn-avec-mise-en-reseau-et-impression-numerisation-et-copie-recto-verso\/#primaryimage","url":"https:\/\/pro-print.ca\/wp-content\/uploads\/2025\/03\/Brother-MFC-L5710DN.png","contentUrl":"https:\/\/pro-print.ca\/wp-content\/uploads\/2025\/03\/Brother-MFC-L5710DN.png","width":500,"height":500},{"@type":"BreadcrumbList","@id":"https:\/\/pro-print.ca\/shop\/uncategorized\/imprimante-laser-monochrome-tout-en-un-brother-mfc-l5710dn-avec-mise-en-reseau-et-impression-numerisation-et-copie-recto-verso\/#breadcrumb","itemListElement":[{"@type":"ListItem","position":1,"name":"Home","item":"https:\/\/pro-print.ca\/"},{"@type":"ListItem","position":2,"name":"Boutique","item":"https:\/\/pro-print.ca\/fr\/boutique\/"},{"@type":"ListItem","position":3,"name":"Imprimante laser monochrome tout-en-un Brother MFC-L5710DN avec mise en r\u00e9seau et impression, num\u00e9risation et copie recto-verso"}]},{"@type":"WebSite","@id":"https:\/\/pro-print.ca\/#website","url":"https:\/\/pro-print.ca\/","name":"Pro Print","description":"Your print, our priority","publisher":{"@id":"https:\/\/pro-print.ca\/#organization"},"potentialAction":[{"@type":"SearchAction","target":{"@type":"EntryPoint","urlTemplate":"https:\/\/pro-print.ca\/?s={search_term_string}"},"query-input":{"@type":"PropertyValueSpecification","valueRequired":true,"valueName":"search_term_string"}}],"inLanguage":"fr-FR"},{"@type":"Organization","@id":"https:\/\/pro-print.ca\/#organization","name":"Pro Print","url":"https:\/\/pro-print.ca\/","logo":{"@type":"ImageObject","inLanguage":"fr-FR","@id":"https:\/\/pro-print.ca\/#\/schema\/logo\/image\/","url":"https:\/\/pro-print.ca\/wp-content\/uploads\/2025\/04\/pro_print_logotype_on_blue.png","contentUrl":"https:\/\/pro-print.ca\/wp-content\/uploads\/2025\/04\/pro_print_logotype_on_blue.png","width":4164,"height":1500,"caption":"Pro Print"},"image":{"@id":"https:\/\/pro-print.ca\/#\/schema\/logo\/image\/"},"sameAs":["https:\/\/www.facebook.com\/profile.php?id=61574781855025","https:\/\/www.linkedin.com\/company\/pro-print-managed-solutions"]}]}},"_links":{"self":[{"href":"https:\/\/pro-print.ca\/fr\/wp-json\/wp\/v2\/product\/1047","targetHints":{"allow":["GET"]}}],"collection":[{"href":"https:\/\/pro-print.ca\/fr\/wp-json\/wp\/v2\/product"}],"about":[{"href":"https:\/\/pro-print.ca\/fr\/wp-json\/wp\/v2\/types\/product"}],"replies":[{"embeddable":true,"href":"https:\/\/pro-print.ca\/fr\/wp-json\/wp\/v2\/comments?post=1047"}],"wp:featuredmedia":[{"embeddable":true,"href":"https:\/\/pro-print.ca\/fr\/wp-json\/wp\/v2\/media\/209"}],"wp:attachment":[{"href":"https:\/\/pro-print.ca\/fr\/wp-json\/wp\/v2\/media?parent=1047"}],"wp:term":[{"taxonomy":"product_brand","embeddable":true,"href":"https:\/\/pro-print.ca\/fr\/wp-json\/wp\/v2\/product_brand?post=1047"},{"taxonomy":"product_cat","embeddable":true,"href":"https:\/\/pro-print.ca\/fr\/wp-json\/wp\/v2\/product_cat?post=1047"},{"taxonomy":"product_tag","embeddable":true,"href":"https:\/\/pro-print.ca\/fr\/wp-json\/wp\/v2\/product_tag?post=1047"}],"curies":[{"name":"wp","href":"https:\/\/api.w.org\/{rel}","templated":true}]}}