

{"id":1041,"date":"2025-04-22T14:03:30","date_gmt":"2025-04-22T18:03:30","guid":{"rendered":"https:\/\/pro-print.ca\/shop\/uncategorized\/brother-inkvestment-tank-mfc-j6955dw-imprimante-professionnelle-tout-en-un-a-jet-dencre-couleur-a3-sans-fil-avec-impression-recto-verso-et-numerisation\/"},"modified":"2025-04-22T14:03:30","modified_gmt":"2025-04-22T18:03:30","slug":"brother-inkvestment-tank-mfc-j6955dw-imprimante-professionnelle-tout-en-un-a-jet-dencre-couleur-a3-sans-fil-avec-impression-recto-verso-et-numerisation","status":"publish","type":"product","link":"https:\/\/pro-print.ca\/fr\/boutique\/imprimantes-monochromes-et-couleur-et-multifonctions\/brother-inkvestment-tank-mfc-j6955dw-imprimante-professionnelle-tout-en-un-a-jet-dencre-couleur-a3-sans-fil-avec-impression-recto-verso-et-numerisation\/","title":{"rendered":"Brother INKvestment Tank MFC-J6955DW Imprimante professionnelle tout-en-un \u00e0 jet d&rsquo;encre couleur A3, sans fil, avec impression recto-verso et num\u00e9risation"},"content":{"rendered":"<h3>Description du produit<\/h3>\n<p>Il n&rsquo;y a rien de mieux que d&rsquo;imprimer des volumes importants \u00e0 des vitesses allant jusqu&rsquo;\u00e0 30 ppm. D\u00e9couvrez l&rsquo;imprimante et le scanner \u00e0 jet d&rsquo;encre couleur A3 tout-en-un Brother INKvestment Tank MFC-J6955DW pour obtenir des r\u00e9sultats rentables, fiables et de qualit\u00e9 professionnelle pour votre petit bureau ou votre petite entreprise. Que vous imprimiez des contrats, des propositions commerciales ou des pr\u00e9sentations, vous pouvez compter sur une impression rapide et ininterrompue pendant un an gr\u00e2ce \u00e0 l&rsquo;encre fournie. B\u00e9n\u00e9ficiez d&rsquo;une connectivit\u00e9 flexible, avec notamment une connexion sans fil bi-bande int\u00e9gr\u00e9e (2,4 GHz\/5 GHz), Wi-Fi Direct\u00ae, Ethernet et une connexion USB locale. Ou encore, imprimez et num\u00e9risez en d\u00e9placement gr\u00e2ce \u00e0 l&rsquo;application Brother Mobile Connect et travaillez o\u00f9 et quand vous le voulez. Les fonctions d&rsquo;impression, de copie, de num\u00e9risation et de t\u00e9l\u00e9copie sont faciles \u00e0 g\u00e9rer \u00e0 partir d&rsquo;un ordinateur, d&rsquo;un appareil mobile ou de l&rsquo;\u00e9cran tactile ACL couleur intuitif de 3,5 po. Des fonctions \u00e9cologiques telles que la certification EPEAT\u00ae et ENERGY STAR\u00ae, le mode Eco et le mode d&rsquo;\u00e9conomie d&rsquo;encre qui permettent de r\u00e9duire la consommation d&rsquo;\u00e9nergie et d&rsquo;encre. Tout en faisant votre part pour la plan\u00e8te, l&rsquo;impression recto-verso par d\u00e9faut permet d&rsquo;\u00e9conomiser du papier, ce qui vous fait \u00e9galement \u00e9conomiser de l&rsquo;argent. La triple couche de s\u00e9curit\u00e9 de niveau entreprise permet de s\u00e9curiser vos documents sensibles lors de l&rsquo;impression, tandis qu&rsquo;un lecteur de carte NFC int\u00e9gr\u00e9 facilite l&rsquo;authentification par badge. Enfin, notre puce d&rsquo;impression brevet\u00e9e MAXIDRIVE red\u00e9finit la technologie d&rsquo;impression en offrant une impression ultra-rapide, durable et pr\u00e9cise. C&rsquo;est ce que nous appelons \u00ab\u00a0plus\u00a0\u00bb.          <\/p>\n","protected":false},"excerpt":{"rendered":"<p>Description du produit Il n&rsquo;y a rien de mieux que d&rsquo;imprimer des volumes importants \u00e0 des vitesses allant jusqu&rsquo;\u00e0 30 ppm. D\u00e9couvrez l&rsquo;imprimante et le scanner \u00e0 jet d&rsquo;encre couleur A3 tout-en-un Brother INKvestment Tank MFC-J6955DW pour obtenir des r\u00e9sultats rentables, fiables et de qualit\u00e9 professionnelle pour votre petit bureau ou votre petite entreprise. Que [&hellip;]<\/p>\n","protected":false},"featured_media":206,"comment_status":"open","ping_status":"closed","template":"","meta":{"_acf_changed":false,"_et_pb_use_builder":"","_et_pb_old_content":"","_et_gb_content_width":""},"product_brand":[],"product_cat":[74],"product_tag":[],"class_list":{"0":"post-1041","1":"product","2":"type-product","3":"status-publish","4":"has-post-thumbnail","6":"product_cat-imprimantes-monochromes-et-couleur-et-multifonctions","8":"first","9":"instock","10":"shipping-taxable","11":"purchasable","12":"product-type-simple"},"acf":[],"yoast_head":"<!-- This site is optimized with the Yoast SEO plugin v26.1 - https:\/\/yoast.com\/wordpress\/plugins\/seo\/ -->\n<title>Brother INKvestment Tank MFC-J6955DW Imprimante professionnelle tout-en-un \u00e0 jet d&#039;encre couleur A3, sans fil, avec impression recto-verso et num\u00e9risation - Pro Print<\/title>\n<meta name=\"robots\" content=\"index, follow, max-snippet:-1, max-image-preview:large, max-video-preview:-1\" \/>\n<link rel=\"canonical\" href=\"https:\/\/pro-print.ca\/shop\/uncategorized\/brother-inkvestment-tank-mfc-j6955dw-imprimante-professionnelle-tout-en-un-a-jet-dencre-couleur-a3-sans-fil-avec-impression-recto-verso-et-numerisation\/\" \/>\n<meta property=\"og:locale\" content=\"fr_FR\" \/>\n<meta property=\"og:type\" content=\"article\" \/>\n<meta property=\"og:title\" content=\"Brother INKvestment Tank MFC-J6955DW Imprimante professionnelle tout-en-un \u00e0 jet d&#039;encre couleur A3, sans fil, avec impression recto-verso et num\u00e9risation - Pro Print\" \/>\n<meta property=\"og:description\" content=\"Description du produit Il n&rsquo;y a rien de mieux que d&rsquo;imprimer des volumes importants \u00e0 des vitesses allant jusqu&rsquo;\u00e0 30 ppm. D\u00e9couvrez l&rsquo;imprimante et le scanner \u00e0 jet d&rsquo;encre couleur A3 tout-en-un Brother INKvestment Tank MFC-J6955DW pour obtenir des r\u00e9sultats rentables, fiables et de qualit\u00e9 professionnelle pour votre petit bureau ou votre petite entreprise. Que [&hellip;]\" \/>\n<meta property=\"og:url\" content=\"https:\/\/pro-print.ca\/shop\/uncategorized\/brother-inkvestment-tank-mfc-j6955dw-imprimante-professionnelle-tout-en-un-a-jet-dencre-couleur-a3-sans-fil-avec-impression-recto-verso-et-numerisation\/\" \/>\n<meta property=\"og:site_name\" content=\"Pro Print\" \/>\n<meta property=\"article:publisher\" content=\"https:\/\/www.facebook.com\/profile.php?id=61574781855025\" \/>\n<meta name=\"twitter:card\" content=\"summary_large_image\" \/>\n<meta name=\"twitter:label1\" content=\"Est. reading time\" \/>\n\t<meta name=\"twitter:data1\" content=\"1 minute\" \/>\n<script type=\"application\/ld+json\" class=\"yoast-schema-graph\">{\"@context\":\"https:\/\/schema.org\",\"@graph\":[{\"@type\":\"WebPage\",\"@id\":\"https:\/\/pro-print.ca\/shop\/uncategorized\/brother-inkvestment-tank-mfc-j6955dw-imprimante-professionnelle-tout-en-un-a-jet-dencre-couleur-a3-sans-fil-avec-impression-recto-verso-et-numerisation\/\",\"url\":\"https:\/\/pro-print.ca\/shop\/uncategorized\/brother-inkvestment-tank-mfc-j6955dw-imprimante-professionnelle-tout-en-un-a-jet-dencre-couleur-a3-sans-fil-avec-impression-recto-verso-et-numerisation\/\",\"name\":\"Brother INKvestment Tank MFC-J6955DW Imprimante professionnelle tout-en-un \u00e0 jet d'encre couleur A3, sans fil, avec impression recto-verso et num\u00e9risation - Pro Print\",\"isPartOf\":{\"@id\":\"https:\/\/pro-print.ca\/#website\"},\"primaryImageOfPage\":{\"@id\":\"https:\/\/pro-print.ca\/shop\/uncategorized\/brother-inkvestment-tank-mfc-j6955dw-imprimante-professionnelle-tout-en-un-a-jet-dencre-couleur-a3-sans-fil-avec-impression-recto-verso-et-numerisation\/#primaryimage\"},\"image\":{\"@id\":\"https:\/\/pro-print.ca\/shop\/uncategorized\/brother-inkvestment-tank-mfc-j6955dw-imprimante-professionnelle-tout-en-un-a-jet-dencre-couleur-a3-sans-fil-avec-impression-recto-verso-et-numerisation\/#primaryimage\"},\"thumbnailUrl\":\"https:\/\/pro-print.ca\/wp-content\/uploads\/2025\/03\/brother-MFC-J6955DW.png\",\"datePublished\":\"2025-04-22T18:03:30+00:00\",\"breadcrumb\":{\"@id\":\"https:\/\/pro-print.ca\/shop\/uncategorized\/brother-inkvestment-tank-mfc-j6955dw-imprimante-professionnelle-tout-en-un-a-jet-dencre-couleur-a3-sans-fil-avec-impression-recto-verso-et-numerisation\/#breadcrumb\"},\"inLanguage\":\"fr-FR\",\"potentialAction\":[{\"@type\":\"ReadAction\",\"target\":[\"https:\/\/pro-print.ca\/shop\/uncategorized\/brother-inkvestment-tank-mfc-j6955dw-imprimante-professionnelle-tout-en-un-a-jet-dencre-couleur-a3-sans-fil-avec-impression-recto-verso-et-numerisation\/\"]}]},{\"@type\":\"ImageObject\",\"inLanguage\":\"fr-FR\",\"@id\":\"https:\/\/pro-print.ca\/shop\/uncategorized\/brother-inkvestment-tank-mfc-j6955dw-imprimante-professionnelle-tout-en-un-a-jet-dencre-couleur-a3-sans-fil-avec-impression-recto-verso-et-numerisation\/#primaryimage\",\"url\":\"https:\/\/pro-print.ca\/wp-content\/uploads\/2025\/03\/brother-MFC-J6955DW.png\",\"contentUrl\":\"https:\/\/pro-print.ca\/wp-content\/uploads\/2025\/03\/brother-MFC-J6955DW.png\",\"width\":500,\"height\":500},{\"@type\":\"BreadcrumbList\",\"@id\":\"https:\/\/pro-print.ca\/shop\/uncategorized\/brother-inkvestment-tank-mfc-j6955dw-imprimante-professionnelle-tout-en-un-a-jet-dencre-couleur-a3-sans-fil-avec-impression-recto-verso-et-numerisation\/#breadcrumb\",\"itemListElement\":[{\"@type\":\"ListItem\",\"position\":1,\"name\":\"Home\",\"item\":\"https:\/\/pro-print.ca\/\"},{\"@type\":\"ListItem\",\"position\":2,\"name\":\"Boutique\",\"item\":\"https:\/\/pro-print.ca\/fr\/boutique\/\"},{\"@type\":\"ListItem\",\"position\":3,\"name\":\"Brother INKvestment Tank MFC-J6955DW Imprimante professionnelle tout-en-un \u00e0 jet d&#8217;encre couleur A3, sans fil, avec impression recto-verso et num\u00e9risation\"}]},{\"@type\":\"WebSite\",\"@id\":\"https:\/\/pro-print.ca\/#website\",\"url\":\"https:\/\/pro-print.ca\/\",\"name\":\"Pro Print\",\"description\":\"Your print, our priority\",\"publisher\":{\"@id\":\"https:\/\/pro-print.ca\/#organization\"},\"potentialAction\":[{\"@type\":\"SearchAction\",\"target\":{\"@type\":\"EntryPoint\",\"urlTemplate\":\"https:\/\/pro-print.ca\/?s={search_term_string}\"},\"query-input\":{\"@type\":\"PropertyValueSpecification\",\"valueRequired\":true,\"valueName\":\"search_term_string\"}}],\"inLanguage\":\"fr-FR\"},{\"@type\":\"Organization\",\"@id\":\"https:\/\/pro-print.ca\/#organization\",\"name\":\"Pro Print\",\"url\":\"https:\/\/pro-print.ca\/\",\"logo\":{\"@type\":\"ImageObject\",\"inLanguage\":\"fr-FR\",\"@id\":\"https:\/\/pro-print.ca\/#\/schema\/logo\/image\/\",\"url\":\"https:\/\/pro-print.ca\/wp-content\/uploads\/2025\/04\/pro_print_logotype_on_blue.png\",\"contentUrl\":\"https:\/\/pro-print.ca\/wp-content\/uploads\/2025\/04\/pro_print_logotype_on_blue.png\",\"width\":4164,\"height\":1500,\"caption\":\"Pro Print\"},\"image\":{\"@id\":\"https:\/\/pro-print.ca\/#\/schema\/logo\/image\/\"},\"sameAs\":[\"https:\/\/www.facebook.com\/profile.php?id=61574781855025\",\"https:\/\/www.linkedin.com\/company\/pro-print-managed-solutions\"]}]}<\/script>\n<!-- \/ Yoast SEO plugin. -->","yoast_head_json":{"title":"Brother INKvestment Tank MFC-J6955DW Imprimante professionnelle tout-en-un \u00e0 jet d'encre couleur A3, sans fil, avec impression recto-verso et num\u00e9risation - Pro Print","robots":{"index":"index","follow":"follow","max-snippet":"max-snippet:-1","max-image-preview":"max-image-preview:large","max-video-preview":"max-video-preview:-1"},"canonical":"https:\/\/pro-print.ca\/shop\/uncategorized\/brother-inkvestment-tank-mfc-j6955dw-imprimante-professionnelle-tout-en-un-a-jet-dencre-couleur-a3-sans-fil-avec-impression-recto-verso-et-numerisation\/","og_locale":"fr_FR","og_type":"article","og_title":"Brother INKvestment Tank MFC-J6955DW Imprimante professionnelle tout-en-un \u00e0 jet d'encre couleur A3, sans fil, avec impression recto-verso et num\u00e9risation - Pro Print","og_description":"Description du produit Il n&rsquo;y a rien de mieux que d&rsquo;imprimer des volumes importants \u00e0 des vitesses allant jusqu&rsquo;\u00e0 30 ppm. D\u00e9couvrez l&rsquo;imprimante et le scanner \u00e0 jet d&rsquo;encre couleur A3 tout-en-un Brother INKvestment Tank MFC-J6955DW pour obtenir des r\u00e9sultats rentables, fiables et de qualit\u00e9 professionnelle pour votre petit bureau ou votre petite entreprise. Que [&hellip;]","og_url":"https:\/\/pro-print.ca\/shop\/uncategorized\/brother-inkvestment-tank-mfc-j6955dw-imprimante-professionnelle-tout-en-un-a-jet-dencre-couleur-a3-sans-fil-avec-impression-recto-verso-et-numerisation\/","og_site_name":"Pro Print","article_publisher":"https:\/\/www.facebook.com\/profile.php?id=61574781855025","twitter_card":"summary_large_image","twitter_misc":{"Est. reading time":"1 minute"},"schema":{"@context":"https:\/\/schema.org","@graph":[{"@type":"WebPage","@id":"https:\/\/pro-print.ca\/shop\/uncategorized\/brother-inkvestment-tank-mfc-j6955dw-imprimante-professionnelle-tout-en-un-a-jet-dencre-couleur-a3-sans-fil-avec-impression-recto-verso-et-numerisation\/","url":"https:\/\/pro-print.ca\/shop\/uncategorized\/brother-inkvestment-tank-mfc-j6955dw-imprimante-professionnelle-tout-en-un-a-jet-dencre-couleur-a3-sans-fil-avec-impression-recto-verso-et-numerisation\/","name":"Brother INKvestment Tank MFC-J6955DW Imprimante professionnelle tout-en-un \u00e0 jet d'encre couleur A3, sans fil, avec impression recto-verso et num\u00e9risation - Pro Print","isPartOf":{"@id":"https:\/\/pro-print.ca\/#website"},"primaryImageOfPage":{"@id":"https:\/\/pro-print.ca\/shop\/uncategorized\/brother-inkvestment-tank-mfc-j6955dw-imprimante-professionnelle-tout-en-un-a-jet-dencre-couleur-a3-sans-fil-avec-impression-recto-verso-et-numerisation\/#primaryimage"},"image":{"@id":"https:\/\/pro-print.ca\/shop\/uncategorized\/brother-inkvestment-tank-mfc-j6955dw-imprimante-professionnelle-tout-en-un-a-jet-dencre-couleur-a3-sans-fil-avec-impression-recto-verso-et-numerisation\/#primaryimage"},"thumbnailUrl":"https:\/\/pro-print.ca\/wp-content\/uploads\/2025\/03\/brother-MFC-J6955DW.png","datePublished":"2025-04-22T18:03:30+00:00","breadcrumb":{"@id":"https:\/\/pro-print.ca\/shop\/uncategorized\/brother-inkvestment-tank-mfc-j6955dw-imprimante-professionnelle-tout-en-un-a-jet-dencre-couleur-a3-sans-fil-avec-impression-recto-verso-et-numerisation\/#breadcrumb"},"inLanguage":"fr-FR","potentialAction":[{"@type":"ReadAction","target":["https:\/\/pro-print.ca\/shop\/uncategorized\/brother-inkvestment-tank-mfc-j6955dw-imprimante-professionnelle-tout-en-un-a-jet-dencre-couleur-a3-sans-fil-avec-impression-recto-verso-et-numerisation\/"]}]},{"@type":"ImageObject","inLanguage":"fr-FR","@id":"https:\/\/pro-print.ca\/shop\/uncategorized\/brother-inkvestment-tank-mfc-j6955dw-imprimante-professionnelle-tout-en-un-a-jet-dencre-couleur-a3-sans-fil-avec-impression-recto-verso-et-numerisation\/#primaryimage","url":"https:\/\/pro-print.ca\/wp-content\/uploads\/2025\/03\/brother-MFC-J6955DW.png","contentUrl":"https:\/\/pro-print.ca\/wp-content\/uploads\/2025\/03\/brother-MFC-J6955DW.png","width":500,"height":500},{"@type":"BreadcrumbList","@id":"https:\/\/pro-print.ca\/shop\/uncategorized\/brother-inkvestment-tank-mfc-j6955dw-imprimante-professionnelle-tout-en-un-a-jet-dencre-couleur-a3-sans-fil-avec-impression-recto-verso-et-numerisation\/#breadcrumb","itemListElement":[{"@type":"ListItem","position":1,"name":"Home","item":"https:\/\/pro-print.ca\/"},{"@type":"ListItem","position":2,"name":"Boutique","item":"https:\/\/pro-print.ca\/fr\/boutique\/"},{"@type":"ListItem","position":3,"name":"Brother INKvestment Tank MFC-J6955DW Imprimante professionnelle tout-en-un \u00e0 jet d&#8217;encre couleur A3, sans fil, avec impression recto-verso et num\u00e9risation"}]},{"@type":"WebSite","@id":"https:\/\/pro-print.ca\/#website","url":"https:\/\/pro-print.ca\/","name":"Pro Print","description":"Your print, our priority","publisher":{"@id":"https:\/\/pro-print.ca\/#organization"},"potentialAction":[{"@type":"SearchAction","target":{"@type":"EntryPoint","urlTemplate":"https:\/\/pro-print.ca\/?s={search_term_string}"},"query-input":{"@type":"PropertyValueSpecification","valueRequired":true,"valueName":"search_term_string"}}],"inLanguage":"fr-FR"},{"@type":"Organization","@id":"https:\/\/pro-print.ca\/#organization","name":"Pro Print","url":"https:\/\/pro-print.ca\/","logo":{"@type":"ImageObject","inLanguage":"fr-FR","@id":"https:\/\/pro-print.ca\/#\/schema\/logo\/image\/","url":"https:\/\/pro-print.ca\/wp-content\/uploads\/2025\/04\/pro_print_logotype_on_blue.png","contentUrl":"https:\/\/pro-print.ca\/wp-content\/uploads\/2025\/04\/pro_print_logotype_on_blue.png","width":4164,"height":1500,"caption":"Pro Print"},"image":{"@id":"https:\/\/pro-print.ca\/#\/schema\/logo\/image\/"},"sameAs":["https:\/\/www.facebook.com\/profile.php?id=61574781855025","https:\/\/www.linkedin.com\/company\/pro-print-managed-solutions"]}]}},"_links":{"self":[{"href":"https:\/\/pro-print.ca\/fr\/wp-json\/wp\/v2\/product\/1041","targetHints":{"allow":["GET"]}}],"collection":[{"href":"https:\/\/pro-print.ca\/fr\/wp-json\/wp\/v2\/product"}],"about":[{"href":"https:\/\/pro-print.ca\/fr\/wp-json\/wp\/v2\/types\/product"}],"replies":[{"embeddable":true,"href":"https:\/\/pro-print.ca\/fr\/wp-json\/wp\/v2\/comments?post=1041"}],"wp:featuredmedia":[{"embeddable":true,"href":"https:\/\/pro-print.ca\/fr\/wp-json\/wp\/v2\/media\/206"}],"wp:attachment":[{"href":"https:\/\/pro-print.ca\/fr\/wp-json\/wp\/v2\/media?parent=1041"}],"wp:term":[{"taxonomy":"product_brand","embeddable":true,"href":"https:\/\/pro-print.ca\/fr\/wp-json\/wp\/v2\/product_brand?post=1041"},{"taxonomy":"product_cat","embeddable":true,"href":"https:\/\/pro-print.ca\/fr\/wp-json\/wp\/v2\/product_cat?post=1041"},{"taxonomy":"product_tag","embeddable":true,"href":"https:\/\/pro-print.ca\/fr\/wp-json\/wp\/v2\/product_tag?post=1041"}],"curies":[{"name":"wp","href":"https:\/\/api.w.org\/{rel}","templated":true}]}}